{"id":3577624,"date":"2025-04-24T07:49:22","date_gmt":"2025-04-24T07:49:22","guid":{"rendered":"https:\/\/woolyorganic.com\/?post_type=product&#038;p=3577624"},"modified":"2026-05-14T17:28:57","modified_gmt":"2026-05-14T17:28:57","slug":"merino-wool-silk-hat-with-teddy-ears-noos","status":"publish","type":"product","link":"https:\/\/woolyorganic.com\/lv\/shop-product\/baby\/hats\/merino-wool-silk-hat-with-teddy-ears-noos\/","title":{"rendered":"MERINO VILNAS\/Z\u012aDA CEPURE AR L\u0100\u010cA AUSTI\u0145\u0100M - NOOS"},"content":{"rendered":"<p>Keep your little one cozy and adorable with our merino wool\/silk hat with teddy ears. Crafted from a luxurious blend of soft merino wool and smooth silk, this hat offers gentle warmth, breathability, and ultimate comfort for your baby&#8217;s delicate skin. The temperature-regulating properties of merino wool ensure that your baby stays snug and warm, while the silk adds a silky-soft touch. Designed with playful teddy bear ears, this hat brings extra charm and cuteness to your baby\u2019s wardrobe while providing essential warmth. Ideal for colder days, this hat is lightweight yet warm, making it a perfect choice for both indoor and outdoor wear. Made with love in Latvia (EU). Material: 85% merino wool, 15% silk. Please note: The color of the product may differ slightly from the one shown in the picture.<\/p>","protected":false},"excerpt":{"rendered":"<p>Keep your little one cozy and adorable with our merino wool\/silk hat with teddy ears. Crafted from a luxurious blend of soft merino wool and smooth silk, this hat offers&hellip;<\/p>","protected":false},"featured_media":3577692,"comment_status":"open","ping_status":"closed","template":"","meta":{"_acf_changed":false,"inline_featured_image":false,"iawp_total_views":383},"product_brand":[],"product_cat":[580,574,597,818,15],"product_tag":[824,96,1079,822,446],"giftcard-category":[],"class_list":{"0":"post-3577624","1":"product","2":"type-product","3":"status-publish","4":"has-post-thumbnail","6":"product_cat-baby","7":"product_cat-collections","8":"product_cat-hats","9":"product_cat-noos","10":"product_cat-shop-all","11":"product_tag-bodysuit","12":"product_tag-ecru","13":"product_tag-merino-wool-with-silk","14":"product_tag-noos","15":"product_tag-unisex","17":"first","18":"instock","19":"taxable","20":"shipping-taxable","21":"purchasable","22":"product-type-variable","23":"layout-style-6","24":"col-md-4 col-sm-4 col-xs-6","25":"col-lg-3","26":"product-has-gallery","27":"product-style-addtocart"},"bundled_by":[],"bundle_stock_status":"instock","bundle_stock_quantity":null,"bundle_virtual":false,"bundle_layout":"","bundle_add_to_cart_form_location":"","bundle_editable_in_cart":false,"bundle_sold_individually_context":"","bundle_item_grouping":"","bundle_min_size":"","bundle_max_size":"","bundle_price":[],"bundled_items":[],"bundle_sell_ids":[],"acf":[],"yoast_head":"<!-- This site is optimized with the Yoast SEO plugin v27.2 - https:\/\/yoast.com\/product\/yoast-seo-wordpress\/ -->\n<title>MERINO WOOL\/SILK HAT WITH TEDDY EARS - NOOS - Wooly Organic<\/title>\n<meta name=\"robots\" content=\"index, follow, max-snippet:-1, max-image-preview:large, max-video-preview:-1\" \/>\n<link rel=\"canonical\" href=\"https:\/\/woolyorganic.com\/lv\/shop-product\/baby\/hats\/merino-wool-silk-hat-with-teddy-ears-noos\/\" \/>\n<meta property=\"og:locale\" content=\"lv_LV\" \/>\n<meta property=\"og:type\" content=\"article\" \/>\n<meta property=\"og:title\" content=\"MERINO WOOL\/SILK HAT WITH TEDDY EARS - NOOS - Wooly Organic\" \/>\n<meta property=\"og:description\" content=\"Keep your little one cozy and adorable with our merino wool\/silk hat with teddy ears. Crafted from a luxurious blend of soft merino wool and smooth silk, this hat offers&hellip;\" \/>\n<meta property=\"og:url\" content=\"https:\/\/woolyorganic.com\/lv\/shop-product\/baby\/hats\/merino-wool-silk-hat-with-teddy-ears-noos\/\" \/>\n<meta property=\"og:site_name\" content=\"Wooly Organic\" \/>\n<meta property=\"article:publisher\" content=\"https:\/\/www.facebook.com\/woolyorganic\" \/>\n<meta property=\"article:modified_time\" content=\"2026-05-14T17:28:57+00:00\" \/>\n<meta property=\"og:image\" content=\"https:\/\/woolyorganic.com\/wp-content\/uploads\/2025\/04\/W-64-X-07.jpg\" \/>\n\t<meta property=\"og:image:width\" content=\"810\" \/>\n\t<meta property=\"og:image:height\" content=\"1080\" \/>\n\t<meta property=\"og:image:type\" content=\"image\/jpeg\" \/>\n<meta name=\"twitter:card\" content=\"summary_large_image\" \/>\n<meta name=\"twitter:label1\" content=\"Est. reading time\" \/>\n\t<meta name=\"twitter:data1\" content=\"1 min\u016bte\" \/>\n<script type=\"application\/ld+json\" class=\"yoast-schema-graph\">{\"@context\":\"https:\/\/schema.org\",\"@graph\":[{\"@type\":\"WebPage\",\"@id\":\"https:\/\/woolyorganic.com\/shop-product\/baby\/hats\/merino-wool-silk-hat-with-teddy-ears-noos\/\",\"url\":\"https:\/\/woolyorganic.com\/shop-product\/baby\/hats\/merino-wool-silk-hat-with-teddy-ears-noos\/\",\"name\":\"MERINO WOOL\/SILK HAT WITH TEDDY EARS - NOOS - Wooly Organic\",\"isPartOf\":{\"@id\":\"\/#website\"},\"primaryImageOfPage\":{\"@id\":\"https:\/\/woolyorganic.com\/shop-product\/baby\/hats\/merino-wool-silk-hat-with-teddy-ears-noos\/#primaryimage\"},\"image\":{\"@id\":\"https:\/\/woolyorganic.com\/shop-product\/baby\/hats\/merino-wool-silk-hat-with-teddy-ears-noos\/#primaryimage\"},\"thumbnailUrl\":\"https:\/\/woolyorganic.com\/wp-content\/uploads\/2025\/04\/W-64-X-07.jpg\",\"datePublished\":\"2025-04-24T07:49:22+00:00\",\"dateModified\":\"2026-05-14T17:28:57+00:00\",\"breadcrumb\":{\"@id\":\"https:\/\/woolyorganic.com\/shop-product\/baby\/hats\/merino-wool-silk-hat-with-teddy-ears-noos\/#breadcrumb\"},\"inLanguage\":\"lv-LV\",\"potentialAction\":[{\"@type\":\"ReadAction\",\"target\":[\"https:\/\/woolyorganic.com\/shop-product\/baby\/hats\/merino-wool-silk-hat-with-teddy-ears-noos\/\"]}]},{\"@type\":\"ImageObject\",\"inLanguage\":\"lv-LV\",\"@id\":\"https:\/\/woolyorganic.com\/shop-product\/baby\/hats\/merino-wool-silk-hat-with-teddy-ears-noos\/#primaryimage\",\"url\":\"https:\/\/woolyorganic.com\/wp-content\/uploads\/2025\/04\/W-64-X-07.jpg\",\"contentUrl\":\"https:\/\/woolyorganic.com\/wp-content\/uploads\/2025\/04\/W-64-X-07.jpg\",\"width\":810,\"height\":1080},{\"@type\":\"BreadcrumbList\",\"@id\":\"https:\/\/woolyorganic.com\/shop-product\/baby\/hats\/merino-wool-silk-hat-with-teddy-ears-noos\/#breadcrumb\",\"itemListElement\":[{\"@type\":\"ListItem\",\"position\":1,\"name\":\"Home\",\"item\":\"https:\/\/woolyorganic.com\/\"},{\"@type\":\"ListItem\",\"position\":2,\"name\":\"MERINO WOOL\/SILK HAT WITH TEDDY EARS &#8211; NOOS\"}]},{\"@type\":\"WebSite\",\"@id\":\"\/#website\",\"url\":\"\/\",\"name\":\"Wooly Organic\",\"description\":\"Wooly Organic\",\"publisher\":{\"@id\":\"\/#organization\"},\"potentialAction\":[{\"@type\":\"SearchAction\",\"target\":{\"@type\":\"EntryPoint\",\"urlTemplate\":\"\/?s={search_term_string}\"},\"query-input\":{\"@type\":\"PropertyValueSpecification\",\"valueRequired\":true,\"valueName\":\"search_term_string\"}}],\"inLanguage\":\"lv-LV\"},{\"@type\":\"Organization\",\"@id\":\"\/#organization\",\"name\":\"Wooly Organic\",\"url\":\"\/\",\"logo\":{\"@type\":\"ImageObject\",\"inLanguage\":\"lv-LV\",\"@id\":\"\/#\/schema\/logo\/image\/\",\"url\":\"https:\/\/woolyorganic.com\/wp-content\/uploads\/2023\/03\/KnmDNUd2.png\",\"contentUrl\":\"https:\/\/woolyorganic.com\/wp-content\/uploads\/2023\/03\/KnmDNUd2.png\",\"width\":567,\"height\":567,\"caption\":\"Wooly Organic\"},\"image\":{\"@id\":\"\/#\/schema\/logo\/image\/\"},\"sameAs\":[\"https:\/\/www.facebook.com\/woolyorganic\",\"https:\/\/www.instagram.com\/woolyorganic\/\"]}]}<\/script>\n<!-- \/ Yoast SEO plugin. -->","yoast_head_json":{"title":"MERINO WOOL\/SILK HAT WITH TEDDY EARS - NOOS - Wooly Organic","robots":{"index":"index","follow":"follow","max-snippet":"max-snippet:-1","max-image-preview":"max-image-preview:large","max-video-preview":"max-video-preview:-1"},"canonical":"https:\/\/woolyorganic.com\/lv\/shop-product\/baby\/hats\/merino-wool-silk-hat-with-teddy-ears-noos\/","og_locale":"lv_LV","og_type":"article","og_title":"MERINO WOOL\/SILK HAT WITH TEDDY EARS - NOOS - Wooly Organic","og_description":"Keep your little one cozy and adorable with our merino wool\/silk hat with teddy ears. Crafted from a luxurious blend of soft merino wool and smooth silk, this hat offers&hellip;","og_url":"https:\/\/woolyorganic.com\/lv\/shop-product\/baby\/hats\/merino-wool-silk-hat-with-teddy-ears-noos\/","og_site_name":"Wooly Organic","article_publisher":"https:\/\/www.facebook.com\/woolyorganic","article_modified_time":"2026-05-14T17:28:57+00:00","og_image":[{"width":810,"height":1080,"url":"https:\/\/woolyorganic.com\/wp-content\/uploads\/2025\/04\/W-64-X-07.jpg","type":"image\/jpeg"}],"twitter_card":"summary_large_image","twitter_misc":{"Est. reading time":"1 min\u016bte"},"schema":{"@context":"https:\/\/schema.org","@graph":[{"@type":"WebPage","@id":"https:\/\/woolyorganic.com\/shop-product\/baby\/hats\/merino-wool-silk-hat-with-teddy-ears-noos\/","url":"https:\/\/woolyorganic.com\/shop-product\/baby\/hats\/merino-wool-silk-hat-with-teddy-ears-noos\/","name":"MERINO WOOL\/SILK HAT WITH TEDDY EARS - NOOS - Wooly Organic","isPartOf":{"@id":"\/#website"},"primaryImageOfPage":{"@id":"https:\/\/woolyorganic.com\/shop-product\/baby\/hats\/merino-wool-silk-hat-with-teddy-ears-noos\/#primaryimage"},"image":{"@id":"https:\/\/woolyorganic.com\/shop-product\/baby\/hats\/merino-wool-silk-hat-with-teddy-ears-noos\/#primaryimage"},"thumbnailUrl":"https:\/\/woolyorganic.com\/wp-content\/uploads\/2025\/04\/W-64-X-07.jpg","datePublished":"2025-04-24T07:49:22+00:00","dateModified":"2026-05-14T17:28:57+00:00","breadcrumb":{"@id":"https:\/\/woolyorganic.com\/shop-product\/baby\/hats\/merino-wool-silk-hat-with-teddy-ears-noos\/#breadcrumb"},"inLanguage":"lv-LV","potentialAction":[{"@type":"ReadAction","target":["https:\/\/woolyorganic.com\/shop-product\/baby\/hats\/merino-wool-silk-hat-with-teddy-ears-noos\/"]}]},{"@type":"ImageObject","inLanguage":"lv-LV","@id":"https:\/\/woolyorganic.com\/shop-product\/baby\/hats\/merino-wool-silk-hat-with-teddy-ears-noos\/#primaryimage","url":"https:\/\/woolyorganic.com\/wp-content\/uploads\/2025\/04\/W-64-X-07.jpg","contentUrl":"https:\/\/woolyorganic.com\/wp-content\/uploads\/2025\/04\/W-64-X-07.jpg","width":810,"height":1080},{"@type":"BreadcrumbList","@id":"https:\/\/woolyorganic.com\/shop-product\/baby\/hats\/merino-wool-silk-hat-with-teddy-ears-noos\/#breadcrumb","itemListElement":[{"@type":"ListItem","position":1,"name":"Home","item":"https:\/\/woolyorganic.com\/"},{"@type":"ListItem","position":2,"name":"MERINO WOOL\/SILK HAT WITH TEDDY EARS &#8211; NOOS"}]},{"@type":"WebSite","@id":"\/#website","url":"\/","name":"Wooly Organic","description":"Wooly Organic","publisher":{"@id":"\/#organization"},"potentialAction":[{"@type":"SearchAction","target":{"@type":"EntryPoint","urlTemplate":"\/?s={search_term_string}"},"query-input":{"@type":"PropertyValueSpecification","valueRequired":true,"valueName":"search_term_string"}}],"inLanguage":"lv-LV"},{"@type":"Organization","@id":"\/#organization","name":"Wooly Organic","url":"\/","logo":{"@type":"ImageObject","inLanguage":"lv-LV","@id":"\/#\/schema\/logo\/image\/","url":"https:\/\/woolyorganic.com\/wp-content\/uploads\/2023\/03\/KnmDNUd2.png","contentUrl":"https:\/\/woolyorganic.com\/wp-content\/uploads\/2023\/03\/KnmDNUd2.png","width":567,"height":567,"caption":"Wooly Organic"},"image":{"@id":"\/#\/schema\/logo\/image\/"},"sameAs":["https:\/\/www.facebook.com\/woolyorganic","https:\/\/www.instagram.com\/woolyorganic\/"]}]}},"_links":{"self":[{"href":"https:\/\/woolyorganic.com\/lv\/wp-json\/wp\/v2\/product\/3577624","targetHints":{"allow":["GET"]}}],"collection":[{"href":"https:\/\/woolyorganic.com\/lv\/wp-json\/wp\/v2\/product"}],"about":[{"href":"https:\/\/woolyorganic.com\/lv\/wp-json\/wp\/v2\/types\/product"}],"replies":[{"embeddable":true,"href":"https:\/\/woolyorganic.com\/lv\/wp-json\/wp\/v2\/comments?post=3577624"}],"wp:featuredmedia":[{"embeddable":true,"href":"https:\/\/woolyorganic.com\/lv\/wp-json\/wp\/v2\/media\/3577692"}],"wp:attachment":[{"href":"https:\/\/woolyorganic.com\/lv\/wp-json\/wp\/v2\/media?parent=3577624"}],"wp:term":[{"taxonomy":"product_brand","embeddable":true,"href":"https:\/\/woolyorganic.com\/lv\/wp-json\/wp\/v2\/product_brand?post=3577624"},{"taxonomy":"product_cat","embeddable":true,"href":"https:\/\/woolyorganic.com\/lv\/wp-json\/wp\/v2\/product_cat?post=3577624"},{"taxonomy":"product_tag","embeddable":true,"href":"https:\/\/woolyorganic.com\/lv\/wp-json\/wp\/v2\/product_tag?post=3577624"},{"taxonomy":"giftcard-category","embeddable":true,"href":"https:\/\/woolyorganic.com\/lv\/wp-json\/wp\/v2\/giftcard-category?post=3577624"}],"curies":[{"name":"wp","href":"https:\/\/api.w.org\/{rel}","templated":true}]}}