{"id":3572105,"date":"2025-02-10T11:05:48","date_gmt":"2025-02-10T11:05:48","guid":{"rendered":"https:\/\/woolyorganic.com\/?post_type=product&#038;p=3572105"},"modified":"2025-11-06T07:16:33","modified_gmt":"2025-11-06T07:16:33","slug":"tube-scarf-2x1-rib-ss25","status":"publish","type":"product","link":"https:\/\/woolyorganic.com\/lv\/shop-product\/kids\/accessories-kids\/other-accessories-accessories-kids\/tube-scarf-2x1-rib-ss25\/","title":{"rendered":"RIEVOTI ELAST\u012aGA TUNE\u013b\u0160ALLE - SS25"},"content":{"rendered":"<p>Tune\u013c\u0161alle ir izgatavota no augst\u0101k\u0101s kvalit\u0101tes organisk\u0101s kokvilnas, t\u0101p\u0113c ir \u013coti m\u012bksta un pat\u012bkama j\u016bsu b\u0113rna maigajai \u0101dai. Vieglais un elpojo\u0161ais audums nodro\u0161ina komfortu visas dienas garum\u0101, t\u0101p\u0113c tas ir ide\u0101li piem\u0113rots jebkuros laika apst\u0101k\u013cos. Neatkar\u012bgi no t\u0101, vai ir v\u0113ss r\u012bts vai v\u0113jaina p\u0113cpusdiena, \u0161\u012b tune\u013c\u0161alle nodro\u0161ina vajadz\u012bgo siltuma un aizsardz\u012bbas l\u012bmeni. Izgatavota no 96 % organisk\u0101s kokvilnas + 4 % elast\u0101na. Mazg\u0101\u0161ana: aukst\u0101 \u016bden\u012b vai ne vair\u0101k k\u0101 30. Balin\u0101t\u0101ju, mazg\u0101\u0161anas l\u012bdzek\u013cu un \u0137\u012bmisko auduma m\u012bkstin\u0101t\u0101ju lieto\u0161ana var main\u012bt kokvilnas \u0161\u0137iedras kvalit\u0101ti un t\u012br\u012bbu. Izstr\u0101d\u0101juma kr\u0101sa var nedaudz at\u0161\u0137irties no att\u0113l\u0101 redzam\u0101s.<\/p>","protected":false},"excerpt":{"rendered":"<p>Made from premium organic cotton, this tubescarf is incredibly soft and gentle against your child\u2019s delicate skin. The lightweight and breathable fabric ensures comfort throughout the day, making it perfect&hellip;<\/p>","protected":false},"featured_media":3572106,"comment_status":"closed","ping_status":"closed","template":"","meta":{"_acf_changed":false,"inline_featured_image":false,"iawp_total_views":6},"product_brand":[],"product_cat":[614,598,580,574,572,581,617,605,15,659,877],"product_tag":[511,883,880,943],"giftcard-category":[],"class_list":{"0":"post-3572105","1":"product","2":"type-product","3":"status-publish","4":"has-post-thumbnail","6":"product_cat-accessories-kids","7":"product_cat-accessories","8":"product_cat-baby","9":"product_cat-collections","10":"product_cat-deals","11":"product_cat-kids","12":"product_cat-other-accessories-accessories-kids","13":"product_cat-other-accessories","14":"product_cat-shop-all","15":"product_cat-special-offers","16":"product_cat-ss25","17":"product_tag-double-rib","18":"product_tag-ecru-splash","19":"product_tag-ss25","20":"product_tag-tube-scarf","22":"first","23":"outofstock","24":"sale","25":"taxable","26":"shipping-taxable","27":"purchasable","28":"product-type-simple","29":"layout-style-6","30":"col-md-4 col-sm-4 col-xs-6","31":"col-lg-3","32":"product-style-addtocart"},"bundled_by":[],"bundle_stock_status":"outofstock","bundle_stock_quantity":0,"bundle_virtual":false,"bundle_layout":"","bundle_add_to_cart_form_location":"","bundle_editable_in_cart":false,"bundle_sold_individually_context":"","bundle_item_grouping":"","bundle_min_size":"","bundle_max_size":"","bundle_price":[],"bundled_items":[],"bundle_sell_ids":[],"acf":[],"yoast_head":"<!-- This site is optimized with the Yoast SEO plugin v27.2 - https:\/\/yoast.com\/product\/yoast-seo-wordpress\/ -->\n<title>TUBE SCARF 2x1 RIB - SS25 - Wooly Organic<\/title>\n<meta name=\"robots\" content=\"index, follow, max-snippet:-1, max-image-preview:large, max-video-preview:-1\" \/>\n<link rel=\"canonical\" href=\"https:\/\/woolyorganic.com\/lv\/shop-product\/kids\/accessories-kids\/other-accessories-accessories-kids\/tube-scarf-2x1-rib-ss25\/\" \/>\n<meta property=\"og:locale\" content=\"lv_LV\" \/>\n<meta property=\"og:type\" content=\"article\" \/>\n<meta property=\"og:title\" content=\"TUBE SCARF 2x1 RIB - SS25 - Wooly Organic\" \/>\n<meta property=\"og:description\" content=\"Made from premium organic cotton, this tubescarf is incredibly soft and gentle against your child\u2019s delicate skin. The lightweight and breathable fabric ensures comfort throughout the day, making it perfect&hellip;\" \/>\n<meta property=\"og:url\" content=\"https:\/\/woolyorganic.com\/lv\/shop-product\/kids\/accessories-kids\/other-accessories-accessories-kids\/tube-scarf-2x1-rib-ss25\/\" \/>\n<meta property=\"og:site_name\" content=\"Wooly Organic\" \/>\n<meta property=\"article:publisher\" content=\"https:\/\/www.facebook.com\/woolyorganic\" \/>\n<meta property=\"article:modified_time\" content=\"2025-11-06T07:16:33+00:00\" \/>\n<meta property=\"og:image\" content=\"https:\/\/woolyorganic.com\/wp-content\/uploads\/2024\/12\/DR-19-0-123-copy.jpg\" \/>\n\t<meta property=\"og:image:width\" content=\"1590\" \/>\n\t<meta property=\"og:image:height\" content=\"1686\" \/>\n\t<meta property=\"og:image:type\" content=\"image\/jpeg\" \/>\n<meta name=\"twitter:card\" content=\"summary_large_image\" \/>\n<meta name=\"twitter:label1\" content=\"Est. reading time\" \/>\n\t<meta name=\"twitter:data1\" content=\"1 min\u016bte\" \/>\n<script type=\"application\/ld+json\" class=\"yoast-schema-graph\">{\"@context\":\"https:\/\/schema.org\",\"@graph\":[{\"@type\":\"WebPage\",\"@id\":\"https:\/\/woolyorganic.com\/shop-product\/kids\/accessories-kids\/other-accessories-accessories-kids\/tube-scarf-2x1-rib-ss25\/\",\"url\":\"https:\/\/woolyorganic.com\/shop-product\/kids\/accessories-kids\/other-accessories-accessories-kids\/tube-scarf-2x1-rib-ss25\/\",\"name\":\"TUBE SCARF 2x1 RIB - SS25 - Wooly Organic\",\"isPartOf\":{\"@id\":\"\/#website\"},\"primaryImageOfPage\":{\"@id\":\"https:\/\/woolyorganic.com\/shop-product\/kids\/accessories-kids\/other-accessories-accessories-kids\/tube-scarf-2x1-rib-ss25\/#primaryimage\"},\"image\":{\"@id\":\"https:\/\/woolyorganic.com\/shop-product\/kids\/accessories-kids\/other-accessories-accessories-kids\/tube-scarf-2x1-rib-ss25\/#primaryimage\"},\"thumbnailUrl\":\"https:\/\/woolyorganic.com\/wp-content\/uploads\/2024\/12\/DR-19-0-123-copy.jpg\",\"datePublished\":\"2025-02-10T11:05:48+00:00\",\"dateModified\":\"2025-11-06T07:16:33+00:00\",\"breadcrumb\":{\"@id\":\"https:\/\/woolyorganic.com\/shop-product\/kids\/accessories-kids\/other-accessories-accessories-kids\/tube-scarf-2x1-rib-ss25\/#breadcrumb\"},\"inLanguage\":\"lv-LV\",\"potentialAction\":[{\"@type\":\"ReadAction\",\"target\":[\"https:\/\/woolyorganic.com\/shop-product\/kids\/accessories-kids\/other-accessories-accessories-kids\/tube-scarf-2x1-rib-ss25\/\"]}]},{\"@type\":\"ImageObject\",\"inLanguage\":\"lv-LV\",\"@id\":\"https:\/\/woolyorganic.com\/shop-product\/kids\/accessories-kids\/other-accessories-accessories-kids\/tube-scarf-2x1-rib-ss25\/#primaryimage\",\"url\":\"https:\/\/woolyorganic.com\/wp-content\/uploads\/2024\/12\/DR-19-0-123-copy.jpg\",\"contentUrl\":\"https:\/\/woolyorganic.com\/wp-content\/uploads\/2024\/12\/DR-19-0-123-copy.jpg\",\"width\":1590,\"height\":1686},{\"@type\":\"BreadcrumbList\",\"@id\":\"https:\/\/woolyorganic.com\/shop-product\/kids\/accessories-kids\/other-accessories-accessories-kids\/tube-scarf-2x1-rib-ss25\/#breadcrumb\",\"itemListElement\":[{\"@type\":\"ListItem\",\"position\":1,\"name\":\"Home\",\"item\":\"https:\/\/woolyorganic.com\/\"},{\"@type\":\"ListItem\",\"position\":2,\"name\":\"TUBE SCARF 2&#215;1 RIB &#8211; SS25\"}]},{\"@type\":\"WebSite\",\"@id\":\"\/#website\",\"url\":\"\/\",\"name\":\"Wooly Organic\",\"description\":\"Wooly Organic\",\"publisher\":{\"@id\":\"\/#organization\"},\"potentialAction\":[{\"@type\":\"SearchAction\",\"target\":{\"@type\":\"EntryPoint\",\"urlTemplate\":\"\/?s={search_term_string}\"},\"query-input\":{\"@type\":\"PropertyValueSpecification\",\"valueRequired\":true,\"valueName\":\"search_term_string\"}}],\"inLanguage\":\"lv-LV\"},{\"@type\":\"Organization\",\"@id\":\"\/#organization\",\"name\":\"Wooly Organic\",\"url\":\"\/\",\"logo\":{\"@type\":\"ImageObject\",\"inLanguage\":\"lv-LV\",\"@id\":\"\/#\/schema\/logo\/image\/\",\"url\":\"https:\/\/woolyorganic.com\/wp-content\/uploads\/2023\/03\/KnmDNUd2.png\",\"contentUrl\":\"https:\/\/woolyorganic.com\/wp-content\/uploads\/2023\/03\/KnmDNUd2.png\",\"width\":567,\"height\":567,\"caption\":\"Wooly Organic\"},\"image\":{\"@id\":\"\/#\/schema\/logo\/image\/\"},\"sameAs\":[\"https:\/\/www.facebook.com\/woolyorganic\",\"https:\/\/www.instagram.com\/woolyorganic\/\"]}]}<\/script>\n<!-- \/ Yoast SEO plugin. -->","yoast_head_json":{"title":"TUBE SCARF 2x1 RIB - SS25 - Wooly Organic","robots":{"index":"index","follow":"follow","max-snippet":"max-snippet:-1","max-image-preview":"max-image-preview:large","max-video-preview":"max-video-preview:-1"},"canonical":"https:\/\/woolyorganic.com\/lv\/shop-product\/kids\/accessories-kids\/other-accessories-accessories-kids\/tube-scarf-2x1-rib-ss25\/","og_locale":"lv_LV","og_type":"article","og_title":"TUBE SCARF 2x1 RIB - SS25 - Wooly Organic","og_description":"Made from premium organic cotton, this tubescarf is incredibly soft and gentle against your child\u2019s delicate skin. The lightweight and breathable fabric ensures comfort throughout the day, making it perfect&hellip;","og_url":"https:\/\/woolyorganic.com\/lv\/shop-product\/kids\/accessories-kids\/other-accessories-accessories-kids\/tube-scarf-2x1-rib-ss25\/","og_site_name":"Wooly Organic","article_publisher":"https:\/\/www.facebook.com\/woolyorganic","article_modified_time":"2025-11-06T07:16:33+00:00","og_image":[{"width":1590,"height":1686,"url":"https:\/\/woolyorganic.com\/wp-content\/uploads\/2024\/12\/DR-19-0-123-copy.jpg","type":"image\/jpeg"}],"twitter_card":"summary_large_image","twitter_misc":{"Est. reading time":"1 min\u016bte"},"schema":{"@context":"https:\/\/schema.org","@graph":[{"@type":"WebPage","@id":"https:\/\/woolyorganic.com\/shop-product\/kids\/accessories-kids\/other-accessories-accessories-kids\/tube-scarf-2x1-rib-ss25\/","url":"https:\/\/woolyorganic.com\/shop-product\/kids\/accessories-kids\/other-accessories-accessories-kids\/tube-scarf-2x1-rib-ss25\/","name":"TUBE SCARF 2x1 RIB - SS25 - Wooly Organic","isPartOf":{"@id":"\/#website"},"primaryImageOfPage":{"@id":"https:\/\/woolyorganic.com\/shop-product\/kids\/accessories-kids\/other-accessories-accessories-kids\/tube-scarf-2x1-rib-ss25\/#primaryimage"},"image":{"@id":"https:\/\/woolyorganic.com\/shop-product\/kids\/accessories-kids\/other-accessories-accessories-kids\/tube-scarf-2x1-rib-ss25\/#primaryimage"},"thumbnailUrl":"https:\/\/woolyorganic.com\/wp-content\/uploads\/2024\/12\/DR-19-0-123-copy.jpg","datePublished":"2025-02-10T11:05:48+00:00","dateModified":"2025-11-06T07:16:33+00:00","breadcrumb":{"@id":"https:\/\/woolyorganic.com\/shop-product\/kids\/accessories-kids\/other-accessories-accessories-kids\/tube-scarf-2x1-rib-ss25\/#breadcrumb"},"inLanguage":"lv-LV","potentialAction":[{"@type":"ReadAction","target":["https:\/\/woolyorganic.com\/shop-product\/kids\/accessories-kids\/other-accessories-accessories-kids\/tube-scarf-2x1-rib-ss25\/"]}]},{"@type":"ImageObject","inLanguage":"lv-LV","@id":"https:\/\/woolyorganic.com\/shop-product\/kids\/accessories-kids\/other-accessories-accessories-kids\/tube-scarf-2x1-rib-ss25\/#primaryimage","url":"https:\/\/woolyorganic.com\/wp-content\/uploads\/2024\/12\/DR-19-0-123-copy.jpg","contentUrl":"https:\/\/woolyorganic.com\/wp-content\/uploads\/2024\/12\/DR-19-0-123-copy.jpg","width":1590,"height":1686},{"@type":"BreadcrumbList","@id":"https:\/\/woolyorganic.com\/shop-product\/kids\/accessories-kids\/other-accessories-accessories-kids\/tube-scarf-2x1-rib-ss25\/#breadcrumb","itemListElement":[{"@type":"ListItem","position":1,"name":"Home","item":"https:\/\/woolyorganic.com\/"},{"@type":"ListItem","position":2,"name":"TUBE SCARF 2&#215;1 RIB &#8211; SS25"}]},{"@type":"WebSite","@id":"\/#website","url":"\/","name":"Wooly Organic","description":"Wooly Organic","publisher":{"@id":"\/#organization"},"potentialAction":[{"@type":"SearchAction","target":{"@type":"EntryPoint","urlTemplate":"\/?s={search_term_string}"},"query-input":{"@type":"PropertyValueSpecification","valueRequired":true,"valueName":"search_term_string"}}],"inLanguage":"lv-LV"},{"@type":"Organization","@id":"\/#organization","name":"Wooly Organic","url":"\/","logo":{"@type":"ImageObject","inLanguage":"lv-LV","@id":"\/#\/schema\/logo\/image\/","url":"https:\/\/woolyorganic.com\/wp-content\/uploads\/2023\/03\/KnmDNUd2.png","contentUrl":"https:\/\/woolyorganic.com\/wp-content\/uploads\/2023\/03\/KnmDNUd2.png","width":567,"height":567,"caption":"Wooly Organic"},"image":{"@id":"\/#\/schema\/logo\/image\/"},"sameAs":["https:\/\/www.facebook.com\/woolyorganic","https:\/\/www.instagram.com\/woolyorganic\/"]}]}},"_links":{"self":[{"href":"https:\/\/woolyorganic.com\/lv\/wp-json\/wp\/v2\/product\/3572105","targetHints":{"allow":["GET"]}}],"collection":[{"href":"https:\/\/woolyorganic.com\/lv\/wp-json\/wp\/v2\/product"}],"about":[{"href":"https:\/\/woolyorganic.com\/lv\/wp-json\/wp\/v2\/types\/product"}],"replies":[{"embeddable":true,"href":"https:\/\/woolyorganic.com\/lv\/wp-json\/wp\/v2\/comments?post=3572105"}],"wp:featuredmedia":[{"embeddable":true,"href":"https:\/\/woolyorganic.com\/lv\/wp-json\/wp\/v2\/media\/3572106"}],"wp:attachment":[{"href":"https:\/\/woolyorganic.com\/lv\/wp-json\/wp\/v2\/media?parent=3572105"}],"wp:term":[{"taxonomy":"product_brand","embeddable":true,"href":"https:\/\/woolyorganic.com\/lv\/wp-json\/wp\/v2\/product_brand?post=3572105"},{"taxonomy":"product_cat","embeddable":true,"href":"https:\/\/woolyorganic.com\/lv\/wp-json\/wp\/v2\/product_cat?post=3572105"},{"taxonomy":"product_tag","embeddable":true,"href":"https:\/\/woolyorganic.com\/lv\/wp-json\/wp\/v2\/product_tag?post=3572105"},{"taxonomy":"giftcard-category","embeddable":true,"href":"https:\/\/woolyorganic.com\/lv\/wp-json\/wp\/v2\/giftcard-category?post=3572105"}],"curies":[{"name":"wp","href":"https:\/\/api.w.org\/{rel}","templated":true}]}}