{"id":3560882,"date":"2024-05-21T12:35:19","date_gmt":"2024-05-21T12:35:19","guid":{"rendered":"https:\/\/woolyorganic.com\/shop-product\/uncategorized\/music-box-bunny-ss25\/"},"modified":"2025-11-06T07:18:18","modified_gmt":"2025-11-06T07:18:18","slug":"music-box-bunny-ss25","status":"publish","type":"product","link":"https:\/\/woolyorganic.com\/lv\/shop-product\/toys\/soft-toys\/music-box-bunny-ss25\/","title":{"rendered":"M\u016aZIKAS KAST\u012aTE - ZA\u0136IS - SS25"},"content":{"rendered":"<p>M\u016bsu m\u016bzikas rota\u013clieta \u201cLALeLu\u201d nomierino\u0161\u0101s melodijas pavad\u012bb\u0101 maigi iemidzina mazu\u013cus sald\u0101 miega apsk\u0101vien\u0101. \u0160ie muzik\u0101lie pavado\u0146i, iet\u012bti m\u012bkst\u0101 kokvilnas frot\u0113 un d\u0101sni pild\u012bti ar p\u0101rstr\u0101d\u0101ta poliestera bumbi\u0146\u0101m, ir ne tikai neticami m\u012bksti, bet ar\u012b neatvair\u0101mi m\u012b\u013ci. Izm\u0113rs - 20 x 16 x 15 cm. Audums - 90 % organisk\u0101s kokvilnas, 10 % poliestera (Oeko Tex Standart 100 1. klase z\u012bdai\u0146iem). Pild\u012bjums - p\u0101rstr\u0101d\u0101ta poliestera bumbi\u0146as (Oeko Tex Standart 100 1. klase z\u012bdai\u0146iem).<\/p>","protected":false},"excerpt":{"rendered":"<p>Guided by the soothing melody of &#8216;LALeLu,&#8217; our music toy gently lull babies into the sweet embrace of slumber. Wrapped in soft cotton terry and generously filled with recycled polyester&hellip;<\/p>","protected":false},"featured_media":3561083,"comment_status":"open","ping_status":"closed","template":"","meta":{"_acf_changed":false,"inline_featured_image":false,"iawp_total_views":7},"product_brand":[],"product_cat":[574,572,15,586,659,877,579],"product_tag":[973,972,880],"giftcard-category":[],"class_list":{"0":"post-3560882","1":"product","2":"type-product","3":"status-publish","4":"has-post-thumbnail","6":"product_cat-collections","7":"product_cat-deals","8":"product_cat-shop-all","9":"product_cat-soft-toys","10":"product_cat-special-offers","11":"product_cat-ss25","12":"product_cat-toys","13":"product_tag-biscuit","14":"product_tag-bunny","15":"product_tag-ss25","17":"first","18":"outofstock","19":"sale","20":"taxable","21":"shipping-taxable","22":"purchasable","23":"product-type-simple","24":"layout-style-6","25":"col-md-4 col-sm-4 col-xs-6","26":"col-lg-3","27":"product-style-addtocart"},"bundled_by":[],"bundle_stock_status":"outofstock","bundle_stock_quantity":0,"bundle_virtual":false,"bundle_layout":"","bundle_add_to_cart_form_location":"","bundle_editable_in_cart":false,"bundle_sold_individually_context":"","bundle_item_grouping":"","bundle_min_size":"","bundle_max_size":"","bundle_price":[],"bundled_items":[],"bundle_sell_ids":[],"acf":[],"yoast_head":"<!-- This site is optimized with the Yoast SEO plugin v27.2 - https:\/\/yoast.com\/product\/yoast-seo-wordpress\/ -->\n<title>MUSIC BOX - BUNNY - SS25 - Wooly Organic<\/title>\n<meta name=\"robots\" content=\"index, follow, max-snippet:-1, max-image-preview:large, max-video-preview:-1\" \/>\n<link rel=\"canonical\" href=\"https:\/\/woolyorganic.com\/lv\/shop-product\/toys\/soft-toys\/music-box-bunny-ss25\/\" \/>\n<meta property=\"og:locale\" content=\"lv_LV\" \/>\n<meta property=\"og:type\" content=\"article\" \/>\n<meta property=\"og:title\" content=\"MUSIC BOX - BUNNY - SS25 - Wooly Organic\" \/>\n<meta property=\"og:description\" content=\"Guided by the soothing melody of &#8216;LALeLu,&#8217; our music toy gently lull babies into the sweet embrace of slumber. Wrapped in soft cotton terry and generously filled with recycled polyester&hellip;\" \/>\n<meta property=\"og:url\" content=\"https:\/\/woolyorganic.com\/lv\/shop-product\/toys\/soft-toys\/music-box-bunny-ss25\/\" \/>\n<meta property=\"og:site_name\" content=\"Wooly Organic\" \/>\n<meta property=\"article:publisher\" content=\"https:\/\/www.facebook.com\/woolyorganic\" \/>\n<meta property=\"article:modified_time\" content=\"2025-11-06T07:18:18+00:00\" \/>\n<meta property=\"og:image\" content=\"https:\/\/woolyorganic.com\/wp-content\/uploads\/2024\/05\/T-906-B-138-scaled.jpg\" \/>\n\t<meta property=\"og:image:width\" content=\"2560\" \/>\n\t<meta property=\"og:image:height\" content=\"2560\" \/>\n\t<meta property=\"og:image:type\" content=\"image\/jpeg\" \/>\n<meta name=\"twitter:card\" content=\"summary_large_image\" \/>\n<meta name=\"twitter:label1\" content=\"Est. reading time\" \/>\n\t<meta name=\"twitter:data1\" content=\"1 min\u016bte\" \/>\n<script type=\"application\/ld+json\" class=\"yoast-schema-graph\">{\"@context\":\"https:\/\/schema.org\",\"@graph\":[{\"@type\":\"WebPage\",\"@id\":\"https:\/\/woolyorganic.com\/shop-product\/toys\/soft-toys\/music-box-bunny-ss25\/\",\"url\":\"https:\/\/woolyorganic.com\/shop-product\/toys\/soft-toys\/music-box-bunny-ss25\/\",\"name\":\"MUSIC BOX - BUNNY - SS25 - Wooly Organic\",\"isPartOf\":{\"@id\":\"\/#website\"},\"primaryImageOfPage\":{\"@id\":\"https:\/\/woolyorganic.com\/shop-product\/toys\/soft-toys\/music-box-bunny-ss25\/#primaryimage\"},\"image\":{\"@id\":\"https:\/\/woolyorganic.com\/shop-product\/toys\/soft-toys\/music-box-bunny-ss25\/#primaryimage\"},\"thumbnailUrl\":\"https:\/\/woolyorganic.com\/wp-content\/uploads\/2024\/05\/T-906-B-138-scaled.jpg\",\"datePublished\":\"2024-05-21T12:35:19+00:00\",\"dateModified\":\"2025-11-06T07:18:18+00:00\",\"breadcrumb\":{\"@id\":\"https:\/\/woolyorganic.com\/shop-product\/toys\/soft-toys\/music-box-bunny-ss25\/#breadcrumb\"},\"inLanguage\":\"lv-LV\",\"potentialAction\":[{\"@type\":\"ReadAction\",\"target\":[\"https:\/\/woolyorganic.com\/shop-product\/toys\/soft-toys\/music-box-bunny-ss25\/\"]}]},{\"@type\":\"ImageObject\",\"inLanguage\":\"lv-LV\",\"@id\":\"https:\/\/woolyorganic.com\/shop-product\/toys\/soft-toys\/music-box-bunny-ss25\/#primaryimage\",\"url\":\"https:\/\/woolyorganic.com\/wp-content\/uploads\/2024\/05\/T-906-B-138-scaled.jpg\",\"contentUrl\":\"https:\/\/woolyorganic.com\/wp-content\/uploads\/2024\/05\/T-906-B-138-scaled.jpg\",\"width\":2560,\"height\":2560},{\"@type\":\"BreadcrumbList\",\"@id\":\"https:\/\/woolyorganic.com\/shop-product\/toys\/soft-toys\/music-box-bunny-ss25\/#breadcrumb\",\"itemListElement\":[{\"@type\":\"ListItem\",\"position\":1,\"name\":\"Home\",\"item\":\"https:\/\/woolyorganic.com\/\"},{\"@type\":\"ListItem\",\"position\":2,\"name\":\"MUSIC BOX &#8211; BUNNY &#8211; SS25\"}]},{\"@type\":\"WebSite\",\"@id\":\"\/#website\",\"url\":\"\/\",\"name\":\"Wooly Organic\",\"description\":\"Wooly Organic\",\"publisher\":{\"@id\":\"\/#organization\"},\"potentialAction\":[{\"@type\":\"SearchAction\",\"target\":{\"@type\":\"EntryPoint\",\"urlTemplate\":\"\/?s={search_term_string}\"},\"query-input\":{\"@type\":\"PropertyValueSpecification\",\"valueRequired\":true,\"valueName\":\"search_term_string\"}}],\"inLanguage\":\"lv-LV\"},{\"@type\":\"Organization\",\"@id\":\"\/#organization\",\"name\":\"Wooly Organic\",\"url\":\"\/\",\"logo\":{\"@type\":\"ImageObject\",\"inLanguage\":\"lv-LV\",\"@id\":\"\/#\/schema\/logo\/image\/\",\"url\":\"https:\/\/woolyorganic.com\/wp-content\/uploads\/2023\/03\/KnmDNUd2.png\",\"contentUrl\":\"https:\/\/woolyorganic.com\/wp-content\/uploads\/2023\/03\/KnmDNUd2.png\",\"width\":567,\"height\":567,\"caption\":\"Wooly Organic\"},\"image\":{\"@id\":\"\/#\/schema\/logo\/image\/\"},\"sameAs\":[\"https:\/\/www.facebook.com\/woolyorganic\",\"https:\/\/www.instagram.com\/woolyorganic\/\"]}]}<\/script>\n<!-- \/ Yoast SEO plugin. -->","yoast_head_json":{"title":"MUSIC BOX - BUNNY - SS25 - Wooly Organic","robots":{"index":"index","follow":"follow","max-snippet":"max-snippet:-1","max-image-preview":"max-image-preview:large","max-video-preview":"max-video-preview:-1"},"canonical":"https:\/\/woolyorganic.com\/lv\/shop-product\/toys\/soft-toys\/music-box-bunny-ss25\/","og_locale":"lv_LV","og_type":"article","og_title":"MUSIC BOX - BUNNY - SS25 - Wooly Organic","og_description":"Guided by the soothing melody of &#8216;LALeLu,&#8217; our music toy gently lull babies into the sweet embrace of slumber. Wrapped in soft cotton terry and generously filled with recycled polyester&hellip;","og_url":"https:\/\/woolyorganic.com\/lv\/shop-product\/toys\/soft-toys\/music-box-bunny-ss25\/","og_site_name":"Wooly Organic","article_publisher":"https:\/\/www.facebook.com\/woolyorganic","article_modified_time":"2025-11-06T07:18:18+00:00","og_image":[{"width":2560,"height":2560,"url":"https:\/\/woolyorganic.com\/wp-content\/uploads\/2024\/05\/T-906-B-138-scaled.jpg","type":"image\/jpeg"}],"twitter_card":"summary_large_image","twitter_misc":{"Est. reading time":"1 min\u016bte"},"schema":{"@context":"https:\/\/schema.org","@graph":[{"@type":"WebPage","@id":"https:\/\/woolyorganic.com\/shop-product\/toys\/soft-toys\/music-box-bunny-ss25\/","url":"https:\/\/woolyorganic.com\/shop-product\/toys\/soft-toys\/music-box-bunny-ss25\/","name":"MUSIC BOX - BUNNY - SS25 - Wooly Organic","isPartOf":{"@id":"\/#website"},"primaryImageOfPage":{"@id":"https:\/\/woolyorganic.com\/shop-product\/toys\/soft-toys\/music-box-bunny-ss25\/#primaryimage"},"image":{"@id":"https:\/\/woolyorganic.com\/shop-product\/toys\/soft-toys\/music-box-bunny-ss25\/#primaryimage"},"thumbnailUrl":"https:\/\/woolyorganic.com\/wp-content\/uploads\/2024\/05\/T-906-B-138-scaled.jpg","datePublished":"2024-05-21T12:35:19+00:00","dateModified":"2025-11-06T07:18:18+00:00","breadcrumb":{"@id":"https:\/\/woolyorganic.com\/shop-product\/toys\/soft-toys\/music-box-bunny-ss25\/#breadcrumb"},"inLanguage":"lv-LV","potentialAction":[{"@type":"ReadAction","target":["https:\/\/woolyorganic.com\/shop-product\/toys\/soft-toys\/music-box-bunny-ss25\/"]}]},{"@type":"ImageObject","inLanguage":"lv-LV","@id":"https:\/\/woolyorganic.com\/shop-product\/toys\/soft-toys\/music-box-bunny-ss25\/#primaryimage","url":"https:\/\/woolyorganic.com\/wp-content\/uploads\/2024\/05\/T-906-B-138-scaled.jpg","contentUrl":"https:\/\/woolyorganic.com\/wp-content\/uploads\/2024\/05\/T-906-B-138-scaled.jpg","width":2560,"height":2560},{"@type":"BreadcrumbList","@id":"https:\/\/woolyorganic.com\/shop-product\/toys\/soft-toys\/music-box-bunny-ss25\/#breadcrumb","itemListElement":[{"@type":"ListItem","position":1,"name":"Home","item":"https:\/\/woolyorganic.com\/"},{"@type":"ListItem","position":2,"name":"MUSIC BOX &#8211; BUNNY &#8211; SS25"}]},{"@type":"WebSite","@id":"\/#website","url":"\/","name":"Wooly Organic","description":"Wooly Organic","publisher":{"@id":"\/#organization"},"potentialAction":[{"@type":"SearchAction","target":{"@type":"EntryPoint","urlTemplate":"\/?s={search_term_string}"},"query-input":{"@type":"PropertyValueSpecification","valueRequired":true,"valueName":"search_term_string"}}],"inLanguage":"lv-LV"},{"@type":"Organization","@id":"\/#organization","name":"Wooly Organic","url":"\/","logo":{"@type":"ImageObject","inLanguage":"lv-LV","@id":"\/#\/schema\/logo\/image\/","url":"https:\/\/woolyorganic.com\/wp-content\/uploads\/2023\/03\/KnmDNUd2.png","contentUrl":"https:\/\/woolyorganic.com\/wp-content\/uploads\/2023\/03\/KnmDNUd2.png","width":567,"height":567,"caption":"Wooly Organic"},"image":{"@id":"\/#\/schema\/logo\/image\/"},"sameAs":["https:\/\/www.facebook.com\/woolyorganic","https:\/\/www.instagram.com\/woolyorganic\/"]}]}},"_links":{"self":[{"href":"https:\/\/woolyorganic.com\/lv\/wp-json\/wp\/v2\/product\/3560882","targetHints":{"allow":["GET"]}}],"collection":[{"href":"https:\/\/woolyorganic.com\/lv\/wp-json\/wp\/v2\/product"}],"about":[{"href":"https:\/\/woolyorganic.com\/lv\/wp-json\/wp\/v2\/types\/product"}],"replies":[{"embeddable":true,"href":"https:\/\/woolyorganic.com\/lv\/wp-json\/wp\/v2\/comments?post=3560882"}],"wp:featuredmedia":[{"embeddable":true,"href":"https:\/\/woolyorganic.com\/lv\/wp-json\/wp\/v2\/media\/3561083"}],"wp:attachment":[{"href":"https:\/\/woolyorganic.com\/lv\/wp-json\/wp\/v2\/media?parent=3560882"}],"wp:term":[{"taxonomy":"product_brand","embeddable":true,"href":"https:\/\/woolyorganic.com\/lv\/wp-json\/wp\/v2\/product_brand?post=3560882"},{"taxonomy":"product_cat","embeddable":true,"href":"https:\/\/woolyorganic.com\/lv\/wp-json\/wp\/v2\/product_cat?post=3560882"},{"taxonomy":"product_tag","embeddable":true,"href":"https:\/\/woolyorganic.com\/lv\/wp-json\/wp\/v2\/product_tag?post=3560882"},{"taxonomy":"giftcard-category","embeddable":true,"href":"https:\/\/woolyorganic.com\/lv\/wp-json\/wp\/v2\/giftcard-category?post=3560882"}],"curies":[{"name":"wp","href":"https:\/\/api.w.org\/{rel}","templated":true}]}}