{"id":3560620,"date":"2024-05-21T12:33:34","date_gmt":"2024-05-21T12:33:34","guid":{"rendered":"https:\/\/woolyorganic.com\/?post_type=product&#038;p=3560620"},"modified":"2026-03-12T15:38:54","modified_gmt":"2026-03-12T15:38:54","slug":"beanie-with-teddy-ears-2x1-rib-gots-ss25","status":"publish","type":"product","link":"https:\/\/woolyorganic.com\/lv\/shop-product\/kids\/accessories-kids\/hats-accessories-kids\/beanie-with-teddy-ears-2x1-rib-gots-ss25\/","title":{"rendered":"RIEVOTI ELAST\u012aGA CEPURE AR L\u0100\u010cA AUSTI\u0145\u0100M - GOTS - SS25"},"content":{"rendered":"<p>Iet\u0113rpiet savu b\u0113rnu siltum\u0101 un m\u012b\u013cum\u0101 ar m\u016bsu jauko cepuri! Ide\u0101li piem\u0113rota v\u0113s\u0101k\u0101m dien\u0101m, \u0161\u012b m\u012bl\u012bg\u0101 cepur\u012bte ar rota\u013c\u012bg\u0101m l\u0101\u010da austi\u0146\u0101m, kas \u013caus j\u016bsu b\u0113rnam izskat\u012bties k\u0101 vism\u012bl\u012bg\u0101kajam b\u0113rnam pils\u0113t\u0101. Izgatavota no \u012bpa\u0161i m\u012bkstas, organiskas kokvilnas, t\u0101 nodro\u0161ina maigu komfortu ar\u012b visjut\u012bg\u0101kajai \u0101dai. \u0160\u012b cepure nav tikai galvassega \u2013 t\u0101 ir prieka pilns aksesu\u0101rs, ko b\u0113rni ar prieku n\u0113s\u0101s! Sast\u0101vs: 96% GOTS sertific\u0113ta organisk\u0101 kokvilna, 4% elast\u0101ns. Mazg\u0101\u0161ana: Aukst\u0101 \u016bden\u012b vai ne augst\u0101k par 30\u00b0C. Balin\u0101t\u0101ju, sp\u0113c\u012bgu mazg\u0101\u0161anas l\u012bdzek\u013cu un \u0137\u012bmisko m\u012bkstin\u0101t\u0101ju lieto\u0161ana var ietekm\u0113t kokvilnas \u0161\u0137iedras kvalit\u0101ti un t\u012br\u012bbu. Produkta kr\u0101sa var nedaudz at\u0161\u0137irties no att\u0113l\u0101 redzam\u0101s.<\/p>","protected":false},"excerpt":{"rendered":"<p>Wrap your little one in warmth and cuteness with our cozy beanie! Perfect for those chilly days, this adorable beanie comes with playful teddy ears that will make your child&hellip;<\/p>","protected":false},"featured_media":3561055,"comment_status":"open","ping_status":"closed","template":"","meta":{"_acf_changed":false,"inline_featured_image":false,"iawp_total_views":1023},"product_brand":[],"product_cat":[614,580,574,572,597,616,581,15,659,877],"product_tag":[946,883,895,894,451,880],"giftcard-category":[],"class_list":{"0":"post-3560620","1":"product","2":"type-product","3":"status-publish","4":"has-post-thumbnail","6":"product_cat-accessories-kids","7":"product_cat-baby","8":"product_cat-collections","9":"product_cat-deals","10":"product_cat-hats","11":"product_cat-hats-accessories-kids","12":"product_cat-kids","13":"product_cat-shop-all","14":"product_cat-special-offers","15":"product_cat-ss25","16":"product_tag-beanie-with-teddy-ears","17":"product_tag-ecru-splash","18":"product_tag-fungi","19":"product_tag-powder-blue","20":"product_tag-rib","21":"product_tag-ss25","23":"first","24":"outofstock","25":"taxable","26":"shipping-taxable","27":"product-type-variable","28":"layout-style-6","29":"col-md-4 col-sm-4 col-xs-6","30":"col-lg-3","31":"product-has-gallery","32":"product-style-addtocart"},"bundled_by":[],"bundle_stock_status":"outofstock","bundle_stock_quantity":null,"bundle_virtual":false,"bundle_layout":"","bundle_add_to_cart_form_location":"","bundle_editable_in_cart":false,"bundle_sold_individually_context":"","bundle_item_grouping":"","bundle_min_size":"","bundle_max_size":"","bundle_price":[],"bundled_items":[],"bundle_sell_ids":[],"acf":[],"yoast_head":"<!-- This site is optimized with the Yoast SEO plugin v27.2 - https:\/\/yoast.com\/product\/yoast-seo-wordpress\/ -->\n<title>BEANIE WITH TEDDY EARS 2x1 RIB - GOTS - SS25 - Wooly Organic<\/title>\n<meta name=\"robots\" content=\"index, follow, max-snippet:-1, max-image-preview:large, max-video-preview:-1\" \/>\n<link rel=\"canonical\" href=\"https:\/\/woolyorganic.com\/lv\/shop-product\/kids\/accessories-kids\/hats-accessories-kids\/beanie-with-teddy-ears-2x1-rib-gots-ss25\/\" \/>\n<meta property=\"og:locale\" content=\"lv_LV\" \/>\n<meta property=\"og:type\" content=\"article\" \/>\n<meta property=\"og:title\" content=\"BEANIE WITH TEDDY EARS 2x1 RIB - GOTS - SS25 - Wooly Organic\" \/>\n<meta property=\"og:description\" content=\"Wrap your little one in warmth and cuteness with our cozy beanie! Perfect for those chilly days, this adorable beanie comes with playful teddy ears that will make your child&hellip;\" \/>\n<meta property=\"og:url\" content=\"https:\/\/woolyorganic.com\/lv\/shop-product\/kids\/accessories-kids\/hats-accessories-kids\/beanie-with-teddy-ears-2x1-rib-gots-ss25\/\" \/>\n<meta property=\"og:site_name\" content=\"Wooly Organic\" \/>\n<meta property=\"article:publisher\" content=\"https:\/\/www.facebook.com\/woolyorganic\" \/>\n<meta property=\"article:modified_time\" content=\"2026-03-12T15:38:54+00:00\" \/>\n<meta property=\"og:image\" content=\"https:\/\/woolyorganic.com\/wp-content\/uploads\/2024\/05\/DR-91-x-128-scaled.jpg\" \/>\n\t<meta property=\"og:image:width\" content=\"2560\" \/>\n\t<meta property=\"og:image:height\" content=\"2560\" \/>\n\t<meta property=\"og:image:type\" content=\"image\/jpeg\" \/>\n<meta name=\"twitter:card\" content=\"summary_large_image\" \/>\n<meta name=\"twitter:label1\" content=\"Est. reading time\" \/>\n\t<meta name=\"twitter:data1\" content=\"1 min\u016bte\" \/>\n<script type=\"application\/ld+json\" class=\"yoast-schema-graph\">{\"@context\":\"https:\/\/schema.org\",\"@graph\":[{\"@type\":\"WebPage\",\"@id\":\"https:\/\/woolyorganic.com\/shop-product\/kids\/accessories-kids\/hats-accessories-kids\/beanie-with-teddy-ears-2x1-rib-gots-ss25\/\",\"url\":\"https:\/\/woolyorganic.com\/shop-product\/kids\/accessories-kids\/hats-accessories-kids\/beanie-with-teddy-ears-2x1-rib-gots-ss25\/\",\"name\":\"BEANIE WITH TEDDY EARS 2x1 RIB - GOTS - SS25 - Wooly Organic\",\"isPartOf\":{\"@id\":\"\/#website\"},\"primaryImageOfPage\":{\"@id\":\"https:\/\/woolyorganic.com\/shop-product\/kids\/accessories-kids\/hats-accessories-kids\/beanie-with-teddy-ears-2x1-rib-gots-ss25\/#primaryimage\"},\"image\":{\"@id\":\"https:\/\/woolyorganic.com\/shop-product\/kids\/accessories-kids\/hats-accessories-kids\/beanie-with-teddy-ears-2x1-rib-gots-ss25\/#primaryimage\"},\"thumbnailUrl\":\"https:\/\/woolyorganic.com\/wp-content\/uploads\/2024\/05\/DR-91-x-128-scaled.jpg\",\"datePublished\":\"2024-05-21T12:33:34+00:00\",\"dateModified\":\"2026-03-12T15:38:54+00:00\",\"breadcrumb\":{\"@id\":\"https:\/\/woolyorganic.com\/shop-product\/kids\/accessories-kids\/hats-accessories-kids\/beanie-with-teddy-ears-2x1-rib-gots-ss25\/#breadcrumb\"},\"inLanguage\":\"lv-LV\",\"potentialAction\":[{\"@type\":\"ReadAction\",\"target\":[\"https:\/\/woolyorganic.com\/shop-product\/kids\/accessories-kids\/hats-accessories-kids\/beanie-with-teddy-ears-2x1-rib-gots-ss25\/\"]}]},{\"@type\":\"ImageObject\",\"inLanguage\":\"lv-LV\",\"@id\":\"https:\/\/woolyorganic.com\/shop-product\/kids\/accessories-kids\/hats-accessories-kids\/beanie-with-teddy-ears-2x1-rib-gots-ss25\/#primaryimage\",\"url\":\"https:\/\/woolyorganic.com\/wp-content\/uploads\/2024\/05\/DR-91-x-128-scaled.jpg\",\"contentUrl\":\"https:\/\/woolyorganic.com\/wp-content\/uploads\/2024\/05\/DR-91-x-128-scaled.jpg\",\"width\":2560,\"height\":2560},{\"@type\":\"BreadcrumbList\",\"@id\":\"https:\/\/woolyorganic.com\/shop-product\/kids\/accessories-kids\/hats-accessories-kids\/beanie-with-teddy-ears-2x1-rib-gots-ss25\/#breadcrumb\",\"itemListElement\":[{\"@type\":\"ListItem\",\"position\":1,\"name\":\"Home\",\"item\":\"https:\/\/woolyorganic.com\/\"},{\"@type\":\"ListItem\",\"position\":2,\"name\":\"BEANIE WITH TEDDY EARS 2&#215;1 RIB &#8211; GOTS &#8211; SS25\"}]},{\"@type\":\"WebSite\",\"@id\":\"\/#website\",\"url\":\"\/\",\"name\":\"Wooly Organic\",\"description\":\"Wooly Organic\",\"publisher\":{\"@id\":\"\/#organization\"},\"potentialAction\":[{\"@type\":\"SearchAction\",\"target\":{\"@type\":\"EntryPoint\",\"urlTemplate\":\"\/?s={search_term_string}\"},\"query-input\":{\"@type\":\"PropertyValueSpecification\",\"valueRequired\":true,\"valueName\":\"search_term_string\"}}],\"inLanguage\":\"lv-LV\"},{\"@type\":\"Organization\",\"@id\":\"\/#organization\",\"name\":\"Wooly Organic\",\"url\":\"\/\",\"logo\":{\"@type\":\"ImageObject\",\"inLanguage\":\"lv-LV\",\"@id\":\"\/#\/schema\/logo\/image\/\",\"url\":\"https:\/\/woolyorganic.com\/wp-content\/uploads\/2023\/03\/KnmDNUd2.png\",\"contentUrl\":\"https:\/\/woolyorganic.com\/wp-content\/uploads\/2023\/03\/KnmDNUd2.png\",\"width\":567,\"height\":567,\"caption\":\"Wooly Organic\"},\"image\":{\"@id\":\"\/#\/schema\/logo\/image\/\"},\"sameAs\":[\"https:\/\/www.facebook.com\/woolyorganic\",\"https:\/\/www.instagram.com\/woolyorganic\/\"]}]}<\/script>\n<!-- \/ Yoast SEO plugin. -->","yoast_head_json":{"title":"BEANIE WITH TEDDY EARS 2x1 RIB - GOTS - SS25 - Wooly Organic","robots":{"index":"index","follow":"follow","max-snippet":"max-snippet:-1","max-image-preview":"max-image-preview:large","max-video-preview":"max-video-preview:-1"},"canonical":"https:\/\/woolyorganic.com\/lv\/shop-product\/kids\/accessories-kids\/hats-accessories-kids\/beanie-with-teddy-ears-2x1-rib-gots-ss25\/","og_locale":"lv_LV","og_type":"article","og_title":"BEANIE WITH TEDDY EARS 2x1 RIB - GOTS - SS25 - Wooly Organic","og_description":"Wrap your little one in warmth and cuteness with our cozy beanie! Perfect for those chilly days, this adorable beanie comes with playful teddy ears that will make your child&hellip;","og_url":"https:\/\/woolyorganic.com\/lv\/shop-product\/kids\/accessories-kids\/hats-accessories-kids\/beanie-with-teddy-ears-2x1-rib-gots-ss25\/","og_site_name":"Wooly Organic","article_publisher":"https:\/\/www.facebook.com\/woolyorganic","article_modified_time":"2026-03-12T15:38:54+00:00","og_image":[{"width":2560,"height":2560,"url":"https:\/\/woolyorganic.com\/wp-content\/uploads\/2024\/05\/DR-91-x-128-scaled.jpg","type":"image\/jpeg"}],"twitter_card":"summary_large_image","twitter_misc":{"Est. reading time":"1 min\u016bte"},"schema":{"@context":"https:\/\/schema.org","@graph":[{"@type":"WebPage","@id":"https:\/\/woolyorganic.com\/shop-product\/kids\/accessories-kids\/hats-accessories-kids\/beanie-with-teddy-ears-2x1-rib-gots-ss25\/","url":"https:\/\/woolyorganic.com\/shop-product\/kids\/accessories-kids\/hats-accessories-kids\/beanie-with-teddy-ears-2x1-rib-gots-ss25\/","name":"BEANIE WITH TEDDY EARS 2x1 RIB - GOTS - SS25 - Wooly Organic","isPartOf":{"@id":"\/#website"},"primaryImageOfPage":{"@id":"https:\/\/woolyorganic.com\/shop-product\/kids\/accessories-kids\/hats-accessories-kids\/beanie-with-teddy-ears-2x1-rib-gots-ss25\/#primaryimage"},"image":{"@id":"https:\/\/woolyorganic.com\/shop-product\/kids\/accessories-kids\/hats-accessories-kids\/beanie-with-teddy-ears-2x1-rib-gots-ss25\/#primaryimage"},"thumbnailUrl":"https:\/\/woolyorganic.com\/wp-content\/uploads\/2024\/05\/DR-91-x-128-scaled.jpg","datePublished":"2024-05-21T12:33:34+00:00","dateModified":"2026-03-12T15:38:54+00:00","breadcrumb":{"@id":"https:\/\/woolyorganic.com\/shop-product\/kids\/accessories-kids\/hats-accessories-kids\/beanie-with-teddy-ears-2x1-rib-gots-ss25\/#breadcrumb"},"inLanguage":"lv-LV","potentialAction":[{"@type":"ReadAction","target":["https:\/\/woolyorganic.com\/shop-product\/kids\/accessories-kids\/hats-accessories-kids\/beanie-with-teddy-ears-2x1-rib-gots-ss25\/"]}]},{"@type":"ImageObject","inLanguage":"lv-LV","@id":"https:\/\/woolyorganic.com\/shop-product\/kids\/accessories-kids\/hats-accessories-kids\/beanie-with-teddy-ears-2x1-rib-gots-ss25\/#primaryimage","url":"https:\/\/woolyorganic.com\/wp-content\/uploads\/2024\/05\/DR-91-x-128-scaled.jpg","contentUrl":"https:\/\/woolyorganic.com\/wp-content\/uploads\/2024\/05\/DR-91-x-128-scaled.jpg","width":2560,"height":2560},{"@type":"BreadcrumbList","@id":"https:\/\/woolyorganic.com\/shop-product\/kids\/accessories-kids\/hats-accessories-kids\/beanie-with-teddy-ears-2x1-rib-gots-ss25\/#breadcrumb","itemListElement":[{"@type":"ListItem","position":1,"name":"Home","item":"https:\/\/woolyorganic.com\/"},{"@type":"ListItem","position":2,"name":"BEANIE WITH TEDDY EARS 2&#215;1 RIB &#8211; GOTS &#8211; SS25"}]},{"@type":"WebSite","@id":"\/#website","url":"\/","name":"Wooly Organic","description":"Wooly Organic","publisher":{"@id":"\/#organization"},"potentialAction":[{"@type":"SearchAction","target":{"@type":"EntryPoint","urlTemplate":"\/?s={search_term_string}"},"query-input":{"@type":"PropertyValueSpecification","valueRequired":true,"valueName":"search_term_string"}}],"inLanguage":"lv-LV"},{"@type":"Organization","@id":"\/#organization","name":"Wooly Organic","url":"\/","logo":{"@type":"ImageObject","inLanguage":"lv-LV","@id":"\/#\/schema\/logo\/image\/","url":"https:\/\/woolyorganic.com\/wp-content\/uploads\/2023\/03\/KnmDNUd2.png","contentUrl":"https:\/\/woolyorganic.com\/wp-content\/uploads\/2023\/03\/KnmDNUd2.png","width":567,"height":567,"caption":"Wooly Organic"},"image":{"@id":"\/#\/schema\/logo\/image\/"},"sameAs":["https:\/\/www.facebook.com\/woolyorganic","https:\/\/www.instagram.com\/woolyorganic\/"]}]}},"_links":{"self":[{"href":"https:\/\/woolyorganic.com\/lv\/wp-json\/wp\/v2\/product\/3560620","targetHints":{"allow":["GET"]}}],"collection":[{"href":"https:\/\/woolyorganic.com\/lv\/wp-json\/wp\/v2\/product"}],"about":[{"href":"https:\/\/woolyorganic.com\/lv\/wp-json\/wp\/v2\/types\/product"}],"replies":[{"embeddable":true,"href":"https:\/\/woolyorganic.com\/lv\/wp-json\/wp\/v2\/comments?post=3560620"}],"wp:featuredmedia":[{"embeddable":true,"href":"https:\/\/woolyorganic.com\/lv\/wp-json\/wp\/v2\/media\/3561055"}],"wp:attachment":[{"href":"https:\/\/woolyorganic.com\/lv\/wp-json\/wp\/v2\/media?parent=3560620"}],"wp:term":[{"taxonomy":"product_brand","embeddable":true,"href":"https:\/\/woolyorganic.com\/lv\/wp-json\/wp\/v2\/product_brand?post=3560620"},{"taxonomy":"product_cat","embeddable":true,"href":"https:\/\/woolyorganic.com\/lv\/wp-json\/wp\/v2\/product_cat?post=3560620"},{"taxonomy":"product_tag","embeddable":true,"href":"https:\/\/woolyorganic.com\/lv\/wp-json\/wp\/v2\/product_tag?post=3560620"},{"taxonomy":"giftcard-category","embeddable":true,"href":"https:\/\/woolyorganic.com\/lv\/wp-json\/wp\/v2\/giftcard-category?post=3560620"}],"curies":[{"name":"wp","href":"https:\/\/api.w.org\/{rel}","templated":true}]}}