{"id":3560349,"date":"2024-05-21T12:31:58","date_gmt":"2024-05-21T12:31:58","guid":{"rendered":"https:\/\/woolyorganic.com\/?post_type=product&#038;p=3560349"},"modified":"2026-04-22T09:33:02","modified_gmt":"2026-04-22T09:33:02","slug":"jersey-shortsleeve-wrap-bodysuit-gots-ss25","status":"publish","type":"product","link":"https:\/\/woolyorganic.com\/lv\/shop-product\/baby\/bodysuits\/jersey-shortsleeve-wrap-bodysuit-gots-ss25\/","title":{"rendered":"D\u017dERSIJA P\u0100RLIEKAMS BODIJS AR \u012aS\u0100M PIEDURKN\u0112M - SS25"},"content":{"rendered":"<p>Papildiniet sava mazu\u013ca garderobi ar elegantu un vienk\u0101r\u0161u ap\u0123\u0113rbu, izmantojot m\u016bsu d\u017eersija auduma bodiju ar \u012bs\u0101m piedurkn\u0113m b\u0113\u0161\u0101 kr\u0101s\u0101 ar \u0161\u013cakatu efektu. T\u0101 neitr\u0101l\u0101 kr\u0101sa lieliski sader ar jebkuru aksesu\u0101ru vai ap\u0123\u0113rbu, padarot to par mazu\u013ca garderobes pamatkomplektu. Izgatavots no 95% organisk\u0101s kokvilnas, 5% elast\u0101na. Mazg\u0101t ve\u013casma\u0161\u012bn\u0101 kop\u0101 ar l\u012bdz\u012bgas kr\u0101sas dr\u0113b\u0113m 40 \u00b0C temperat\u016br\u0101, ne\u017e\u0101v\u0113jot.<\/p>","protected":false},"excerpt":{"rendered":"<p>Add a touch of elegant simplicity to your baby\u2019s wardrobe with our shortsleeve jersey fabric bodysuit in ecru splash color. Its neutral color pairs beautifully with any accessory or outfit,&hellip;<\/p>","protected":false},"featured_media":3561265,"comment_status":"open","ping_status":"closed","template":"","meta":{"_acf_changed":false,"inline_featured_image":false,"iawp_total_views":981},"product_brand":[],"product_cat":[580,589,574,572,15,659,877],"product_tag":[824,883,912,880],"giftcard-category":[],"class_list":{"0":"post-3560349","1":"product","2":"type-product","3":"status-publish","4":"has-post-thumbnail","6":"product_cat-baby","7":"product_cat-bodysuits","8":"product_cat-collections","9":"product_cat-deals","10":"product_cat-shop-all","11":"product_cat-special-offers","12":"product_cat-ss25","13":"product_tag-bodysuit","14":"product_tag-ecru-splash","15":"product_tag-shortsleeve","16":"product_tag-ss25","18":"first","19":"instock","20":"sale","21":"taxable","22":"shipping-taxable","23":"purchasable","24":"product-type-variable","25":"layout-style-6","26":"col-md-4 col-sm-4 col-xs-6","27":"col-lg-3","28":"product-style-addtocart"},"bundled_by":[],"bundle_stock_status":"instock","bundle_stock_quantity":null,"bundle_virtual":false,"bundle_layout":"","bundle_add_to_cart_form_location":"","bundle_editable_in_cart":false,"bundle_sold_individually_context":"","bundle_item_grouping":"","bundle_min_size":"","bundle_max_size":"","bundle_price":[],"bundled_items":[],"bundle_sell_ids":[],"acf":[],"yoast_head":"<!-- This site is optimized with the Yoast SEO plugin v27.2 - https:\/\/yoast.com\/product\/yoast-seo-wordpress\/ -->\n<title>JERSEY SHORTSLEEVE WRAP BODYSUIT - SS25 - Wooly Organic<\/title>\n<meta name=\"robots\" content=\"index, follow, max-snippet:-1, max-image-preview:large, max-video-preview:-1\" \/>\n<link rel=\"canonical\" href=\"https:\/\/woolyorganic.com\/lv\/shop-product\/baby\/bodysuits\/jersey-shortsleeve-wrap-bodysuit-gots-ss25\/\" \/>\n<meta property=\"og:locale\" content=\"lv_LV\" \/>\n<meta property=\"og:type\" content=\"article\" \/>\n<meta property=\"og:title\" content=\"JERSEY SHORTSLEEVE WRAP BODYSUIT - SS25 - Wooly Organic\" \/>\n<meta property=\"og:description\" content=\"Add a touch of elegant simplicity to your baby\u2019s wardrobe with our shortsleeve jersey fabric bodysuit in ecru splash color. Its neutral color pairs beautifully with any accessory or outfit,&hellip;\" \/>\n<meta property=\"og:url\" content=\"https:\/\/woolyorganic.com\/lv\/shop-product\/baby\/bodysuits\/jersey-shortsleeve-wrap-bodysuit-gots-ss25\/\" \/>\n<meta property=\"og:site_name\" content=\"Wooly Organic\" \/>\n<meta property=\"article:publisher\" content=\"https:\/\/www.facebook.com\/woolyorganic\" \/>\n<meta property=\"article:modified_time\" content=\"2026-04-22T09:33:02+00:00\" \/>\n<meta property=\"og:image\" content=\"https:\/\/woolyorganic.com\/wp-content\/uploads\/2024\/05\/J-158-x-123-scaled.jpg\" \/>\n\t<meta property=\"og:image:width\" content=\"2560\" \/>\n\t<meta property=\"og:image:height\" content=\"2560\" \/>\n\t<meta property=\"og:image:type\" content=\"image\/jpeg\" \/>\n<meta name=\"twitter:card\" content=\"summary_large_image\" \/>\n<meta name=\"twitter:label1\" content=\"Est. reading time\" \/>\n\t<meta name=\"twitter:data1\" content=\"1 min\u016bte\" \/>\n<script type=\"application\/ld+json\" class=\"yoast-schema-graph\">{\"@context\":\"https:\/\/schema.org\",\"@graph\":[{\"@type\":\"WebPage\",\"@id\":\"https:\/\/woolyorganic.com\/shop-product\/baby\/bodysuits\/jersey-shortsleeve-wrap-bodysuit-gots-ss25\/\",\"url\":\"https:\/\/woolyorganic.com\/shop-product\/baby\/bodysuits\/jersey-shortsleeve-wrap-bodysuit-gots-ss25\/\",\"name\":\"JERSEY SHORTSLEEVE WRAP BODYSUIT - SS25 - Wooly Organic\",\"isPartOf\":{\"@id\":\"\/#website\"},\"primaryImageOfPage\":{\"@id\":\"https:\/\/woolyorganic.com\/shop-product\/baby\/bodysuits\/jersey-shortsleeve-wrap-bodysuit-gots-ss25\/#primaryimage\"},\"image\":{\"@id\":\"https:\/\/woolyorganic.com\/shop-product\/baby\/bodysuits\/jersey-shortsleeve-wrap-bodysuit-gots-ss25\/#primaryimage\"},\"thumbnailUrl\":\"https:\/\/woolyorganic.com\/wp-content\/uploads\/2024\/05\/J-158-x-123-scaled.jpg\",\"datePublished\":\"2024-05-21T12:31:58+00:00\",\"dateModified\":\"2026-04-22T09:33:02+00:00\",\"breadcrumb\":{\"@id\":\"https:\/\/woolyorganic.com\/shop-product\/baby\/bodysuits\/jersey-shortsleeve-wrap-bodysuit-gots-ss25\/#breadcrumb\"},\"inLanguage\":\"lv-LV\",\"potentialAction\":[{\"@type\":\"ReadAction\",\"target\":[\"https:\/\/woolyorganic.com\/shop-product\/baby\/bodysuits\/jersey-shortsleeve-wrap-bodysuit-gots-ss25\/\"]}]},{\"@type\":\"ImageObject\",\"inLanguage\":\"lv-LV\",\"@id\":\"https:\/\/woolyorganic.com\/shop-product\/baby\/bodysuits\/jersey-shortsleeve-wrap-bodysuit-gots-ss25\/#primaryimage\",\"url\":\"https:\/\/woolyorganic.com\/wp-content\/uploads\/2024\/05\/J-158-x-123-scaled.jpg\",\"contentUrl\":\"https:\/\/woolyorganic.com\/wp-content\/uploads\/2024\/05\/J-158-x-123-scaled.jpg\",\"width\":2560,\"height\":2560},{\"@type\":\"BreadcrumbList\",\"@id\":\"https:\/\/woolyorganic.com\/shop-product\/baby\/bodysuits\/jersey-shortsleeve-wrap-bodysuit-gots-ss25\/#breadcrumb\",\"itemListElement\":[{\"@type\":\"ListItem\",\"position\":1,\"name\":\"Home\",\"item\":\"https:\/\/woolyorganic.com\/\"},{\"@type\":\"ListItem\",\"position\":2,\"name\":\"JERSEY SHORTSLEEVE WRAP BODYSUIT &#8211; SS25\"}]},{\"@type\":\"WebSite\",\"@id\":\"\/#website\",\"url\":\"\/\",\"name\":\"Wooly Organic\",\"description\":\"Wooly Organic\",\"publisher\":{\"@id\":\"\/#organization\"},\"potentialAction\":[{\"@type\":\"SearchAction\",\"target\":{\"@type\":\"EntryPoint\",\"urlTemplate\":\"\/?s={search_term_string}\"},\"query-input\":{\"@type\":\"PropertyValueSpecification\",\"valueRequired\":true,\"valueName\":\"search_term_string\"}}],\"inLanguage\":\"lv-LV\"},{\"@type\":\"Organization\",\"@id\":\"\/#organization\",\"name\":\"Wooly Organic\",\"url\":\"\/\",\"logo\":{\"@type\":\"ImageObject\",\"inLanguage\":\"lv-LV\",\"@id\":\"\/#\/schema\/logo\/image\/\",\"url\":\"https:\/\/woolyorganic.com\/wp-content\/uploads\/2023\/03\/KnmDNUd2.png\",\"contentUrl\":\"https:\/\/woolyorganic.com\/wp-content\/uploads\/2023\/03\/KnmDNUd2.png\",\"width\":567,\"height\":567,\"caption\":\"Wooly Organic\"},\"image\":{\"@id\":\"\/#\/schema\/logo\/image\/\"},\"sameAs\":[\"https:\/\/www.facebook.com\/woolyorganic\",\"https:\/\/www.instagram.com\/woolyorganic\/\"]}]}<\/script>\n<!-- \/ Yoast SEO plugin. -->","yoast_head_json":{"title":"JERSEY SHORTSLEEVE WRAP BODYSUIT - SS25 - Wooly Organic","robots":{"index":"index","follow":"follow","max-snippet":"max-snippet:-1","max-image-preview":"max-image-preview:large","max-video-preview":"max-video-preview:-1"},"canonical":"https:\/\/woolyorganic.com\/lv\/shop-product\/baby\/bodysuits\/jersey-shortsleeve-wrap-bodysuit-gots-ss25\/","og_locale":"lv_LV","og_type":"article","og_title":"JERSEY SHORTSLEEVE WRAP BODYSUIT - SS25 - Wooly Organic","og_description":"Add a touch of elegant simplicity to your baby\u2019s wardrobe with our shortsleeve jersey fabric bodysuit in ecru splash color. Its neutral color pairs beautifully with any accessory or outfit,&hellip;","og_url":"https:\/\/woolyorganic.com\/lv\/shop-product\/baby\/bodysuits\/jersey-shortsleeve-wrap-bodysuit-gots-ss25\/","og_site_name":"Wooly Organic","article_publisher":"https:\/\/www.facebook.com\/woolyorganic","article_modified_time":"2026-04-22T09:33:02+00:00","og_image":[{"width":2560,"height":2560,"url":"https:\/\/woolyorganic.com\/wp-content\/uploads\/2024\/05\/J-158-x-123-scaled.jpg","type":"image\/jpeg"}],"twitter_card":"summary_large_image","twitter_misc":{"Est. reading time":"1 min\u016bte"},"schema":{"@context":"https:\/\/schema.org","@graph":[{"@type":"WebPage","@id":"https:\/\/woolyorganic.com\/shop-product\/baby\/bodysuits\/jersey-shortsleeve-wrap-bodysuit-gots-ss25\/","url":"https:\/\/woolyorganic.com\/shop-product\/baby\/bodysuits\/jersey-shortsleeve-wrap-bodysuit-gots-ss25\/","name":"JERSEY SHORTSLEEVE WRAP BODYSUIT - SS25 - Wooly Organic","isPartOf":{"@id":"\/#website"},"primaryImageOfPage":{"@id":"https:\/\/woolyorganic.com\/shop-product\/baby\/bodysuits\/jersey-shortsleeve-wrap-bodysuit-gots-ss25\/#primaryimage"},"image":{"@id":"https:\/\/woolyorganic.com\/shop-product\/baby\/bodysuits\/jersey-shortsleeve-wrap-bodysuit-gots-ss25\/#primaryimage"},"thumbnailUrl":"https:\/\/woolyorganic.com\/wp-content\/uploads\/2024\/05\/J-158-x-123-scaled.jpg","datePublished":"2024-05-21T12:31:58+00:00","dateModified":"2026-04-22T09:33:02+00:00","breadcrumb":{"@id":"https:\/\/woolyorganic.com\/shop-product\/baby\/bodysuits\/jersey-shortsleeve-wrap-bodysuit-gots-ss25\/#breadcrumb"},"inLanguage":"lv-LV","potentialAction":[{"@type":"ReadAction","target":["https:\/\/woolyorganic.com\/shop-product\/baby\/bodysuits\/jersey-shortsleeve-wrap-bodysuit-gots-ss25\/"]}]},{"@type":"ImageObject","inLanguage":"lv-LV","@id":"https:\/\/woolyorganic.com\/shop-product\/baby\/bodysuits\/jersey-shortsleeve-wrap-bodysuit-gots-ss25\/#primaryimage","url":"https:\/\/woolyorganic.com\/wp-content\/uploads\/2024\/05\/J-158-x-123-scaled.jpg","contentUrl":"https:\/\/woolyorganic.com\/wp-content\/uploads\/2024\/05\/J-158-x-123-scaled.jpg","width":2560,"height":2560},{"@type":"BreadcrumbList","@id":"https:\/\/woolyorganic.com\/shop-product\/baby\/bodysuits\/jersey-shortsleeve-wrap-bodysuit-gots-ss25\/#breadcrumb","itemListElement":[{"@type":"ListItem","position":1,"name":"Home","item":"https:\/\/woolyorganic.com\/"},{"@type":"ListItem","position":2,"name":"JERSEY SHORTSLEEVE WRAP BODYSUIT &#8211; SS25"}]},{"@type":"WebSite","@id":"\/#website","url":"\/","name":"Wooly Organic","description":"Wooly Organic","publisher":{"@id":"\/#organization"},"potentialAction":[{"@type":"SearchAction","target":{"@type":"EntryPoint","urlTemplate":"\/?s={search_term_string}"},"query-input":{"@type":"PropertyValueSpecification","valueRequired":true,"valueName":"search_term_string"}}],"inLanguage":"lv-LV"},{"@type":"Organization","@id":"\/#organization","name":"Wooly Organic","url":"\/","logo":{"@type":"ImageObject","inLanguage":"lv-LV","@id":"\/#\/schema\/logo\/image\/","url":"https:\/\/woolyorganic.com\/wp-content\/uploads\/2023\/03\/KnmDNUd2.png","contentUrl":"https:\/\/woolyorganic.com\/wp-content\/uploads\/2023\/03\/KnmDNUd2.png","width":567,"height":567,"caption":"Wooly Organic"},"image":{"@id":"\/#\/schema\/logo\/image\/"},"sameAs":["https:\/\/www.facebook.com\/woolyorganic","https:\/\/www.instagram.com\/woolyorganic\/"]}]}},"_links":{"self":[{"href":"https:\/\/woolyorganic.com\/lv\/wp-json\/wp\/v2\/product\/3560349","targetHints":{"allow":["GET"]}}],"collection":[{"href":"https:\/\/woolyorganic.com\/lv\/wp-json\/wp\/v2\/product"}],"about":[{"href":"https:\/\/woolyorganic.com\/lv\/wp-json\/wp\/v2\/types\/product"}],"replies":[{"embeddable":true,"href":"https:\/\/woolyorganic.com\/lv\/wp-json\/wp\/v2\/comments?post=3560349"}],"wp:featuredmedia":[{"embeddable":true,"href":"https:\/\/woolyorganic.com\/lv\/wp-json\/wp\/v2\/media\/3561265"}],"wp:attachment":[{"href":"https:\/\/woolyorganic.com\/lv\/wp-json\/wp\/v2\/media?parent=3560349"}],"wp:term":[{"taxonomy":"product_brand","embeddable":true,"href":"https:\/\/woolyorganic.com\/lv\/wp-json\/wp\/v2\/product_brand?post=3560349"},{"taxonomy":"product_cat","embeddable":true,"href":"https:\/\/woolyorganic.com\/lv\/wp-json\/wp\/v2\/product_cat?post=3560349"},{"taxonomy":"product_tag","embeddable":true,"href":"https:\/\/woolyorganic.com\/lv\/wp-json\/wp\/v2\/product_tag?post=3560349"},{"taxonomy":"giftcard-category","embeddable":true,"href":"https:\/\/woolyorganic.com\/lv\/wp-json\/wp\/v2\/giftcard-category?post=3560349"}],"curies":[{"name":"wp","href":"https:\/\/api.w.org\/{rel}","templated":true}]}}