{"id":3560168,"date":"2024-05-21T12:30:38","date_gmt":"2024-05-21T12:30:38","guid":{"rendered":"https:\/\/woolyorganic.com\/?post_type=product&#038;p=3560168"},"modified":"2026-01-22T12:07:06","modified_gmt":"2026-01-22T12:07:06","slug":"longsleeve-wrap-bodysuit-gots-ss25","status":"publish","type":"product","link":"https:\/\/woolyorganic.com\/lv\/shop-product\/baby\/bodysuits\/longsleeve-wrap-bodysuit-gots-ss25\/","title":{"rendered":"P\u0100RLIEKAMS BODIJS AR GAR\u0100M PIEDURKN\u0112M - GOTS - SS25"},"content":{"rendered":"<p>Iek\u013caujiet dabas ma\u0123iju sava mazu\u013ca garderob\u0113 ar m\u016bsu burv\u012bgajiem bodijiem ar zeme\u0146u d\u0101rza un bi\u0161u apdruku! Tie apvieno stilu, komfortu un praktiskumu, t\u0101p\u0113c ir lieliski piem\u0113roti ikvienam mazajam p\u0113tniekam. Izgatavoti no 100% organisk\u0101s GOTS sertific\u0113tas kokvilnas. Mazg\u0101\u0161ana: mazg\u0101t ve\u013casma\u0161\u012bn\u0101 kop\u0101 ar l\u012bdz\u012bgas kr\u0101sas dr\u0113b\u0113m 40\u00b0C temperat\u016br\u0101, ne\u017e\u0101v\u0113jot. Izstr\u0101d\u0101juma kr\u0101sa var nedaudz at\u0161\u0137irties no att\u0113l\u0101 redzam\u0101s.<\/p>","protected":false},"excerpt":{"rendered":"<p>Bring the magic of nature into your baby\u2019s wardrobe with our adorable bodysuits in strawberry garden and bee buzz prints! Combining style, comfort, and practicality, they are perfect for any&hellip;<\/p>","protected":false},"featured_media":3561327,"comment_status":"open","ping_status":"closed","template":"","meta":{"_acf_changed":false,"inline_featured_image":false,"iawp_total_views":733},"product_brand":[],"product_cat":[580,589,574,572,15,659,877],"product_tag":[882,824,880,881],"giftcard-category":[],"class_list":{"0":"post-3560168","1":"product","2":"type-product","3":"status-publish","4":"has-post-thumbnail","6":"product_cat-baby","7":"product_cat-bodysuits","8":"product_cat-collections","9":"product_cat-deals","10":"product_cat-shop-all","11":"product_cat-special-offers","12":"product_cat-ss25","13":"product_tag-bee-buzz","14":"product_tag-bodysuit","15":"product_tag-ss25","16":"product_tag-strawberry-garden","18":"first","19":"outofstock","20":"taxable","21":"shipping-taxable","22":"product-type-variable","23":"layout-style-6","24":"col-md-4 col-sm-4 col-xs-6","25":"col-lg-3","26":"product-has-gallery","27":"product-style-addtocart"},"bundled_by":[],"bundle_stock_status":"outofstock","bundle_stock_quantity":null,"bundle_virtual":false,"bundle_layout":"","bundle_add_to_cart_form_location":"","bundle_editable_in_cart":false,"bundle_sold_individually_context":"","bundle_item_grouping":"","bundle_min_size":"","bundle_max_size":"","bundle_price":[],"bundled_items":[],"bundle_sell_ids":[],"acf":[],"yoast_head":"<!-- This site is optimized with the Yoast SEO plugin v27.2 - https:\/\/yoast.com\/product\/yoast-seo-wordpress\/ -->\n<title>LONGSLEEVE WRAP BODYSUIT - GOTS - SS25 - Wooly Organic<\/title>\n<meta name=\"robots\" content=\"index, follow, max-snippet:-1, max-image-preview:large, max-video-preview:-1\" \/>\n<link rel=\"canonical\" href=\"https:\/\/woolyorganic.com\/lv\/shop-product\/baby\/bodysuits\/longsleeve-wrap-bodysuit-gots-ss25\/\" \/>\n<meta property=\"og:locale\" content=\"lv_LV\" \/>\n<meta property=\"og:type\" content=\"article\" \/>\n<meta property=\"og:title\" content=\"LONGSLEEVE WRAP BODYSUIT - GOTS - SS25 - Wooly Organic\" \/>\n<meta property=\"og:description\" content=\"Bring the magic of nature into your baby\u2019s wardrobe with our adorable bodysuits in strawberry garden and bee buzz prints! Combining style, comfort, and practicality, they are perfect for any&hellip;\" \/>\n<meta property=\"og:url\" content=\"https:\/\/woolyorganic.com\/lv\/shop-product\/baby\/bodysuits\/longsleeve-wrap-bodysuit-gots-ss25\/\" \/>\n<meta property=\"og:site_name\" content=\"Wooly Organic\" \/>\n<meta property=\"article:publisher\" content=\"https:\/\/www.facebook.com\/woolyorganic\" \/>\n<meta property=\"article:modified_time\" content=\"2026-01-22T12:07:06+00:00\" \/>\n<meta property=\"og:image\" content=\"https:\/\/woolyorganic.com\/wp-content\/uploads\/2024\/05\/I-153-x-136-scaled.jpg\" \/>\n\t<meta property=\"og:image:width\" content=\"2560\" \/>\n\t<meta property=\"og:image:height\" content=\"2560\" \/>\n\t<meta property=\"og:image:type\" content=\"image\/jpeg\" \/>\n<meta name=\"twitter:card\" content=\"summary_large_image\" \/>\n<meta name=\"twitter:label1\" content=\"Est. reading time\" \/>\n\t<meta name=\"twitter:data1\" content=\"1 min\u016bte\" \/>\n<script type=\"application\/ld+json\" class=\"yoast-schema-graph\">{\"@context\":\"https:\/\/schema.org\",\"@graph\":[{\"@type\":\"WebPage\",\"@id\":\"https:\/\/woolyorganic.com\/shop-product\/baby\/bodysuits\/longsleeve-wrap-bodysuit-gots-ss25\/\",\"url\":\"https:\/\/woolyorganic.com\/shop-product\/baby\/bodysuits\/longsleeve-wrap-bodysuit-gots-ss25\/\",\"name\":\"LONGSLEEVE WRAP BODYSUIT - GOTS - SS25 - Wooly Organic\",\"isPartOf\":{\"@id\":\"\/#website\"},\"primaryImageOfPage\":{\"@id\":\"https:\/\/woolyorganic.com\/shop-product\/baby\/bodysuits\/longsleeve-wrap-bodysuit-gots-ss25\/#primaryimage\"},\"image\":{\"@id\":\"https:\/\/woolyorganic.com\/shop-product\/baby\/bodysuits\/longsleeve-wrap-bodysuit-gots-ss25\/#primaryimage\"},\"thumbnailUrl\":\"https:\/\/woolyorganic.com\/wp-content\/uploads\/2024\/05\/I-153-x-136-scaled.jpg\",\"datePublished\":\"2024-05-21T12:30:38+00:00\",\"dateModified\":\"2026-01-22T12:07:06+00:00\",\"breadcrumb\":{\"@id\":\"https:\/\/woolyorganic.com\/shop-product\/baby\/bodysuits\/longsleeve-wrap-bodysuit-gots-ss25\/#breadcrumb\"},\"inLanguage\":\"lv-LV\",\"potentialAction\":[{\"@type\":\"ReadAction\",\"target\":[\"https:\/\/woolyorganic.com\/shop-product\/baby\/bodysuits\/longsleeve-wrap-bodysuit-gots-ss25\/\"]}]},{\"@type\":\"ImageObject\",\"inLanguage\":\"lv-LV\",\"@id\":\"https:\/\/woolyorganic.com\/shop-product\/baby\/bodysuits\/longsleeve-wrap-bodysuit-gots-ss25\/#primaryimage\",\"url\":\"https:\/\/woolyorganic.com\/wp-content\/uploads\/2024\/05\/I-153-x-136-scaled.jpg\",\"contentUrl\":\"https:\/\/woolyorganic.com\/wp-content\/uploads\/2024\/05\/I-153-x-136-scaled.jpg\",\"width\":2560,\"height\":2560},{\"@type\":\"BreadcrumbList\",\"@id\":\"https:\/\/woolyorganic.com\/shop-product\/baby\/bodysuits\/longsleeve-wrap-bodysuit-gots-ss25\/#breadcrumb\",\"itemListElement\":[{\"@type\":\"ListItem\",\"position\":1,\"name\":\"Home\",\"item\":\"https:\/\/woolyorganic.com\/\"},{\"@type\":\"ListItem\",\"position\":2,\"name\":\"LONGSLEEVE WRAP BODYSUIT &#8211; GOTS &#8211; SS25\"}]},{\"@type\":\"WebSite\",\"@id\":\"\/#website\",\"url\":\"\/\",\"name\":\"Wooly Organic\",\"description\":\"Wooly Organic\",\"publisher\":{\"@id\":\"\/#organization\"},\"potentialAction\":[{\"@type\":\"SearchAction\",\"target\":{\"@type\":\"EntryPoint\",\"urlTemplate\":\"\/?s={search_term_string}\"},\"query-input\":{\"@type\":\"PropertyValueSpecification\",\"valueRequired\":true,\"valueName\":\"search_term_string\"}}],\"inLanguage\":\"lv-LV\"},{\"@type\":\"Organization\",\"@id\":\"\/#organization\",\"name\":\"Wooly Organic\",\"url\":\"\/\",\"logo\":{\"@type\":\"ImageObject\",\"inLanguage\":\"lv-LV\",\"@id\":\"\/#\/schema\/logo\/image\/\",\"url\":\"https:\/\/woolyorganic.com\/wp-content\/uploads\/2023\/03\/KnmDNUd2.png\",\"contentUrl\":\"https:\/\/woolyorganic.com\/wp-content\/uploads\/2023\/03\/KnmDNUd2.png\",\"width\":567,\"height\":567,\"caption\":\"Wooly Organic\"},\"image\":{\"@id\":\"\/#\/schema\/logo\/image\/\"},\"sameAs\":[\"https:\/\/www.facebook.com\/woolyorganic\",\"https:\/\/www.instagram.com\/woolyorganic\/\"]}]}<\/script>\n<!-- \/ Yoast SEO plugin. -->","yoast_head_json":{"title":"LONGSLEEVE WRAP BODYSUIT - GOTS - SS25 - Wooly Organic","robots":{"index":"index","follow":"follow","max-snippet":"max-snippet:-1","max-image-preview":"max-image-preview:large","max-video-preview":"max-video-preview:-1"},"canonical":"https:\/\/woolyorganic.com\/lv\/shop-product\/baby\/bodysuits\/longsleeve-wrap-bodysuit-gots-ss25\/","og_locale":"lv_LV","og_type":"article","og_title":"LONGSLEEVE WRAP BODYSUIT - GOTS - SS25 - Wooly Organic","og_description":"Bring the magic of nature into your baby\u2019s wardrobe with our adorable bodysuits in strawberry garden and bee buzz prints! Combining style, comfort, and practicality, they are perfect for any&hellip;","og_url":"https:\/\/woolyorganic.com\/lv\/shop-product\/baby\/bodysuits\/longsleeve-wrap-bodysuit-gots-ss25\/","og_site_name":"Wooly Organic","article_publisher":"https:\/\/www.facebook.com\/woolyorganic","article_modified_time":"2026-01-22T12:07:06+00:00","og_image":[{"width":2560,"height":2560,"url":"https:\/\/woolyorganic.com\/wp-content\/uploads\/2024\/05\/I-153-x-136-scaled.jpg","type":"image\/jpeg"}],"twitter_card":"summary_large_image","twitter_misc":{"Est. reading time":"1 min\u016bte"},"schema":{"@context":"https:\/\/schema.org","@graph":[{"@type":"WebPage","@id":"https:\/\/woolyorganic.com\/shop-product\/baby\/bodysuits\/longsleeve-wrap-bodysuit-gots-ss25\/","url":"https:\/\/woolyorganic.com\/shop-product\/baby\/bodysuits\/longsleeve-wrap-bodysuit-gots-ss25\/","name":"LONGSLEEVE WRAP BODYSUIT - GOTS - SS25 - Wooly Organic","isPartOf":{"@id":"\/#website"},"primaryImageOfPage":{"@id":"https:\/\/woolyorganic.com\/shop-product\/baby\/bodysuits\/longsleeve-wrap-bodysuit-gots-ss25\/#primaryimage"},"image":{"@id":"https:\/\/woolyorganic.com\/shop-product\/baby\/bodysuits\/longsleeve-wrap-bodysuit-gots-ss25\/#primaryimage"},"thumbnailUrl":"https:\/\/woolyorganic.com\/wp-content\/uploads\/2024\/05\/I-153-x-136-scaled.jpg","datePublished":"2024-05-21T12:30:38+00:00","dateModified":"2026-01-22T12:07:06+00:00","breadcrumb":{"@id":"https:\/\/woolyorganic.com\/shop-product\/baby\/bodysuits\/longsleeve-wrap-bodysuit-gots-ss25\/#breadcrumb"},"inLanguage":"lv-LV","potentialAction":[{"@type":"ReadAction","target":["https:\/\/woolyorganic.com\/shop-product\/baby\/bodysuits\/longsleeve-wrap-bodysuit-gots-ss25\/"]}]},{"@type":"ImageObject","inLanguage":"lv-LV","@id":"https:\/\/woolyorganic.com\/shop-product\/baby\/bodysuits\/longsleeve-wrap-bodysuit-gots-ss25\/#primaryimage","url":"https:\/\/woolyorganic.com\/wp-content\/uploads\/2024\/05\/I-153-x-136-scaled.jpg","contentUrl":"https:\/\/woolyorganic.com\/wp-content\/uploads\/2024\/05\/I-153-x-136-scaled.jpg","width":2560,"height":2560},{"@type":"BreadcrumbList","@id":"https:\/\/woolyorganic.com\/shop-product\/baby\/bodysuits\/longsleeve-wrap-bodysuit-gots-ss25\/#breadcrumb","itemListElement":[{"@type":"ListItem","position":1,"name":"Home","item":"https:\/\/woolyorganic.com\/"},{"@type":"ListItem","position":2,"name":"LONGSLEEVE WRAP BODYSUIT &#8211; GOTS &#8211; SS25"}]},{"@type":"WebSite","@id":"\/#website","url":"\/","name":"Wooly Organic","description":"Wooly Organic","publisher":{"@id":"\/#organization"},"potentialAction":[{"@type":"SearchAction","target":{"@type":"EntryPoint","urlTemplate":"\/?s={search_term_string}"},"query-input":{"@type":"PropertyValueSpecification","valueRequired":true,"valueName":"search_term_string"}}],"inLanguage":"lv-LV"},{"@type":"Organization","@id":"\/#organization","name":"Wooly Organic","url":"\/","logo":{"@type":"ImageObject","inLanguage":"lv-LV","@id":"\/#\/schema\/logo\/image\/","url":"https:\/\/woolyorganic.com\/wp-content\/uploads\/2023\/03\/KnmDNUd2.png","contentUrl":"https:\/\/woolyorganic.com\/wp-content\/uploads\/2023\/03\/KnmDNUd2.png","width":567,"height":567,"caption":"Wooly Organic"},"image":{"@id":"\/#\/schema\/logo\/image\/"},"sameAs":["https:\/\/www.facebook.com\/woolyorganic","https:\/\/www.instagram.com\/woolyorganic\/"]}]}},"_links":{"self":[{"href":"https:\/\/woolyorganic.com\/lv\/wp-json\/wp\/v2\/product\/3560168","targetHints":{"allow":["GET"]}}],"collection":[{"href":"https:\/\/woolyorganic.com\/lv\/wp-json\/wp\/v2\/product"}],"about":[{"href":"https:\/\/woolyorganic.com\/lv\/wp-json\/wp\/v2\/types\/product"}],"replies":[{"embeddable":true,"href":"https:\/\/woolyorganic.com\/lv\/wp-json\/wp\/v2\/comments?post=3560168"}],"wp:featuredmedia":[{"embeddable":true,"href":"https:\/\/woolyorganic.com\/lv\/wp-json\/wp\/v2\/media\/3561327"}],"wp:attachment":[{"href":"https:\/\/woolyorganic.com\/lv\/wp-json\/wp\/v2\/media?parent=3560168"}],"wp:term":[{"taxonomy":"product_brand","embeddable":true,"href":"https:\/\/woolyorganic.com\/lv\/wp-json\/wp\/v2\/product_brand?post=3560168"},{"taxonomy":"product_cat","embeddable":true,"href":"https:\/\/woolyorganic.com\/lv\/wp-json\/wp\/v2\/product_cat?post=3560168"},{"taxonomy":"product_tag","embeddable":true,"href":"https:\/\/woolyorganic.com\/lv\/wp-json\/wp\/v2\/product_tag?post=3560168"},{"taxonomy":"giftcard-category","embeddable":true,"href":"https:\/\/woolyorganic.com\/lv\/wp-json\/wp\/v2\/giftcard-category?post=3560168"}],"curies":[{"name":"wp","href":"https:\/\/api.w.org\/{rel}","templated":true}]}}