{"id":3559132,"date":"2024-05-15T08:26:53","date_gmt":"2024-05-15T08:26:53","guid":{"rendered":"https:\/\/woolyorganic.com\/?post_type=product&#038;p=3559132"},"modified":"2025-12-05T21:40:26","modified_gmt":"2025-12-05T21:40:26","slug":"merino-wool-baby-leggings-with-feet-noos","status":"publish","type":"product","link":"https:\/\/woolyorganic.com\/lv\/shop-product\/baby\/leggings\/merino-wool-baby-leggings-with-feet-noos\/","title":{"rendered":"MERINO VILNAS LEGINGI MAZU\u013bIEM AR P\u0112DI\u0145\u0100M - NOOS"},"content":{"rendered":"<p>Iepaz\u012bstiet b\u0113rnu ap\u0123\u0113rbu kvalit\u0101tes paraugu ar m\u016bsu merino vilnas legingiem ar p\u0113di\u0146\u0101m. \u0160ie legingi apvieno augst\u0101k\u0101s kvalit\u0101tes merino vilnas nep\u0101rsp\u0113jam\u0101s priek\u0161roc\u012bbas ar p\u0101rdom\u0101ti izstr\u0101d\u0101tu dizainu ar p\u0113di\u0146\u0101m, lai j\u016bsu mazulim b\u016btu pat\u012bkami no galvas l\u012bdz k\u0101j\u0101m. Izgatavoti no 100% merino vilnas. Mazg\u0101\u0161ana: aukst\u0101 \u016bden\u012b vai ne vair\u0101k k\u0101 30\u00b0C. Balin\u0101t\u0101ju, mazg\u0101\u0161anas l\u012bdzek\u013cu un \u0137\u012bmisko auduma m\u012bkstin\u0101t\u0101ju lieto\u0161ana var main\u012bt kokvilnas \u0161\u0137iedras kvalit\u0101ti un t\u012br\u012bbu. Izstr\u0101d\u0101juma kr\u0101sa var nedaudz at\u0161\u0137irties no att\u0113l\u0101 redzam\u0101s.<\/p>","protected":false},"excerpt":{"rendered":"<p>Discover the pinnacle of babywear luxury with our merino wool leggings with feet. These leggings combine the unparalleled benefits of premium merino wool with a thoughtfully designed, footed style to&hellip;<\/p>","protected":false},"featured_media":3562039,"comment_status":"open","ping_status":"closed","template":"","meta":{"_acf_changed":false,"inline_featured_image":false,"iawp_total_views":71},"product_brand":[],"product_cat":[580,574,595,818,15],"product_tag":[96,837,830,822,446],"giftcard-category":[],"class_list":{"0":"post-3559132","1":"product","2":"type-product","3":"status-publish","4":"has-post-thumbnail","6":"product_cat-baby","7":"product_cat-collections","8":"product_cat-leggings","9":"product_cat-noos","10":"product_cat-shop-all","11":"product_tag-ecru","12":"product_tag-leggings","13":"product_tag-merino","14":"product_tag-noos","15":"product_tag-unisex","17":"first","18":"instock","19":"taxable","20":"shipping-taxable","21":"purchasable","22":"product-type-variable","23":"layout-style-6","24":"col-md-4 col-sm-4 col-xs-6","25":"col-lg-3","26":"product-style-addtocart"},"bundled_by":[],"bundle_stock_status":"instock","bundle_stock_quantity":null,"bundle_virtual":false,"bundle_layout":"","bundle_add_to_cart_form_location":"","bundle_editable_in_cart":false,"bundle_sold_individually_context":"","bundle_item_grouping":"","bundle_min_size":"","bundle_max_size":"","bundle_price":[],"bundled_items":[],"bundle_sell_ids":[],"acf":[],"yoast_head":"<!-- This site is optimized with the Yoast SEO plugin v27.2 - https:\/\/yoast.com\/product\/yoast-seo-wordpress\/ -->\n<title>MERINO WOOL BABY LEGGINGS WITH FEET - NOOS - Wooly Organic<\/title>\n<meta name=\"robots\" content=\"index, follow, max-snippet:-1, max-image-preview:large, max-video-preview:-1\" \/>\n<link rel=\"canonical\" href=\"https:\/\/woolyorganic.com\/lv\/shop-product\/baby\/leggings\/merino-wool-baby-leggings-with-feet-noos\/\" \/>\n<meta property=\"og:locale\" content=\"lv_LV\" \/>\n<meta property=\"og:type\" content=\"article\" \/>\n<meta property=\"og:title\" content=\"MERINO WOOL BABY LEGGINGS WITH FEET - NOOS - Wooly Organic\" \/>\n<meta property=\"og:description\" content=\"Discover the pinnacle of babywear luxury with our merino wool leggings with feet. These leggings combine the unparalleled benefits of premium merino wool with a thoughtfully designed, footed style to&hellip;\" \/>\n<meta property=\"og:url\" content=\"https:\/\/woolyorganic.com\/lv\/shop-product\/baby\/leggings\/merino-wool-baby-leggings-with-feet-noos\/\" \/>\n<meta property=\"og:site_name\" content=\"Wooly Organic\" \/>\n<meta property=\"article:publisher\" content=\"https:\/\/www.facebook.com\/woolyorganic\" \/>\n<meta property=\"article:modified_time\" content=\"2025-12-05T21:40:26+00:00\" \/>\n<meta property=\"og:image\" content=\"https:\/\/woolyorganic.com\/wp-content\/uploads\/2024\/05\/W-133-x-07-1-scaled.jpg\" \/>\n\t<meta property=\"og:image:width\" content=\"2560\" \/>\n\t<meta property=\"og:image:height\" content=\"2560\" \/>\n\t<meta property=\"og:image:type\" content=\"image\/jpeg\" \/>\n<meta name=\"twitter:card\" content=\"summary_large_image\" \/>\n<meta name=\"twitter:label1\" content=\"Est. reading time\" \/>\n\t<meta name=\"twitter:data1\" content=\"1 min\u016bte\" \/>\n<script type=\"application\/ld+json\" class=\"yoast-schema-graph\">{\"@context\":\"https:\/\/schema.org\",\"@graph\":[{\"@type\":\"WebPage\",\"@id\":\"https:\/\/woolyorganic.com\/shop-product\/baby\/leggings\/merino-wool-baby-leggings-with-feet-noos\/\",\"url\":\"https:\/\/woolyorganic.com\/shop-product\/baby\/leggings\/merino-wool-baby-leggings-with-feet-noos\/\",\"name\":\"MERINO WOOL BABY LEGGINGS WITH FEET - NOOS - Wooly Organic\",\"isPartOf\":{\"@id\":\"\/#website\"},\"primaryImageOfPage\":{\"@id\":\"https:\/\/woolyorganic.com\/shop-product\/baby\/leggings\/merino-wool-baby-leggings-with-feet-noos\/#primaryimage\"},\"image\":{\"@id\":\"https:\/\/woolyorganic.com\/shop-product\/baby\/leggings\/merino-wool-baby-leggings-with-feet-noos\/#primaryimage\"},\"thumbnailUrl\":\"https:\/\/woolyorganic.com\/wp-content\/uploads\/2024\/05\/W-133-x-07-1-scaled.jpg\",\"datePublished\":\"2024-05-15T08:26:53+00:00\",\"dateModified\":\"2025-12-05T21:40:26+00:00\",\"breadcrumb\":{\"@id\":\"https:\/\/woolyorganic.com\/shop-product\/baby\/leggings\/merino-wool-baby-leggings-with-feet-noos\/#breadcrumb\"},\"inLanguage\":\"lv-LV\",\"potentialAction\":[{\"@type\":\"ReadAction\",\"target\":[\"https:\/\/woolyorganic.com\/shop-product\/baby\/leggings\/merino-wool-baby-leggings-with-feet-noos\/\"]}]},{\"@type\":\"ImageObject\",\"inLanguage\":\"lv-LV\",\"@id\":\"https:\/\/woolyorganic.com\/shop-product\/baby\/leggings\/merino-wool-baby-leggings-with-feet-noos\/#primaryimage\",\"url\":\"https:\/\/woolyorganic.com\/wp-content\/uploads\/2024\/05\/W-133-x-07-1-scaled.jpg\",\"contentUrl\":\"https:\/\/woolyorganic.com\/wp-content\/uploads\/2024\/05\/W-133-x-07-1-scaled.jpg\",\"width\":2560,\"height\":2560},{\"@type\":\"BreadcrumbList\",\"@id\":\"https:\/\/woolyorganic.com\/shop-product\/baby\/leggings\/merino-wool-baby-leggings-with-feet-noos\/#breadcrumb\",\"itemListElement\":[{\"@type\":\"ListItem\",\"position\":1,\"name\":\"Home\",\"item\":\"https:\/\/woolyorganic.com\/\"},{\"@type\":\"ListItem\",\"position\":2,\"name\":\"MERINO WOOL BABY LEGGINGS WITH FEET &#8211; NOOS\"}]},{\"@type\":\"WebSite\",\"@id\":\"\/#website\",\"url\":\"\/\",\"name\":\"Wooly Organic\",\"description\":\"Wooly Organic\",\"publisher\":{\"@id\":\"\/#organization\"},\"potentialAction\":[{\"@type\":\"SearchAction\",\"target\":{\"@type\":\"EntryPoint\",\"urlTemplate\":\"\/?s={search_term_string}\"},\"query-input\":{\"@type\":\"PropertyValueSpecification\",\"valueRequired\":true,\"valueName\":\"search_term_string\"}}],\"inLanguage\":\"lv-LV\"},{\"@type\":\"Organization\",\"@id\":\"\/#organization\",\"name\":\"Wooly Organic\",\"url\":\"\/\",\"logo\":{\"@type\":\"ImageObject\",\"inLanguage\":\"lv-LV\",\"@id\":\"\/#\/schema\/logo\/image\/\",\"url\":\"https:\/\/woolyorganic.com\/wp-content\/uploads\/2023\/03\/KnmDNUd2.png\",\"contentUrl\":\"https:\/\/woolyorganic.com\/wp-content\/uploads\/2023\/03\/KnmDNUd2.png\",\"width\":567,\"height\":567,\"caption\":\"Wooly Organic\"},\"image\":{\"@id\":\"\/#\/schema\/logo\/image\/\"},\"sameAs\":[\"https:\/\/www.facebook.com\/woolyorganic\",\"https:\/\/www.instagram.com\/woolyorganic\/\"]}]}<\/script>\n<!-- \/ Yoast SEO plugin. -->","yoast_head_json":{"title":"MERINO WOOL BABY LEGGINGS WITH FEET - NOOS - Wooly Organic","robots":{"index":"index","follow":"follow","max-snippet":"max-snippet:-1","max-image-preview":"max-image-preview:large","max-video-preview":"max-video-preview:-1"},"canonical":"https:\/\/woolyorganic.com\/lv\/shop-product\/baby\/leggings\/merino-wool-baby-leggings-with-feet-noos\/","og_locale":"lv_LV","og_type":"article","og_title":"MERINO WOOL BABY LEGGINGS WITH FEET - NOOS - Wooly Organic","og_description":"Discover the pinnacle of babywear luxury with our merino wool leggings with feet. These leggings combine the unparalleled benefits of premium merino wool with a thoughtfully designed, footed style to&hellip;","og_url":"https:\/\/woolyorganic.com\/lv\/shop-product\/baby\/leggings\/merino-wool-baby-leggings-with-feet-noos\/","og_site_name":"Wooly Organic","article_publisher":"https:\/\/www.facebook.com\/woolyorganic","article_modified_time":"2025-12-05T21:40:26+00:00","og_image":[{"width":2560,"height":2560,"url":"https:\/\/woolyorganic.com\/wp-content\/uploads\/2024\/05\/W-133-x-07-1-scaled.jpg","type":"image\/jpeg"}],"twitter_card":"summary_large_image","twitter_misc":{"Est. reading time":"1 min\u016bte"},"schema":{"@context":"https:\/\/schema.org","@graph":[{"@type":"WebPage","@id":"https:\/\/woolyorganic.com\/shop-product\/baby\/leggings\/merino-wool-baby-leggings-with-feet-noos\/","url":"https:\/\/woolyorganic.com\/shop-product\/baby\/leggings\/merino-wool-baby-leggings-with-feet-noos\/","name":"MERINO WOOL BABY LEGGINGS WITH FEET - NOOS - Wooly Organic","isPartOf":{"@id":"\/#website"},"primaryImageOfPage":{"@id":"https:\/\/woolyorganic.com\/shop-product\/baby\/leggings\/merino-wool-baby-leggings-with-feet-noos\/#primaryimage"},"image":{"@id":"https:\/\/woolyorganic.com\/shop-product\/baby\/leggings\/merino-wool-baby-leggings-with-feet-noos\/#primaryimage"},"thumbnailUrl":"https:\/\/woolyorganic.com\/wp-content\/uploads\/2024\/05\/W-133-x-07-1-scaled.jpg","datePublished":"2024-05-15T08:26:53+00:00","dateModified":"2025-12-05T21:40:26+00:00","breadcrumb":{"@id":"https:\/\/woolyorganic.com\/shop-product\/baby\/leggings\/merino-wool-baby-leggings-with-feet-noos\/#breadcrumb"},"inLanguage":"lv-LV","potentialAction":[{"@type":"ReadAction","target":["https:\/\/woolyorganic.com\/shop-product\/baby\/leggings\/merino-wool-baby-leggings-with-feet-noos\/"]}]},{"@type":"ImageObject","inLanguage":"lv-LV","@id":"https:\/\/woolyorganic.com\/shop-product\/baby\/leggings\/merino-wool-baby-leggings-with-feet-noos\/#primaryimage","url":"https:\/\/woolyorganic.com\/wp-content\/uploads\/2024\/05\/W-133-x-07-1-scaled.jpg","contentUrl":"https:\/\/woolyorganic.com\/wp-content\/uploads\/2024\/05\/W-133-x-07-1-scaled.jpg","width":2560,"height":2560},{"@type":"BreadcrumbList","@id":"https:\/\/woolyorganic.com\/shop-product\/baby\/leggings\/merino-wool-baby-leggings-with-feet-noos\/#breadcrumb","itemListElement":[{"@type":"ListItem","position":1,"name":"Home","item":"https:\/\/woolyorganic.com\/"},{"@type":"ListItem","position":2,"name":"MERINO WOOL BABY LEGGINGS WITH FEET &#8211; NOOS"}]},{"@type":"WebSite","@id":"\/#website","url":"\/","name":"Wooly Organic","description":"Wooly Organic","publisher":{"@id":"\/#organization"},"potentialAction":[{"@type":"SearchAction","target":{"@type":"EntryPoint","urlTemplate":"\/?s={search_term_string}"},"query-input":{"@type":"PropertyValueSpecification","valueRequired":true,"valueName":"search_term_string"}}],"inLanguage":"lv-LV"},{"@type":"Organization","@id":"\/#organization","name":"Wooly Organic","url":"\/","logo":{"@type":"ImageObject","inLanguage":"lv-LV","@id":"\/#\/schema\/logo\/image\/","url":"https:\/\/woolyorganic.com\/wp-content\/uploads\/2023\/03\/KnmDNUd2.png","contentUrl":"https:\/\/woolyorganic.com\/wp-content\/uploads\/2023\/03\/KnmDNUd2.png","width":567,"height":567,"caption":"Wooly Organic"},"image":{"@id":"\/#\/schema\/logo\/image\/"},"sameAs":["https:\/\/www.facebook.com\/woolyorganic","https:\/\/www.instagram.com\/woolyorganic\/"]}]}},"_links":{"self":[{"href":"https:\/\/woolyorganic.com\/lv\/wp-json\/wp\/v2\/product\/3559132","targetHints":{"allow":["GET"]}}],"collection":[{"href":"https:\/\/woolyorganic.com\/lv\/wp-json\/wp\/v2\/product"}],"about":[{"href":"https:\/\/woolyorganic.com\/lv\/wp-json\/wp\/v2\/types\/product"}],"replies":[{"embeddable":true,"href":"https:\/\/woolyorganic.com\/lv\/wp-json\/wp\/v2\/comments?post=3559132"}],"wp:featuredmedia":[{"embeddable":true,"href":"https:\/\/woolyorganic.com\/lv\/wp-json\/wp\/v2\/media\/3562039"}],"wp:attachment":[{"href":"https:\/\/woolyorganic.com\/lv\/wp-json\/wp\/v2\/media?parent=3559132"}],"wp:term":[{"taxonomy":"product_brand","embeddable":true,"href":"https:\/\/woolyorganic.com\/lv\/wp-json\/wp\/v2\/product_brand?post=3559132"},{"taxonomy":"product_cat","embeddable":true,"href":"https:\/\/woolyorganic.com\/lv\/wp-json\/wp\/v2\/product_cat?post=3559132"},{"taxonomy":"product_tag","embeddable":true,"href":"https:\/\/woolyorganic.com\/lv\/wp-json\/wp\/v2\/product_tag?post=3559132"},{"taxonomy":"giftcard-category","embeddable":true,"href":"https:\/\/woolyorganic.com\/lv\/wp-json\/wp\/v2\/giftcard-category?post=3559132"}],"curies":[{"name":"wp","href":"https:\/\/api.w.org\/{rel}","templated":true}]}}