{"id":3549652,"date":"2023-06-20T11:24:51","date_gmt":"2023-06-20T11:24:51","guid":{"rendered":"https:\/\/woolyorganic.com\/?post_type=product&#038;p=3549652"},"modified":"2024-10-30T14:12:35","modified_gmt":"2024-10-30T14:12:35","slug":"gloves-ss24","status":"publish","type":"product","link":"https:\/\/woolyorganic.com\/lv\/shop-product\/collections\/ss24\/ss24-drop1\/gloves-ss24\/","title":{"rendered":"CIMDI\u0145I SS24"},"content":{"rendered":"<p>Wooly Organic cimdi\u0146i ir cie\u0161i piegu\u013co\u0161i un \u0113rti, t\u0101p\u0113c tie ir lieliski piem\u0113roti j\u016bsu mazu\u013ca jut\u012bgai \u0101dai. Elast\u012bgs dizains pie\u0161\u0137ir stila piesk\u0101rienu, vienlaikus nodro\u0161inot dro\u0161u valk\u0101\u0161anu, t\u0101p\u0113c j\u016bsu mazu\u013ca rokas b\u016bs aizsarg\u0101tas un omul\u012bgas visas dienas garum\u0101. \u0160is 2024. gada kolekcijas izstr\u0101d\u0101jums ir ide\u0101la izv\u0113le vec\u0101kiem, kuri nov\u0113rt\u0113 gan komfortu, gan ilgtsp\u0113ju. Elast\u012bgs audums - 95% organisk\u0101 kokvilna, 5% elast\u0101ns (GOTS). Mazg\u0101t ve\u013casma\u0161\u012bn\u0101 kop\u0101 ar l\u012bdz\u012bgas kr\u0101sas dr\u0113b\u0113m 40 \u00b0C temperat\u016br\u0101, ne\u017e\u0101v\u0113jot. Ar m\u012blest\u012bbu ra\u017eots Latvij\u0101 (ES). Izstr\u0101d\u0101juma kr\u0101sa var nedaudz at\u0161\u0137irties no att\u0113l\u0101 redzam\u0101s.<\/p>","protected":false},"excerpt":{"rendered":"<p>Wooly Organic gloves offer a snug and comfortable fit, making them ideal for your baby&#8217;s delicate skin. The ribbed design adds a touch of style while providing a secure fit,&hellip;<\/p>","protected":false},"featured_media":3551494,"comment_status":"open","ping_status":"closed","template":"","meta":{"_acf_changed":false,"inline_featured_image":false,"iawp_total_views":5},"product_brand":[],"product_cat":[598,580,574,572,602,15,659,706,707],"product_tag":[652,448,687,451,678,446],"giftcard-category":[],"class_list":{"0":"post-3549652","1":"product","2":"type-product","3":"status-publish","4":"has-post-thumbnail","6":"product_cat-accessories","7":"product_cat-baby","8":"product_cat-collections","9":"product_cat-deals","10":"product_cat-gloves","11":"product_cat-shop-all","12":"product_cat-special-offers","13":"product_cat-ss24","14":"product_cat-ss24-drop1","15":"product_tag-bering-sea","16":"product_tag-gots","17":"product_tag-mesa-rose","18":"product_tag-rib","19":"product_tag-ss24","20":"product_tag-unisex","22":"first","23":"outofstock","24":"taxable","25":"shipping-taxable","26":"product-type-variable","27":"layout-style-6","28":"col-md-4 col-sm-4 col-xs-6","29":"col-lg-3","30":"product-has-gallery","31":"product-style-addtocart"},"bundled_by":[],"bundle_stock_status":"outofstock","bundle_stock_quantity":null,"bundle_virtual":false,"bundle_layout":"","bundle_add_to_cart_form_location":"","bundle_editable_in_cart":false,"bundle_sold_individually_context":"","bundle_item_grouping":"","bundle_min_size":"","bundle_max_size":"","bundle_price":[],"bundled_items":[],"bundle_sell_ids":[],"acf":[],"yoast_head":"<!-- This site is optimized with the Yoast SEO plugin v27.2 - https:\/\/yoast.com\/product\/yoast-seo-wordpress\/ -->\n<title>GLOVES SS24 - Wooly Organic<\/title>\n<meta name=\"robots\" content=\"index, follow, max-snippet:-1, max-image-preview:large, max-video-preview:-1\" \/>\n<link rel=\"canonical\" href=\"https:\/\/woolyorganic.com\/lv\/shop-product\/collections\/ss24\/ss24-drop1\/gloves-ss24\/\" \/>\n<meta property=\"og:locale\" content=\"lv_LV\" \/>\n<meta property=\"og:type\" content=\"article\" \/>\n<meta property=\"og:title\" content=\"GLOVES SS24 - Wooly Organic\" \/>\n<meta property=\"og:description\" content=\"Wooly Organic gloves offer a snug and comfortable fit, making them ideal for your baby&#8217;s delicate skin. The ribbed design adds a touch of style while providing a secure fit,&hellip;\" \/>\n<meta property=\"og:url\" content=\"https:\/\/woolyorganic.com\/lv\/shop-product\/collections\/ss24\/ss24-drop1\/gloves-ss24\/\" \/>\n<meta property=\"og:site_name\" content=\"Wooly Organic\" \/>\n<meta property=\"article:publisher\" content=\"https:\/\/www.facebook.com\/woolyorganic\" \/>\n<meta property=\"article:modified_time\" content=\"2024-10-30T14:12:35+00:00\" \/>\n<meta property=\"og:image\" content=\"https:\/\/woolyorganic.com\/wp-content\/uploads\/2023\/06\/DR-64-X-X-8-3.png\" \/>\n\t<meta property=\"og:image:width\" content=\"1000\" \/>\n\t<meta property=\"og:image:height\" content=\"1000\" \/>\n\t<meta property=\"og:image:type\" content=\"image\/png\" \/>\n<meta name=\"twitter:card\" content=\"summary_large_image\" \/>\n<meta name=\"twitter:label1\" content=\"Est. reading time\" \/>\n\t<meta name=\"twitter:data1\" content=\"1 min\u016bte\" \/>\n<script type=\"application\/ld+json\" class=\"yoast-schema-graph\">{\"@context\":\"https:\/\/schema.org\",\"@graph\":[{\"@type\":\"WebPage\",\"@id\":\"https:\/\/woolyorganic.com\/shop-product\/collections\/ss24\/ss24-drop1\/gloves-ss24\/\",\"url\":\"https:\/\/woolyorganic.com\/shop-product\/collections\/ss24\/ss24-drop1\/gloves-ss24\/\",\"name\":\"GLOVES SS24 - Wooly Organic\",\"isPartOf\":{\"@id\":\"\/#website\"},\"primaryImageOfPage\":{\"@id\":\"https:\/\/woolyorganic.com\/shop-product\/collections\/ss24\/ss24-drop1\/gloves-ss24\/#primaryimage\"},\"image\":{\"@id\":\"https:\/\/woolyorganic.com\/shop-product\/collections\/ss24\/ss24-drop1\/gloves-ss24\/#primaryimage\"},\"thumbnailUrl\":\"https:\/\/woolyorganic.com\/wp-content\/uploads\/2023\/06\/DR-64-X-X-8-3.png\",\"datePublished\":\"2023-06-20T11:24:51+00:00\",\"dateModified\":\"2024-10-30T14:12:35+00:00\",\"breadcrumb\":{\"@id\":\"https:\/\/woolyorganic.com\/shop-product\/collections\/ss24\/ss24-drop1\/gloves-ss24\/#breadcrumb\"},\"inLanguage\":\"lv-LV\",\"potentialAction\":[{\"@type\":\"ReadAction\",\"target\":[\"https:\/\/woolyorganic.com\/shop-product\/collections\/ss24\/ss24-drop1\/gloves-ss24\/\"]}]},{\"@type\":\"ImageObject\",\"inLanguage\":\"lv-LV\",\"@id\":\"https:\/\/woolyorganic.com\/shop-product\/collections\/ss24\/ss24-drop1\/gloves-ss24\/#primaryimage\",\"url\":\"https:\/\/woolyorganic.com\/wp-content\/uploads\/2023\/06\/DR-64-X-X-8-3.png\",\"contentUrl\":\"https:\/\/woolyorganic.com\/wp-content\/uploads\/2023\/06\/DR-64-X-X-8-3.png\",\"width\":1000,\"height\":1000},{\"@type\":\"BreadcrumbList\",\"@id\":\"https:\/\/woolyorganic.com\/shop-product\/collections\/ss24\/ss24-drop1\/gloves-ss24\/#breadcrumb\",\"itemListElement\":[{\"@type\":\"ListItem\",\"position\":1,\"name\":\"Home\",\"item\":\"https:\/\/woolyorganic.com\/\"},{\"@type\":\"ListItem\",\"position\":2,\"name\":\"GLOVES SS24\"}]},{\"@type\":\"WebSite\",\"@id\":\"\/#website\",\"url\":\"\/\",\"name\":\"Wooly Organic\",\"description\":\"Wooly Organic\",\"publisher\":{\"@id\":\"\/#organization\"},\"potentialAction\":[{\"@type\":\"SearchAction\",\"target\":{\"@type\":\"EntryPoint\",\"urlTemplate\":\"\/?s={search_term_string}\"},\"query-input\":{\"@type\":\"PropertyValueSpecification\",\"valueRequired\":true,\"valueName\":\"search_term_string\"}}],\"inLanguage\":\"lv-LV\"},{\"@type\":\"Organization\",\"@id\":\"\/#organization\",\"name\":\"Wooly Organic\",\"url\":\"\/\",\"logo\":{\"@type\":\"ImageObject\",\"inLanguage\":\"lv-LV\",\"@id\":\"\/#\/schema\/logo\/image\/\",\"url\":\"https:\/\/woolyorganic.com\/wp-content\/uploads\/2023\/03\/KnmDNUd2.png\",\"contentUrl\":\"https:\/\/woolyorganic.com\/wp-content\/uploads\/2023\/03\/KnmDNUd2.png\",\"width\":567,\"height\":567,\"caption\":\"Wooly Organic\"},\"image\":{\"@id\":\"\/#\/schema\/logo\/image\/\"},\"sameAs\":[\"https:\/\/www.facebook.com\/woolyorganic\",\"https:\/\/www.instagram.com\/woolyorganic\/\"]}]}<\/script>\n<!-- \/ Yoast SEO plugin. -->","yoast_head_json":{"title":"GLOVES SS24 - Wooly Organic","robots":{"index":"index","follow":"follow","max-snippet":"max-snippet:-1","max-image-preview":"max-image-preview:large","max-video-preview":"max-video-preview:-1"},"canonical":"https:\/\/woolyorganic.com\/lv\/shop-product\/collections\/ss24\/ss24-drop1\/gloves-ss24\/","og_locale":"lv_LV","og_type":"article","og_title":"GLOVES SS24 - Wooly Organic","og_description":"Wooly Organic gloves offer a snug and comfortable fit, making them ideal for your baby&#8217;s delicate skin. The ribbed design adds a touch of style while providing a secure fit,&hellip;","og_url":"https:\/\/woolyorganic.com\/lv\/shop-product\/collections\/ss24\/ss24-drop1\/gloves-ss24\/","og_site_name":"Wooly Organic","article_publisher":"https:\/\/www.facebook.com\/woolyorganic","article_modified_time":"2024-10-30T14:12:35+00:00","og_image":[{"width":1000,"height":1000,"url":"https:\/\/woolyorganic.com\/wp-content\/uploads\/2023\/06\/DR-64-X-X-8-3.png","type":"image\/png"}],"twitter_card":"summary_large_image","twitter_misc":{"Est. reading time":"1 min\u016bte"},"schema":{"@context":"https:\/\/schema.org","@graph":[{"@type":"WebPage","@id":"https:\/\/woolyorganic.com\/shop-product\/collections\/ss24\/ss24-drop1\/gloves-ss24\/","url":"https:\/\/woolyorganic.com\/shop-product\/collections\/ss24\/ss24-drop1\/gloves-ss24\/","name":"GLOVES SS24 - Wooly Organic","isPartOf":{"@id":"\/#website"},"primaryImageOfPage":{"@id":"https:\/\/woolyorganic.com\/shop-product\/collections\/ss24\/ss24-drop1\/gloves-ss24\/#primaryimage"},"image":{"@id":"https:\/\/woolyorganic.com\/shop-product\/collections\/ss24\/ss24-drop1\/gloves-ss24\/#primaryimage"},"thumbnailUrl":"https:\/\/woolyorganic.com\/wp-content\/uploads\/2023\/06\/DR-64-X-X-8-3.png","datePublished":"2023-06-20T11:24:51+00:00","dateModified":"2024-10-30T14:12:35+00:00","breadcrumb":{"@id":"https:\/\/woolyorganic.com\/shop-product\/collections\/ss24\/ss24-drop1\/gloves-ss24\/#breadcrumb"},"inLanguage":"lv-LV","potentialAction":[{"@type":"ReadAction","target":["https:\/\/woolyorganic.com\/shop-product\/collections\/ss24\/ss24-drop1\/gloves-ss24\/"]}]},{"@type":"ImageObject","inLanguage":"lv-LV","@id":"https:\/\/woolyorganic.com\/shop-product\/collections\/ss24\/ss24-drop1\/gloves-ss24\/#primaryimage","url":"https:\/\/woolyorganic.com\/wp-content\/uploads\/2023\/06\/DR-64-X-X-8-3.png","contentUrl":"https:\/\/woolyorganic.com\/wp-content\/uploads\/2023\/06\/DR-64-X-X-8-3.png","width":1000,"height":1000},{"@type":"BreadcrumbList","@id":"https:\/\/woolyorganic.com\/shop-product\/collections\/ss24\/ss24-drop1\/gloves-ss24\/#breadcrumb","itemListElement":[{"@type":"ListItem","position":1,"name":"Home","item":"https:\/\/woolyorganic.com\/"},{"@type":"ListItem","position":2,"name":"GLOVES SS24"}]},{"@type":"WebSite","@id":"\/#website","url":"\/","name":"Wooly Organic","description":"Wooly Organic","publisher":{"@id":"\/#organization"},"potentialAction":[{"@type":"SearchAction","target":{"@type":"EntryPoint","urlTemplate":"\/?s={search_term_string}"},"query-input":{"@type":"PropertyValueSpecification","valueRequired":true,"valueName":"search_term_string"}}],"inLanguage":"lv-LV"},{"@type":"Organization","@id":"\/#organization","name":"Wooly Organic","url":"\/","logo":{"@type":"ImageObject","inLanguage":"lv-LV","@id":"\/#\/schema\/logo\/image\/","url":"https:\/\/woolyorganic.com\/wp-content\/uploads\/2023\/03\/KnmDNUd2.png","contentUrl":"https:\/\/woolyorganic.com\/wp-content\/uploads\/2023\/03\/KnmDNUd2.png","width":567,"height":567,"caption":"Wooly Organic"},"image":{"@id":"\/#\/schema\/logo\/image\/"},"sameAs":["https:\/\/www.facebook.com\/woolyorganic","https:\/\/www.instagram.com\/woolyorganic\/"]}]}},"_links":{"self":[{"href":"https:\/\/woolyorganic.com\/lv\/wp-json\/wp\/v2\/product\/3549652","targetHints":{"allow":["GET"]}}],"collection":[{"href":"https:\/\/woolyorganic.com\/lv\/wp-json\/wp\/v2\/product"}],"about":[{"href":"https:\/\/woolyorganic.com\/lv\/wp-json\/wp\/v2\/types\/product"}],"replies":[{"embeddable":true,"href":"https:\/\/woolyorganic.com\/lv\/wp-json\/wp\/v2\/comments?post=3549652"}],"wp:featuredmedia":[{"embeddable":true,"href":"https:\/\/woolyorganic.com\/lv\/wp-json\/wp\/v2\/media\/3551494"}],"wp:attachment":[{"href":"https:\/\/woolyorganic.com\/lv\/wp-json\/wp\/v2\/media?parent=3549652"}],"wp:term":[{"taxonomy":"product_brand","embeddable":true,"href":"https:\/\/woolyorganic.com\/lv\/wp-json\/wp\/v2\/product_brand?post=3549652"},{"taxonomy":"product_cat","embeddable":true,"href":"https:\/\/woolyorganic.com\/lv\/wp-json\/wp\/v2\/product_cat?post=3549652"},{"taxonomy":"product_tag","embeddable":true,"href":"https:\/\/woolyorganic.com\/lv\/wp-json\/wp\/v2\/product_tag?post=3549652"},{"taxonomy":"giftcard-category","embeddable":true,"href":"https:\/\/woolyorganic.com\/lv\/wp-json\/wp\/v2\/giftcard-category?post=3549652"}],"curies":[{"name":"wp","href":"https:\/\/api.w.org\/{rel}","templated":true}]}}