{"id":3549331,"date":"2023-06-20T08:15:29","date_gmt":"2023-06-20T08:15:29","guid":{"rendered":"https:\/\/woolyorganic.com\/?post_type=product&#038;p=3549331"},"modified":"2026-01-04T13:01:25","modified_gmt":"2026-01-04T13:01:25","slug":"terry-leggings-ay24","status":"publish","type":"product","link":"https:\/\/woolyorganic.com\/lv\/shop-product\/baby\/leggings\/terry-leggings-ay24\/","title":{"rendered":"FROT\u0112 LEGINGI AY24"},"content":{"rendered":"<p>Komfortabli un \u0113rti Wooly Organic frot\u0113 legingi mazu\u013ciem. Legingi ir izgatavoti no m\u012bksta, ad\u012bta frot\u0113 auduma, kas izgatavots no 100 % organisk\u0101s kokvilnas un ir sertific\u0113ts saska\u0146\u0101 ar Pasaules biolo\u0123isk\u0101s tekstilizstr\u0101d\u0101jumu standartu (GOTS). Elast\u012bgais un pat\u012bkamais materi\u0101ls \u013caus j\u016bsu mazulim br\u012bvi kust\u0113ties, padarot \u0161os legingus par lielisku izv\u0113li rota\u013cu laikam, gul\u0113tie\u0161anai un visam, kas ir starp tiem. Mazg\u0101jiet ve\u013casma\u0161\u012bn\u0101 kop\u0101 ar l\u012bdz\u012bgas kr\u0101sas ap\u0123\u0113rbiem 40\u00b0C temperat\u016br\u0101, ne\u017e\u0101v\u0113jot. Ar m\u012blest\u012bbu izgatavoti Latvij\u0101 (ES). Izstr\u0101d\u0101juma kr\u0101sa var nedaudz at\u0161\u0137irties no att\u0113l\u0101 redzam\u0101s.<\/p>","protected":false},"excerpt":{"rendered":"<p>Cozy and comfortable Wooly Organic terry leggings for babies. These leggings are crafted from soft, knitted terry fabric made from 100% organic cotton and are certified under the Global Organic&hellip;<\/p>","protected":false},"featured_media":3549544,"comment_status":"open","ping_status":"closed","template":"","meta":{"_acf_changed":false,"inline_featured_image":false,"iawp_total_views":220},"product_brand":[],"product_cat":[705,580,574,572,595,15,659],"product_tag":[704,448,469,683,473,682,446],"giftcard-category":[],"class_list":{"0":"post-3549331","1":"product","2":"type-product","3":"status-publish","4":"has-post-thumbnail","6":"product_cat-ay24","7":"product_cat-baby","8":"product_cat-collections","9":"product_cat-deals","10":"product_cat-leggings","11":"product_cat-shop-all","12":"product_cat-special-offers","13":"product_tag-ay24","14":"product_tag-gots","15":"product_tag-knitted-terry","16":"product_tag-pink-rose","17":"product_tag-slate-green","18":"product_tag-tiramisu","19":"product_tag-unisex","21":"first","22":"outofstock","23":"taxable","24":"shipping-taxable","25":"product-type-variable","26":"layout-style-6","27":"col-md-4 col-sm-4 col-xs-6","28":"col-lg-3","29":"product-style-addtocart"},"bundled_by":[],"bundle_stock_status":"outofstock","bundle_stock_quantity":null,"bundle_virtual":false,"bundle_layout":"","bundle_add_to_cart_form_location":"","bundle_editable_in_cart":false,"bundle_sold_individually_context":"","bundle_item_grouping":"","bundle_min_size":"","bundle_max_size":"","bundle_price":[],"bundled_items":[],"bundle_sell_ids":[],"acf":[],"yoast_head":"<!-- This site is optimized with the Yoast SEO plugin v27.2 - https:\/\/yoast.com\/product\/yoast-seo-wordpress\/ -->\n<title>TERRY LEGGINGS AY24 - Wooly Organic<\/title>\n<meta name=\"robots\" content=\"index, follow, max-snippet:-1, max-image-preview:large, max-video-preview:-1\" \/>\n<link rel=\"canonical\" href=\"https:\/\/woolyorganic.com\/lv\/shop-product\/baby\/leggings\/terry-leggings-ay24\/\" \/>\n<meta property=\"og:locale\" content=\"lv_LV\" \/>\n<meta property=\"og:type\" content=\"article\" \/>\n<meta property=\"og:title\" content=\"TERRY LEGGINGS AY24 - Wooly Organic\" \/>\n<meta property=\"og:description\" content=\"Cozy and comfortable Wooly Organic terry leggings for babies. These leggings are crafted from soft, knitted terry fabric made from 100% organic cotton and are certified under the Global Organic&hellip;\" \/>\n<meta property=\"og:url\" content=\"https:\/\/woolyorganic.com\/lv\/shop-product\/baby\/leggings\/terry-leggings-ay24\/\" \/>\n<meta property=\"og:site_name\" content=\"Wooly Organic\" \/>\n<meta property=\"article:publisher\" content=\"https:\/\/www.facebook.com\/woolyorganic\" \/>\n<meta property=\"article:modified_time\" content=\"2026-01-04T13:01:25+00:00\" \/>\n<meta property=\"og:image\" content=\"https:\/\/woolyorganic.com\/wp-content\/uploads\/2023\/06\/KT-140-XX-80.jpg\" \/>\n\t<meta property=\"og:image:width\" content=\"1500\" \/>\n\t<meta property=\"og:image:height\" content=\"1500\" \/>\n\t<meta property=\"og:image:type\" content=\"image\/jpeg\" \/>\n<meta name=\"twitter:card\" content=\"summary_large_image\" \/>\n<meta name=\"twitter:label1\" content=\"Est. reading time\" \/>\n\t<meta name=\"twitter:data1\" content=\"1 min\u016bte\" \/>\n<script type=\"application\/ld+json\" class=\"yoast-schema-graph\">{\"@context\":\"https:\/\/schema.org\",\"@graph\":[{\"@type\":\"WebPage\",\"@id\":\"https:\/\/woolyorganic.com\/shop-product\/baby\/leggings\/terry-leggings-ay24\/\",\"url\":\"https:\/\/woolyorganic.com\/shop-product\/baby\/leggings\/terry-leggings-ay24\/\",\"name\":\"TERRY LEGGINGS AY24 - Wooly Organic\",\"isPartOf\":{\"@id\":\"\/#website\"},\"primaryImageOfPage\":{\"@id\":\"https:\/\/woolyorganic.com\/shop-product\/baby\/leggings\/terry-leggings-ay24\/#primaryimage\"},\"image\":{\"@id\":\"https:\/\/woolyorganic.com\/shop-product\/baby\/leggings\/terry-leggings-ay24\/#primaryimage\"},\"thumbnailUrl\":\"https:\/\/woolyorganic.com\/wp-content\/uploads\/2023\/06\/KT-140-XX-80.jpg\",\"datePublished\":\"2023-06-20T08:15:29+00:00\",\"dateModified\":\"2026-01-04T13:01:25+00:00\",\"breadcrumb\":{\"@id\":\"https:\/\/woolyorganic.com\/shop-product\/baby\/leggings\/terry-leggings-ay24\/#breadcrumb\"},\"inLanguage\":\"lv-LV\",\"potentialAction\":[{\"@type\":\"ReadAction\",\"target\":[\"https:\/\/woolyorganic.com\/shop-product\/baby\/leggings\/terry-leggings-ay24\/\"]}]},{\"@type\":\"ImageObject\",\"inLanguage\":\"lv-LV\",\"@id\":\"https:\/\/woolyorganic.com\/shop-product\/baby\/leggings\/terry-leggings-ay24\/#primaryimage\",\"url\":\"https:\/\/woolyorganic.com\/wp-content\/uploads\/2023\/06\/KT-140-XX-80.jpg\",\"contentUrl\":\"https:\/\/woolyorganic.com\/wp-content\/uploads\/2023\/06\/KT-140-XX-80.jpg\",\"width\":1500,\"height\":1500},{\"@type\":\"BreadcrumbList\",\"@id\":\"https:\/\/woolyorganic.com\/shop-product\/baby\/leggings\/terry-leggings-ay24\/#breadcrumb\",\"itemListElement\":[{\"@type\":\"ListItem\",\"position\":1,\"name\":\"Home\",\"item\":\"https:\/\/woolyorganic.com\/\"},{\"@type\":\"ListItem\",\"position\":2,\"name\":\"TERRY LEGGINGS AY24\"}]},{\"@type\":\"WebSite\",\"@id\":\"\/#website\",\"url\":\"\/\",\"name\":\"Wooly Organic\",\"description\":\"Wooly Organic\",\"publisher\":{\"@id\":\"\/#organization\"},\"potentialAction\":[{\"@type\":\"SearchAction\",\"target\":{\"@type\":\"EntryPoint\",\"urlTemplate\":\"\/?s={search_term_string}\"},\"query-input\":{\"@type\":\"PropertyValueSpecification\",\"valueRequired\":true,\"valueName\":\"search_term_string\"}}],\"inLanguage\":\"lv-LV\"},{\"@type\":\"Organization\",\"@id\":\"\/#organization\",\"name\":\"Wooly Organic\",\"url\":\"\/\",\"logo\":{\"@type\":\"ImageObject\",\"inLanguage\":\"lv-LV\",\"@id\":\"\/#\/schema\/logo\/image\/\",\"url\":\"https:\/\/woolyorganic.com\/wp-content\/uploads\/2023\/03\/KnmDNUd2.png\",\"contentUrl\":\"https:\/\/woolyorganic.com\/wp-content\/uploads\/2023\/03\/KnmDNUd2.png\",\"width\":567,\"height\":567,\"caption\":\"Wooly Organic\"},\"image\":{\"@id\":\"\/#\/schema\/logo\/image\/\"},\"sameAs\":[\"https:\/\/www.facebook.com\/woolyorganic\",\"https:\/\/www.instagram.com\/woolyorganic\/\"]}]}<\/script>\n<!-- \/ Yoast SEO plugin. -->","yoast_head_json":{"title":"TERRY LEGGINGS AY24 - Wooly Organic","robots":{"index":"index","follow":"follow","max-snippet":"max-snippet:-1","max-image-preview":"max-image-preview:large","max-video-preview":"max-video-preview:-1"},"canonical":"https:\/\/woolyorganic.com\/lv\/shop-product\/baby\/leggings\/terry-leggings-ay24\/","og_locale":"lv_LV","og_type":"article","og_title":"TERRY LEGGINGS AY24 - Wooly Organic","og_description":"Cozy and comfortable Wooly Organic terry leggings for babies. These leggings are crafted from soft, knitted terry fabric made from 100% organic cotton and are certified under the Global Organic&hellip;","og_url":"https:\/\/woolyorganic.com\/lv\/shop-product\/baby\/leggings\/terry-leggings-ay24\/","og_site_name":"Wooly Organic","article_publisher":"https:\/\/www.facebook.com\/woolyorganic","article_modified_time":"2026-01-04T13:01:25+00:00","og_image":[{"width":1500,"height":1500,"url":"https:\/\/woolyorganic.com\/wp-content\/uploads\/2023\/06\/KT-140-XX-80.jpg","type":"image\/jpeg"}],"twitter_card":"summary_large_image","twitter_misc":{"Est. reading time":"1 min\u016bte"},"schema":{"@context":"https:\/\/schema.org","@graph":[{"@type":"WebPage","@id":"https:\/\/woolyorganic.com\/shop-product\/baby\/leggings\/terry-leggings-ay24\/","url":"https:\/\/woolyorganic.com\/shop-product\/baby\/leggings\/terry-leggings-ay24\/","name":"TERRY LEGGINGS AY24 - Wooly Organic","isPartOf":{"@id":"\/#website"},"primaryImageOfPage":{"@id":"https:\/\/woolyorganic.com\/shop-product\/baby\/leggings\/terry-leggings-ay24\/#primaryimage"},"image":{"@id":"https:\/\/woolyorganic.com\/shop-product\/baby\/leggings\/terry-leggings-ay24\/#primaryimage"},"thumbnailUrl":"https:\/\/woolyorganic.com\/wp-content\/uploads\/2023\/06\/KT-140-XX-80.jpg","datePublished":"2023-06-20T08:15:29+00:00","dateModified":"2026-01-04T13:01:25+00:00","breadcrumb":{"@id":"https:\/\/woolyorganic.com\/shop-product\/baby\/leggings\/terry-leggings-ay24\/#breadcrumb"},"inLanguage":"lv-LV","potentialAction":[{"@type":"ReadAction","target":["https:\/\/woolyorganic.com\/shop-product\/baby\/leggings\/terry-leggings-ay24\/"]}]},{"@type":"ImageObject","inLanguage":"lv-LV","@id":"https:\/\/woolyorganic.com\/shop-product\/baby\/leggings\/terry-leggings-ay24\/#primaryimage","url":"https:\/\/woolyorganic.com\/wp-content\/uploads\/2023\/06\/KT-140-XX-80.jpg","contentUrl":"https:\/\/woolyorganic.com\/wp-content\/uploads\/2023\/06\/KT-140-XX-80.jpg","width":1500,"height":1500},{"@type":"BreadcrumbList","@id":"https:\/\/woolyorganic.com\/shop-product\/baby\/leggings\/terry-leggings-ay24\/#breadcrumb","itemListElement":[{"@type":"ListItem","position":1,"name":"Home","item":"https:\/\/woolyorganic.com\/"},{"@type":"ListItem","position":2,"name":"TERRY LEGGINGS AY24"}]},{"@type":"WebSite","@id":"\/#website","url":"\/","name":"Wooly Organic","description":"Wooly Organic","publisher":{"@id":"\/#organization"},"potentialAction":[{"@type":"SearchAction","target":{"@type":"EntryPoint","urlTemplate":"\/?s={search_term_string}"},"query-input":{"@type":"PropertyValueSpecification","valueRequired":true,"valueName":"search_term_string"}}],"inLanguage":"lv-LV"},{"@type":"Organization","@id":"\/#organization","name":"Wooly Organic","url":"\/","logo":{"@type":"ImageObject","inLanguage":"lv-LV","@id":"\/#\/schema\/logo\/image\/","url":"https:\/\/woolyorganic.com\/wp-content\/uploads\/2023\/03\/KnmDNUd2.png","contentUrl":"https:\/\/woolyorganic.com\/wp-content\/uploads\/2023\/03\/KnmDNUd2.png","width":567,"height":567,"caption":"Wooly Organic"},"image":{"@id":"\/#\/schema\/logo\/image\/"},"sameAs":["https:\/\/www.facebook.com\/woolyorganic","https:\/\/www.instagram.com\/woolyorganic\/"]}]}},"_links":{"self":[{"href":"https:\/\/woolyorganic.com\/lv\/wp-json\/wp\/v2\/product\/3549331","targetHints":{"allow":["GET"]}}],"collection":[{"href":"https:\/\/woolyorganic.com\/lv\/wp-json\/wp\/v2\/product"}],"about":[{"href":"https:\/\/woolyorganic.com\/lv\/wp-json\/wp\/v2\/types\/product"}],"replies":[{"embeddable":true,"href":"https:\/\/woolyorganic.com\/lv\/wp-json\/wp\/v2\/comments?post=3549331"}],"wp:featuredmedia":[{"embeddable":true,"href":"https:\/\/woolyorganic.com\/lv\/wp-json\/wp\/v2\/media\/3549544"}],"wp:attachment":[{"href":"https:\/\/woolyorganic.com\/lv\/wp-json\/wp\/v2\/media?parent=3549331"}],"wp:term":[{"taxonomy":"product_brand","embeddable":true,"href":"https:\/\/woolyorganic.com\/lv\/wp-json\/wp\/v2\/product_brand?post=3549331"},{"taxonomy":"product_cat","embeddable":true,"href":"https:\/\/woolyorganic.com\/lv\/wp-json\/wp\/v2\/product_cat?post=3549331"},{"taxonomy":"product_tag","embeddable":true,"href":"https:\/\/woolyorganic.com\/lv\/wp-json\/wp\/v2\/product_tag?post=3549331"},{"taxonomy":"giftcard-category","embeddable":true,"href":"https:\/\/woolyorganic.com\/lv\/wp-json\/wp\/v2\/giftcard-category?post=3549331"}],"curies":[{"name":"wp","href":"https:\/\/api.w.org\/{rel}","templated":true}]}}