{"id":3544210,"date":"2023-02-07T12:21:30","date_gmt":"2023-02-07T12:21:30","guid":{"rendered":"https:\/\/updates-test.woolyorganic.com\/shop-product\/uncategorized\/pacifier-clip-for-babies-aw23\/"},"modified":"2024-07-16T11:01:30","modified_gmt":"2024-07-16T11:01:30","slug":"pacifier-clip-for-babies-aw23","status":"publish","type":"product","link":"https:\/\/woolyorganic.com\/lv\/shop-product\/baby\/accessories\/bibs-pacifier-clips\/pacifier-clip-for-babies-aw23\/","title":{"rendered":"KNUPJA TUR\u0112T\u0100JS MAZU\u013bIEM AW23"},"content":{"rendered":"<p>Saglab\u0101jiet mazu\u013ca knup\u012bti sasniedzam\u0101 att\u0101lum\u0101, izmantojot m\u016bsu organisk\u0101s kokvilnas knup\u012b\u0161u tur\u0113t\u0101ju mazu\u013ciem. 2023. gada kolekcijas knup\u012b\u0161a tur\u0113t\u0101js, kas izgatavots no GOTS sertific\u0113tas organisk\u0101s kokvilnas, ir ne tikai \u0113rts j\u016bsu mazulim, bet ar\u012b dro\u0161s un videi draudz\u012bgs. Koka klip\u0161i ir izgatavoti V\u0101cij\u0101, lai nodro\u0161in\u0101tu visaugst\u0101ko kvalit\u0101ti, un, lai j\u016bs b\u016btu mier\u012bg\u0101ki, to met\u0101lam nav ni\u0137e\u013ca. Ar \u0161o knup\u012b\u0161a tur\u0113t\u0101ju j\u016bs varat b\u016bt dro\u0161i, ka j\u016bsu mazu\u013ca knup\u012btis vienm\u0113r b\u016bs sasniedzams un gatavs nomierin\u0101t mazuli, kad vien tas b\u016bs nepiecie\u0161ams. Izgatavots no 100% organisk\u0101s kokvilnas (GOTS). Spiedpogas: bez ni\u0137e\u013ca. Mazg\u0101t ve\u013casma\u0161\u012bn\u0101 kop\u0101 ar l\u012bdz\u012bgas kr\u0101sas dr\u0113b\u0113m 40\u00b0C temperat\u016br\u0101 bez \u017e\u0101v\u0113\u0161anas. No 2023- AW23 rudens un ziemas kolekcijas. Ra\u017eots ar m\u012blest\u012bbu Latvij\u0101 (ES). Izstr\u0101d\u0101juma kr\u0101sa var nedaudz at\u0161\u0137irties no att\u0113l\u0101 redzam\u0101s.<\/p>","protected":false},"excerpt":{"rendered":"<p>Keep your baby&#8217;s pacifier within reach with our organic cotton pacifier clip for babies. Made from GOTS-certified organic cotton, this pacifier clip from the 2023 collection is not only comfortable&hellip;<\/p>","protected":false},"featured_media":3557465,"comment_status":"open","ping_status":"closed","template":"","meta":{"_acf_changed":false,"inline_featured_image":false,"iawp_total_views":6},"product_brand":[],"product_cat":[598,582,667,580,601,574,572,15,659],"product_tag":[445,448,449,447,454,450,446],"giftcard-category":[],"class_list":{"0":"post-3544210","1":"product","2":"type-product","3":"status-publish","4":"has-post-thumbnail","6":"product_cat-accessories","7":"product_cat-aw23","8":"product_cat-aw23-drop-1","9":"product_cat-baby","10":"product_cat-bibs-pacifier-clips","11":"product_cat-collections","12":"product_cat-deals","13":"product_cat-shop-all","14":"product_cat-special-offers","15":"product_tag-aw23","16":"product_tag-gots","17":"product_tag-green-splash","18":"product_tag-interlock","19":"product_tag-lavander-aura","20":"product_tag-pink-splash","21":"product_tag-unisex","23":"first","24":"outofstock","25":"taxable","26":"shipping-taxable","27":"product-type-variable","28":"layout-style-6","29":"col-md-4 col-sm-4 col-xs-6","30":"col-lg-3","31":"product-has-gallery","32":"product-style-addtocart"},"bundled_by":[],"bundle_stock_status":"outofstock","bundle_stock_quantity":null,"bundle_virtual":false,"bundle_layout":"","bundle_add_to_cart_form_location":"","bundle_editable_in_cart":false,"bundle_sold_individually_context":"","bundle_item_grouping":"","bundle_min_size":"","bundle_max_size":"","bundle_price":[],"bundled_items":[],"bundle_sell_ids":[],"acf":[],"yoast_head":"<!-- This site is optimized with the Yoast SEO plugin v27.2 - https:\/\/yoast.com\/product\/yoast-seo-wordpress\/ -->\n<title>PACIFIER CLIP FOR BABIES AW23 - Wooly Organic<\/title>\n<meta name=\"robots\" content=\"index, follow, max-snippet:-1, max-image-preview:large, max-video-preview:-1\" \/>\n<link rel=\"canonical\" href=\"https:\/\/woolyorganic.com\/lv\/shop-product\/baby\/accessories\/bibs-pacifier-clips\/pacifier-clip-for-babies-aw23\/\" \/>\n<meta property=\"og:locale\" content=\"lv_LV\" \/>\n<meta property=\"og:type\" content=\"article\" \/>\n<meta property=\"og:title\" content=\"PACIFIER CLIP FOR BABIES AW23 - Wooly Organic\" \/>\n<meta property=\"og:description\" content=\"Keep your baby&#8217;s pacifier within reach with our organic cotton pacifier clip for babies. Made from GOTS-certified organic cotton, this pacifier clip from the 2023 collection is not only comfortable&hellip;\" \/>\n<meta property=\"og:url\" content=\"https:\/\/woolyorganic.com\/lv\/shop-product\/baby\/accessories\/bibs-pacifier-clips\/pacifier-clip-for-babies-aw23\/\" \/>\n<meta property=\"og:site_name\" content=\"Wooly Organic\" \/>\n<meta property=\"article:publisher\" content=\"https:\/\/www.facebook.com\/woolyorganic\" \/>\n<meta property=\"article:modified_time\" content=\"2024-07-16T11:01:30+00:00\" \/>\n<meta property=\"og:image\" content=\"https:\/\/woolyorganic.com\/wp-content\/uploads\/2023\/02\/I-85-X-69-2.jpg\" \/>\n\t<meta property=\"og:image:width\" content=\"2250\" \/>\n\t<meta property=\"og:image:height\" content=\"2250\" \/>\n\t<meta property=\"og:image:type\" content=\"image\/jpeg\" \/>\n<meta name=\"twitter:card\" content=\"summary_large_image\" \/>\n<meta name=\"twitter:label1\" content=\"Est. reading time\" \/>\n\t<meta name=\"twitter:data1\" content=\"1 min\u016bte\" \/>\n<script type=\"application\/ld+json\" class=\"yoast-schema-graph\">{\"@context\":\"https:\/\/schema.org\",\"@graph\":[{\"@type\":\"WebPage\",\"@id\":\"https:\/\/woolyorganic.com\/shop-product\/baby\/accessories\/bibs-pacifier-clips\/pacifier-clip-for-babies-aw23\/\",\"url\":\"https:\/\/woolyorganic.com\/shop-product\/baby\/accessories\/bibs-pacifier-clips\/pacifier-clip-for-babies-aw23\/\",\"name\":\"PACIFIER CLIP FOR BABIES AW23 - Wooly Organic\",\"isPartOf\":{\"@id\":\"\/#website\"},\"primaryImageOfPage\":{\"@id\":\"https:\/\/woolyorganic.com\/shop-product\/baby\/accessories\/bibs-pacifier-clips\/pacifier-clip-for-babies-aw23\/#primaryimage\"},\"image\":{\"@id\":\"https:\/\/woolyorganic.com\/shop-product\/baby\/accessories\/bibs-pacifier-clips\/pacifier-clip-for-babies-aw23\/#primaryimage\"},\"thumbnailUrl\":\"https:\/\/woolyorganic.com\/wp-content\/uploads\/2023\/02\/I-85-X-69-2.jpg\",\"datePublished\":\"2023-02-07T12:21:30+00:00\",\"dateModified\":\"2024-07-16T11:01:30+00:00\",\"breadcrumb\":{\"@id\":\"https:\/\/woolyorganic.com\/shop-product\/baby\/accessories\/bibs-pacifier-clips\/pacifier-clip-for-babies-aw23\/#breadcrumb\"},\"inLanguage\":\"lv-LV\",\"potentialAction\":[{\"@type\":\"ReadAction\",\"target\":[\"https:\/\/woolyorganic.com\/shop-product\/baby\/accessories\/bibs-pacifier-clips\/pacifier-clip-for-babies-aw23\/\"]}]},{\"@type\":\"ImageObject\",\"inLanguage\":\"lv-LV\",\"@id\":\"https:\/\/woolyorganic.com\/shop-product\/baby\/accessories\/bibs-pacifier-clips\/pacifier-clip-for-babies-aw23\/#primaryimage\",\"url\":\"https:\/\/woolyorganic.com\/wp-content\/uploads\/2023\/02\/I-85-X-69-2.jpg\",\"contentUrl\":\"https:\/\/woolyorganic.com\/wp-content\/uploads\/2023\/02\/I-85-X-69-2.jpg\",\"width\":2250,\"height\":2250},{\"@type\":\"BreadcrumbList\",\"@id\":\"https:\/\/woolyorganic.com\/shop-product\/baby\/accessories\/bibs-pacifier-clips\/pacifier-clip-for-babies-aw23\/#breadcrumb\",\"itemListElement\":[{\"@type\":\"ListItem\",\"position\":1,\"name\":\"Home\",\"item\":\"https:\/\/woolyorganic.com\/\"},{\"@type\":\"ListItem\",\"position\":2,\"name\":\"PACIFIER CLIP FOR BABIES AW23\"}]},{\"@type\":\"WebSite\",\"@id\":\"\/#website\",\"url\":\"\/\",\"name\":\"Wooly Organic\",\"description\":\"Wooly Organic\",\"publisher\":{\"@id\":\"\/#organization\"},\"potentialAction\":[{\"@type\":\"SearchAction\",\"target\":{\"@type\":\"EntryPoint\",\"urlTemplate\":\"\/?s={search_term_string}\"},\"query-input\":{\"@type\":\"PropertyValueSpecification\",\"valueRequired\":true,\"valueName\":\"search_term_string\"}}],\"inLanguage\":\"lv-LV\"},{\"@type\":\"Organization\",\"@id\":\"\/#organization\",\"name\":\"Wooly Organic\",\"url\":\"\/\",\"logo\":{\"@type\":\"ImageObject\",\"inLanguage\":\"lv-LV\",\"@id\":\"\/#\/schema\/logo\/image\/\",\"url\":\"https:\/\/woolyorganic.com\/wp-content\/uploads\/2023\/03\/KnmDNUd2.png\",\"contentUrl\":\"https:\/\/woolyorganic.com\/wp-content\/uploads\/2023\/03\/KnmDNUd2.png\",\"width\":567,\"height\":567,\"caption\":\"Wooly Organic\"},\"image\":{\"@id\":\"\/#\/schema\/logo\/image\/\"},\"sameAs\":[\"https:\/\/www.facebook.com\/woolyorganic\",\"https:\/\/www.instagram.com\/woolyorganic\/\"]}]}<\/script>\n<!-- \/ Yoast SEO plugin. -->","yoast_head_json":{"title":"PACIFIER CLIP FOR BABIES AW23 - Wooly Organic","robots":{"index":"index","follow":"follow","max-snippet":"max-snippet:-1","max-image-preview":"max-image-preview:large","max-video-preview":"max-video-preview:-1"},"canonical":"https:\/\/woolyorganic.com\/lv\/shop-product\/baby\/accessories\/bibs-pacifier-clips\/pacifier-clip-for-babies-aw23\/","og_locale":"lv_LV","og_type":"article","og_title":"PACIFIER CLIP FOR BABIES AW23 - Wooly Organic","og_description":"Keep your baby&#8217;s pacifier within reach with our organic cotton pacifier clip for babies. Made from GOTS-certified organic cotton, this pacifier clip from the 2023 collection is not only comfortable&hellip;","og_url":"https:\/\/woolyorganic.com\/lv\/shop-product\/baby\/accessories\/bibs-pacifier-clips\/pacifier-clip-for-babies-aw23\/","og_site_name":"Wooly Organic","article_publisher":"https:\/\/www.facebook.com\/woolyorganic","article_modified_time":"2024-07-16T11:01:30+00:00","og_image":[{"width":2250,"height":2250,"url":"https:\/\/woolyorganic.com\/wp-content\/uploads\/2023\/02\/I-85-X-69-2.jpg","type":"image\/jpeg"}],"twitter_card":"summary_large_image","twitter_misc":{"Est. reading time":"1 min\u016bte"},"schema":{"@context":"https:\/\/schema.org","@graph":[{"@type":"WebPage","@id":"https:\/\/woolyorganic.com\/shop-product\/baby\/accessories\/bibs-pacifier-clips\/pacifier-clip-for-babies-aw23\/","url":"https:\/\/woolyorganic.com\/shop-product\/baby\/accessories\/bibs-pacifier-clips\/pacifier-clip-for-babies-aw23\/","name":"PACIFIER CLIP FOR BABIES AW23 - Wooly Organic","isPartOf":{"@id":"\/#website"},"primaryImageOfPage":{"@id":"https:\/\/woolyorganic.com\/shop-product\/baby\/accessories\/bibs-pacifier-clips\/pacifier-clip-for-babies-aw23\/#primaryimage"},"image":{"@id":"https:\/\/woolyorganic.com\/shop-product\/baby\/accessories\/bibs-pacifier-clips\/pacifier-clip-for-babies-aw23\/#primaryimage"},"thumbnailUrl":"https:\/\/woolyorganic.com\/wp-content\/uploads\/2023\/02\/I-85-X-69-2.jpg","datePublished":"2023-02-07T12:21:30+00:00","dateModified":"2024-07-16T11:01:30+00:00","breadcrumb":{"@id":"https:\/\/woolyorganic.com\/shop-product\/baby\/accessories\/bibs-pacifier-clips\/pacifier-clip-for-babies-aw23\/#breadcrumb"},"inLanguage":"lv-LV","potentialAction":[{"@type":"ReadAction","target":["https:\/\/woolyorganic.com\/shop-product\/baby\/accessories\/bibs-pacifier-clips\/pacifier-clip-for-babies-aw23\/"]}]},{"@type":"ImageObject","inLanguage":"lv-LV","@id":"https:\/\/woolyorganic.com\/shop-product\/baby\/accessories\/bibs-pacifier-clips\/pacifier-clip-for-babies-aw23\/#primaryimage","url":"https:\/\/woolyorganic.com\/wp-content\/uploads\/2023\/02\/I-85-X-69-2.jpg","contentUrl":"https:\/\/woolyorganic.com\/wp-content\/uploads\/2023\/02\/I-85-X-69-2.jpg","width":2250,"height":2250},{"@type":"BreadcrumbList","@id":"https:\/\/woolyorganic.com\/shop-product\/baby\/accessories\/bibs-pacifier-clips\/pacifier-clip-for-babies-aw23\/#breadcrumb","itemListElement":[{"@type":"ListItem","position":1,"name":"Home","item":"https:\/\/woolyorganic.com\/"},{"@type":"ListItem","position":2,"name":"PACIFIER CLIP FOR BABIES AW23"}]},{"@type":"WebSite","@id":"\/#website","url":"\/","name":"Wooly Organic","description":"Wooly Organic","publisher":{"@id":"\/#organization"},"potentialAction":[{"@type":"SearchAction","target":{"@type":"EntryPoint","urlTemplate":"\/?s={search_term_string}"},"query-input":{"@type":"PropertyValueSpecification","valueRequired":true,"valueName":"search_term_string"}}],"inLanguage":"lv-LV"},{"@type":"Organization","@id":"\/#organization","name":"Wooly Organic","url":"\/","logo":{"@type":"ImageObject","inLanguage":"lv-LV","@id":"\/#\/schema\/logo\/image\/","url":"https:\/\/woolyorganic.com\/wp-content\/uploads\/2023\/03\/KnmDNUd2.png","contentUrl":"https:\/\/woolyorganic.com\/wp-content\/uploads\/2023\/03\/KnmDNUd2.png","width":567,"height":567,"caption":"Wooly Organic"},"image":{"@id":"\/#\/schema\/logo\/image\/"},"sameAs":["https:\/\/www.facebook.com\/woolyorganic","https:\/\/www.instagram.com\/woolyorganic\/"]}]}},"_links":{"self":[{"href":"https:\/\/woolyorganic.com\/lv\/wp-json\/wp\/v2\/product\/3544210","targetHints":{"allow":["GET"]}}],"collection":[{"href":"https:\/\/woolyorganic.com\/lv\/wp-json\/wp\/v2\/product"}],"about":[{"href":"https:\/\/woolyorganic.com\/lv\/wp-json\/wp\/v2\/types\/product"}],"replies":[{"embeddable":true,"href":"https:\/\/woolyorganic.com\/lv\/wp-json\/wp\/v2\/comments?post=3544210"}],"wp:featuredmedia":[{"embeddable":true,"href":"https:\/\/woolyorganic.com\/lv\/wp-json\/wp\/v2\/media\/3557465"}],"wp:attachment":[{"href":"https:\/\/woolyorganic.com\/lv\/wp-json\/wp\/v2\/media?parent=3544210"}],"wp:term":[{"taxonomy":"product_brand","embeddable":true,"href":"https:\/\/woolyorganic.com\/lv\/wp-json\/wp\/v2\/product_brand?post=3544210"},{"taxonomy":"product_cat","embeddable":true,"href":"https:\/\/woolyorganic.com\/lv\/wp-json\/wp\/v2\/product_cat?post=3544210"},{"taxonomy":"product_tag","embeddable":true,"href":"https:\/\/woolyorganic.com\/lv\/wp-json\/wp\/v2\/product_tag?post=3544210"},{"taxonomy":"giftcard-category","embeddable":true,"href":"https:\/\/woolyorganic.com\/lv\/wp-json\/wp\/v2\/giftcard-category?post=3544210"}],"curies":[{"name":"wp","href":"https:\/\/api.w.org\/{rel}","templated":true}]}}