{"id":3544181,"date":"2023-02-07T12:21:24","date_gmt":"2023-02-07T12:21:24","guid":{"rendered":"https:\/\/updates-test.woolyorganic.com\/?post_type=product&#038;p=3544181"},"modified":"2024-08-15T14:53:11","modified_gmt":"2024-08-15T14:53:11","slug":"sleepsuit-for-newborns-aw23","status":"publish","type":"product","link":"https:\/\/woolyorganic.com\/lv\/shop-product\/collections\/aw23\/aw23-drop-1\/sleepsuit-for-newborns-aw23\/","title":{"rendered":"PID\u017dAMA JAUNDZIMU\u0160AJIEM AW23"},"content":{"rendered":"<p>Iet\u0113rpiet savu mazuli m\u012bkst\u0101kaj\u0101 un \u0113rt\u0101kaj\u0101 organisk\u0101s kokvilnas pid\u017eam\u0101 jaundzimu\u0161ajiem no 2023. gada kolekcijas. \u0160\u012b pid\u017eama ir izgatavota ar m\u012blest\u012bbu, izmantojot GOTS sertific\u0113tu organisko kokvilnu, kas nodro\u0161ina mazu\u013ca komfortu un aizsardz\u012bbu visas dienas un nakts garum\u0101. Pateicoties \u0113rtajam spiedpogu aizdares dizainam, mazuli ir viegli ap\u0123\u0113rbt bez jebk\u0101diem sare\u017e\u0123\u012bjumiem. J\u016bsu mazulis cie\u0161i gul\u0113s un visu dienu rota\u013c\u0101sies \u0113rt\u0101kaj\u0101 pid\u017eam\u0101. Izgatavots no 100% organisk\u0101s kokvilnas (GOTS). Spiedpogas: bez ni\u0137e\u013ca. Mazg\u0101t ve\u013casma\u0161\u012bn\u0101 kop\u0101 ar l\u012bdz\u012bgas kr\u0101sas dr\u0113b\u0113m 40\u00b0C temperat\u016br\u0101, bez \u017e\u0101v\u0113\u0161anas. No 2023. gada rudens un ziemas kolekcijas AW23. Izgatavots ar m\u012blest\u012bbu Latvij\u0101 (ES). Izstr\u0101d\u0101juma kr\u0101sa var nedaudz at\u0161\u0137irties no att\u0113l\u0101 redzam\u0101s kr\u0101sas.<\/p>","protected":false},"excerpt":{"rendered":"<p>Snuggle up your little one in the softest and most comfortable organic cotton sleepsuit for newborns from the 2023 collection. This sleepsuit is made with love using GOTS certified organic&hellip;<\/p>","protected":false},"featured_media":3558430,"comment_status":"open","ping_status":"closed","template":"","meta":{"_acf_changed":false,"inline_featured_image":false,"iawp_total_views":6},"product_brand":[],"product_cat":[582,667,580,574,572,15,590,659],"product_tag":[445,448,449,447,450,446],"giftcard-category":[],"class_list":{"0":"post-3544181","1":"product","2":"type-product","3":"status-publish","4":"has-post-thumbnail","6":"product_cat-aw23","7":"product_cat-aw23-drop-1","8":"product_cat-baby","9":"product_cat-collections","10":"product_cat-deals","11":"product_cat-shop-all","12":"product_cat-sleepsuits","13":"product_cat-special-offers","14":"product_tag-aw23","15":"product_tag-gots","16":"product_tag-green-splash","17":"product_tag-interlock","18":"product_tag-pink-splash","19":"product_tag-unisex","21":"first","22":"outofstock","23":"taxable","24":"shipping-taxable","25":"product-type-variable","26":"layout-style-6","27":"col-md-4 col-sm-4 col-xs-6","28":"col-lg-3","29":"product-has-gallery","30":"product-style-addtocart"},"bundled_by":[],"bundle_stock_status":"outofstock","bundle_stock_quantity":null,"bundle_virtual":false,"bundle_layout":"","bundle_add_to_cart_form_location":"","bundle_editable_in_cart":false,"bundle_sold_individually_context":"","bundle_item_grouping":"","bundle_min_size":"","bundle_max_size":"","bundle_price":[],"bundled_items":[],"bundle_sell_ids":[],"acf":[],"yoast_head":"<!-- This site is optimized with the Yoast SEO plugin v27.2 - https:\/\/yoast.com\/product\/yoast-seo-wordpress\/ -->\n<title>SLEEPSUIT FOR NEWBORNS AW23 - Wooly Organic<\/title>\n<meta name=\"robots\" content=\"index, follow, max-snippet:-1, max-image-preview:large, max-video-preview:-1\" \/>\n<link rel=\"canonical\" href=\"https:\/\/woolyorganic.com\/lv\/shop-product\/collections\/aw23\/aw23-drop-1\/sleepsuit-for-newborns-aw23\/\" \/>\n<meta property=\"og:locale\" content=\"lv_LV\" \/>\n<meta property=\"og:type\" content=\"article\" \/>\n<meta property=\"og:title\" content=\"SLEEPSUIT FOR NEWBORNS AW23 - Wooly Organic\" \/>\n<meta property=\"og:description\" content=\"Snuggle up your little one in the softest and most comfortable organic cotton sleepsuit for newborns from the 2023 collection. This sleepsuit is made with love using GOTS certified organic&hellip;\" \/>\n<meta property=\"og:url\" content=\"https:\/\/woolyorganic.com\/lv\/shop-product\/collections\/aw23\/aw23-drop-1\/sleepsuit-for-newborns-aw23\/\" \/>\n<meta property=\"og:site_name\" content=\"Wooly Organic\" \/>\n<meta property=\"article:publisher\" content=\"https:\/\/www.facebook.com\/woolyorganic\" \/>\n<meta property=\"article:modified_time\" content=\"2024-08-15T14:53:11+00:00\" \/>\n<meta property=\"og:image\" content=\"https:\/\/woolyorganic.com\/wp-content\/uploads\/2023\/02\/I-106-X-68.-2.jpg\" \/>\n\t<meta property=\"og:image:width\" content=\"2250\" \/>\n\t<meta property=\"og:image:height\" content=\"2250\" \/>\n\t<meta property=\"og:image:type\" content=\"image\/jpeg\" \/>\n<meta name=\"twitter:card\" content=\"summary_large_image\" \/>\n<meta name=\"twitter:label1\" content=\"Est. reading time\" \/>\n\t<meta name=\"twitter:data1\" content=\"1 min\u016bte\" \/>\n<script type=\"application\/ld+json\" class=\"yoast-schema-graph\">{\"@context\":\"https:\/\/schema.org\",\"@graph\":[{\"@type\":\"WebPage\",\"@id\":\"https:\/\/woolyorganic.com\/shop-product\/collections\/aw23\/aw23-drop-1\/sleepsuit-for-newborns-aw23\/\",\"url\":\"https:\/\/woolyorganic.com\/shop-product\/collections\/aw23\/aw23-drop-1\/sleepsuit-for-newborns-aw23\/\",\"name\":\"SLEEPSUIT FOR NEWBORNS AW23 - Wooly Organic\",\"isPartOf\":{\"@id\":\"\/#website\"},\"primaryImageOfPage\":{\"@id\":\"https:\/\/woolyorganic.com\/shop-product\/collections\/aw23\/aw23-drop-1\/sleepsuit-for-newborns-aw23\/#primaryimage\"},\"image\":{\"@id\":\"https:\/\/woolyorganic.com\/shop-product\/collections\/aw23\/aw23-drop-1\/sleepsuit-for-newborns-aw23\/#primaryimage\"},\"thumbnailUrl\":\"https:\/\/woolyorganic.com\/wp-content\/uploads\/2023\/02\/I-106-X-68.-2.jpg\",\"datePublished\":\"2023-02-07T12:21:24+00:00\",\"dateModified\":\"2024-08-15T14:53:11+00:00\",\"breadcrumb\":{\"@id\":\"https:\/\/woolyorganic.com\/shop-product\/collections\/aw23\/aw23-drop-1\/sleepsuit-for-newborns-aw23\/#breadcrumb\"},\"inLanguage\":\"lv-LV\",\"potentialAction\":[{\"@type\":\"ReadAction\",\"target\":[\"https:\/\/woolyorganic.com\/shop-product\/collections\/aw23\/aw23-drop-1\/sleepsuit-for-newborns-aw23\/\"]}]},{\"@type\":\"ImageObject\",\"inLanguage\":\"lv-LV\",\"@id\":\"https:\/\/woolyorganic.com\/shop-product\/collections\/aw23\/aw23-drop-1\/sleepsuit-for-newborns-aw23\/#primaryimage\",\"url\":\"https:\/\/woolyorganic.com\/wp-content\/uploads\/2023\/02\/I-106-X-68.-2.jpg\",\"contentUrl\":\"https:\/\/woolyorganic.com\/wp-content\/uploads\/2023\/02\/I-106-X-68.-2.jpg\",\"width\":2250,\"height\":2250},{\"@type\":\"BreadcrumbList\",\"@id\":\"https:\/\/woolyorganic.com\/shop-product\/collections\/aw23\/aw23-drop-1\/sleepsuit-for-newborns-aw23\/#breadcrumb\",\"itemListElement\":[{\"@type\":\"ListItem\",\"position\":1,\"name\":\"Home\",\"item\":\"https:\/\/woolyorganic.com\/\"},{\"@type\":\"ListItem\",\"position\":2,\"name\":\"SLEEPSUIT FOR NEWBORNS AW23\"}]},{\"@type\":\"WebSite\",\"@id\":\"\/#website\",\"url\":\"\/\",\"name\":\"Wooly Organic\",\"description\":\"Wooly Organic\",\"publisher\":{\"@id\":\"\/#organization\"},\"potentialAction\":[{\"@type\":\"SearchAction\",\"target\":{\"@type\":\"EntryPoint\",\"urlTemplate\":\"\/?s={search_term_string}\"},\"query-input\":{\"@type\":\"PropertyValueSpecification\",\"valueRequired\":true,\"valueName\":\"search_term_string\"}}],\"inLanguage\":\"lv-LV\"},{\"@type\":\"Organization\",\"@id\":\"\/#organization\",\"name\":\"Wooly Organic\",\"url\":\"\/\",\"logo\":{\"@type\":\"ImageObject\",\"inLanguage\":\"lv-LV\",\"@id\":\"\/#\/schema\/logo\/image\/\",\"url\":\"https:\/\/woolyorganic.com\/wp-content\/uploads\/2023\/03\/KnmDNUd2.png\",\"contentUrl\":\"https:\/\/woolyorganic.com\/wp-content\/uploads\/2023\/03\/KnmDNUd2.png\",\"width\":567,\"height\":567,\"caption\":\"Wooly Organic\"},\"image\":{\"@id\":\"\/#\/schema\/logo\/image\/\"},\"sameAs\":[\"https:\/\/www.facebook.com\/woolyorganic\",\"https:\/\/www.instagram.com\/woolyorganic\/\"]}]}<\/script>\n<!-- \/ Yoast SEO plugin. -->","yoast_head_json":{"title":"SLEEPSUIT FOR NEWBORNS AW23 - Wooly Organic","robots":{"index":"index","follow":"follow","max-snippet":"max-snippet:-1","max-image-preview":"max-image-preview:large","max-video-preview":"max-video-preview:-1"},"canonical":"https:\/\/woolyorganic.com\/lv\/shop-product\/collections\/aw23\/aw23-drop-1\/sleepsuit-for-newborns-aw23\/","og_locale":"lv_LV","og_type":"article","og_title":"SLEEPSUIT FOR NEWBORNS AW23 - Wooly Organic","og_description":"Snuggle up your little one in the softest and most comfortable organic cotton sleepsuit for newborns from the 2023 collection. This sleepsuit is made with love using GOTS certified organic&hellip;","og_url":"https:\/\/woolyorganic.com\/lv\/shop-product\/collections\/aw23\/aw23-drop-1\/sleepsuit-for-newborns-aw23\/","og_site_name":"Wooly Organic","article_publisher":"https:\/\/www.facebook.com\/woolyorganic","article_modified_time":"2024-08-15T14:53:11+00:00","og_image":[{"width":2250,"height":2250,"url":"https:\/\/woolyorganic.com\/wp-content\/uploads\/2023\/02\/I-106-X-68.-2.jpg","type":"image\/jpeg"}],"twitter_card":"summary_large_image","twitter_misc":{"Est. reading time":"1 min\u016bte"},"schema":{"@context":"https:\/\/schema.org","@graph":[{"@type":"WebPage","@id":"https:\/\/woolyorganic.com\/shop-product\/collections\/aw23\/aw23-drop-1\/sleepsuit-for-newborns-aw23\/","url":"https:\/\/woolyorganic.com\/shop-product\/collections\/aw23\/aw23-drop-1\/sleepsuit-for-newborns-aw23\/","name":"SLEEPSUIT FOR NEWBORNS AW23 - Wooly Organic","isPartOf":{"@id":"\/#website"},"primaryImageOfPage":{"@id":"https:\/\/woolyorganic.com\/shop-product\/collections\/aw23\/aw23-drop-1\/sleepsuit-for-newborns-aw23\/#primaryimage"},"image":{"@id":"https:\/\/woolyorganic.com\/shop-product\/collections\/aw23\/aw23-drop-1\/sleepsuit-for-newborns-aw23\/#primaryimage"},"thumbnailUrl":"https:\/\/woolyorganic.com\/wp-content\/uploads\/2023\/02\/I-106-X-68.-2.jpg","datePublished":"2023-02-07T12:21:24+00:00","dateModified":"2024-08-15T14:53:11+00:00","breadcrumb":{"@id":"https:\/\/woolyorganic.com\/shop-product\/collections\/aw23\/aw23-drop-1\/sleepsuit-for-newborns-aw23\/#breadcrumb"},"inLanguage":"lv-LV","potentialAction":[{"@type":"ReadAction","target":["https:\/\/woolyorganic.com\/shop-product\/collections\/aw23\/aw23-drop-1\/sleepsuit-for-newborns-aw23\/"]}]},{"@type":"ImageObject","inLanguage":"lv-LV","@id":"https:\/\/woolyorganic.com\/shop-product\/collections\/aw23\/aw23-drop-1\/sleepsuit-for-newborns-aw23\/#primaryimage","url":"https:\/\/woolyorganic.com\/wp-content\/uploads\/2023\/02\/I-106-X-68.-2.jpg","contentUrl":"https:\/\/woolyorganic.com\/wp-content\/uploads\/2023\/02\/I-106-X-68.-2.jpg","width":2250,"height":2250},{"@type":"BreadcrumbList","@id":"https:\/\/woolyorganic.com\/shop-product\/collections\/aw23\/aw23-drop-1\/sleepsuit-for-newborns-aw23\/#breadcrumb","itemListElement":[{"@type":"ListItem","position":1,"name":"Home","item":"https:\/\/woolyorganic.com\/"},{"@type":"ListItem","position":2,"name":"SLEEPSUIT FOR NEWBORNS AW23"}]},{"@type":"WebSite","@id":"\/#website","url":"\/","name":"Wooly Organic","description":"Wooly Organic","publisher":{"@id":"\/#organization"},"potentialAction":[{"@type":"SearchAction","target":{"@type":"EntryPoint","urlTemplate":"\/?s={search_term_string}"},"query-input":{"@type":"PropertyValueSpecification","valueRequired":true,"valueName":"search_term_string"}}],"inLanguage":"lv-LV"},{"@type":"Organization","@id":"\/#organization","name":"Wooly Organic","url":"\/","logo":{"@type":"ImageObject","inLanguage":"lv-LV","@id":"\/#\/schema\/logo\/image\/","url":"https:\/\/woolyorganic.com\/wp-content\/uploads\/2023\/03\/KnmDNUd2.png","contentUrl":"https:\/\/woolyorganic.com\/wp-content\/uploads\/2023\/03\/KnmDNUd2.png","width":567,"height":567,"caption":"Wooly Organic"},"image":{"@id":"\/#\/schema\/logo\/image\/"},"sameAs":["https:\/\/www.facebook.com\/woolyorganic","https:\/\/www.instagram.com\/woolyorganic\/"]}]}},"_links":{"self":[{"href":"https:\/\/woolyorganic.com\/lv\/wp-json\/wp\/v2\/product\/3544181","targetHints":{"allow":["GET"]}}],"collection":[{"href":"https:\/\/woolyorganic.com\/lv\/wp-json\/wp\/v2\/product"}],"about":[{"href":"https:\/\/woolyorganic.com\/lv\/wp-json\/wp\/v2\/types\/product"}],"replies":[{"embeddable":true,"href":"https:\/\/woolyorganic.com\/lv\/wp-json\/wp\/v2\/comments?post=3544181"}],"wp:featuredmedia":[{"embeddable":true,"href":"https:\/\/woolyorganic.com\/lv\/wp-json\/wp\/v2\/media\/3558430"}],"wp:attachment":[{"href":"https:\/\/woolyorganic.com\/lv\/wp-json\/wp\/v2\/media?parent=3544181"}],"wp:term":[{"taxonomy":"product_brand","embeddable":true,"href":"https:\/\/woolyorganic.com\/lv\/wp-json\/wp\/v2\/product_brand?post=3544181"},{"taxonomy":"product_cat","embeddable":true,"href":"https:\/\/woolyorganic.com\/lv\/wp-json\/wp\/v2\/product_cat?post=3544181"},{"taxonomy":"product_tag","embeddable":true,"href":"https:\/\/woolyorganic.com\/lv\/wp-json\/wp\/v2\/product_tag?post=3544181"},{"taxonomy":"giftcard-category","embeddable":true,"href":"https:\/\/woolyorganic.com\/lv\/wp-json\/wp\/v2\/giftcard-category?post=3544181"}],"curies":[{"name":"wp","href":"https:\/\/api.w.org\/{rel}","templated":true}]}}