{"id":3543382,"date":"2023-01-26T07:51:04","date_gmt":"2023-01-26T07:51:04","guid":{"rendered":"http:\/\/updates-test.woolyorganic.com\/?post_type=product&#038;p=3543382"},"modified":"2024-10-01T08:27:20","modified_gmt":"2024-10-01T08:27:20","slug":"longsleeve-bodysuit-khaki","status":"publish","type":"product","link":"https:\/\/woolyorganic.com\/lv\/shop-product\/baby\/bodysuits\/longsleeve-bodysuit-khaki\/","title":{"rendered":"BODIJS AR GAR\u0100M PIEDURKN\u0112M &#8211; HAKI"},"content":{"rendered":"<p>Bodijs ar gar\u0101m piedurkn\u0113m, izgatavots no m\u012bkstas,\u00a0biolo\u0123iskas kokvilnas.\u00a0Dubult\u0101 spiedpoga apak\u0161da\u013c\u0101 \u013cauj main\u012bt bodija izm\u0113ru. Papildu \u0113rt\u012bbai apak\u0161da\u013c\u0101 iek\u013cauta \u012bpa\u0161a vieta auti\u0146biks\u012bt\u0113m. \u00a0\u00a0\u00a0 Materi\u0101ls: 100% biolo\u0123iska kokvilna \u00a0 \u00a0 Spiedpogas nesatur ni\u0137eli \u00a0 \u00a0 Mazg\u0101t ve\u013cas ma\u0161\u012bn\u0101 40\u00b0C temperat\u016br\u0101 \u00a0 \u00a0 Preces kr\u0101sa var nedaudz at\u0161\u0137irties no att\u0113l\u0101 redzam\u0101.<\/p>","protected":false},"excerpt":{"rendered":"<p>Long sleeved bodysuit, made from wonderfully soft organic cotton. The double press-stud at the bottom allows to change the size of body. For additional comfort this body features special place&hellip;<\/p>","protected":false},"featured_media":3543389,"comment_status":"open","ping_status":"closed","template":"","meta":{"_acf_changed":false,"inline_featured_image":false,"iawp_total_views":8},"product_brand":[],"product_cat":[580,589,574,620,15,659],"product_tag":[448,447,149],"giftcard-category":[],"class_list":{"0":"post-3543382","1":"product","2":"type-product","3":"status-publish","4":"has-post-thumbnail","6":"product_cat-baby","7":"product_cat-bodysuits","8":"product_cat-collections","9":"product_cat-previous-collections","10":"product_cat-shop-all","11":"product_cat-special-offers","12":"product_tag-gots","13":"product_tag-interlock","14":"product_tag-khaki","16":"first","17":"outofstock","18":"taxable","19":"shipping-taxable","20":"product-type-variable","21":"layout-style-6","22":"col-md-4 col-sm-4 col-xs-6","23":"col-lg-3","24":"product-style-addtocart"},"bundled_by":[],"bundle_stock_status":"outofstock","bundle_stock_quantity":null,"bundle_virtual":false,"bundle_layout":"","bundle_add_to_cart_form_location":"","bundle_editable_in_cart":false,"bundle_sold_individually_context":"","bundle_item_grouping":"","bundle_min_size":"","bundle_max_size":"","bundle_price":[],"bundled_items":[],"bundle_sell_ids":[],"acf":[],"yoast_head":"<!-- This site is optimized with the Yoast SEO plugin v27.2 - https:\/\/yoast.com\/product\/yoast-seo-wordpress\/ -->\n<title>LONGSLEEVE BODYSUIT - KHAKI - Wooly Organic<\/title>\n<meta name=\"robots\" content=\"index, follow, max-snippet:-1, max-image-preview:large, max-video-preview:-1\" \/>\n<link rel=\"canonical\" href=\"https:\/\/woolyorganic.com\/lv\/shop-product\/baby\/bodysuits\/longsleeve-bodysuit-khaki\/\" \/>\n<meta property=\"og:locale\" content=\"lv_LV\" \/>\n<meta property=\"og:type\" content=\"article\" \/>\n<meta property=\"og:title\" content=\"LONGSLEEVE BODYSUIT - KHAKI - Wooly Organic\" \/>\n<meta property=\"og:description\" content=\"Long sleeved bodysuit, made from wonderfully soft organic cotton. The double press-stud at the bottom allows to change the size of body. For additional comfort this body features special place&hellip;\" \/>\n<meta property=\"og:url\" content=\"https:\/\/woolyorganic.com\/lv\/shop-product\/baby\/bodysuits\/longsleeve-bodysuit-khaki\/\" \/>\n<meta property=\"og:site_name\" content=\"Wooly Organic\" \/>\n<meta property=\"article:publisher\" content=\"https:\/\/www.facebook.com\/woolyorganic\" \/>\n<meta property=\"article:modified_time\" content=\"2024-10-01T08:27:20+00:00\" \/>\n<meta property=\"og:image\" content=\"https:\/\/woolyorganic.com\/wp-content\/uploads\/2023\/01\/WO-003-scaled.jpg\" \/>\n\t<meta property=\"og:image:width\" content=\"2560\" \/>\n\t<meta property=\"og:image:height\" content=\"2560\" \/>\n\t<meta property=\"og:image:type\" content=\"image\/jpeg\" \/>\n<meta name=\"twitter:card\" content=\"summary_large_image\" \/>\n<meta name=\"twitter:label1\" content=\"Est. reading time\" \/>\n\t<meta name=\"twitter:data1\" content=\"1 min\u016bte\" \/>\n<script type=\"application\/ld+json\" class=\"yoast-schema-graph\">{\"@context\":\"https:\/\/schema.org\",\"@graph\":[{\"@type\":\"WebPage\",\"@id\":\"https:\/\/woolyorganic.com\/shop-product\/baby\/bodysuits\/longsleeve-bodysuit-khaki\/\",\"url\":\"https:\/\/woolyorganic.com\/shop-product\/baby\/bodysuits\/longsleeve-bodysuit-khaki\/\",\"name\":\"LONGSLEEVE BODYSUIT - KHAKI - Wooly Organic\",\"isPartOf\":{\"@id\":\"\/#website\"},\"primaryImageOfPage\":{\"@id\":\"https:\/\/woolyorganic.com\/shop-product\/baby\/bodysuits\/longsleeve-bodysuit-khaki\/#primaryimage\"},\"image\":{\"@id\":\"https:\/\/woolyorganic.com\/shop-product\/baby\/bodysuits\/longsleeve-bodysuit-khaki\/#primaryimage\"},\"thumbnailUrl\":\"https:\/\/woolyorganic.com\/wp-content\/uploads\/2023\/01\/WO-003-scaled.jpg\",\"datePublished\":\"2023-01-26T07:51:04+00:00\",\"dateModified\":\"2024-10-01T08:27:20+00:00\",\"breadcrumb\":{\"@id\":\"https:\/\/woolyorganic.com\/shop-product\/baby\/bodysuits\/longsleeve-bodysuit-khaki\/#breadcrumb\"},\"inLanguage\":\"lv-LV\",\"potentialAction\":[{\"@type\":\"ReadAction\",\"target\":[\"https:\/\/woolyorganic.com\/shop-product\/baby\/bodysuits\/longsleeve-bodysuit-khaki\/\"]}]},{\"@type\":\"ImageObject\",\"inLanguage\":\"lv-LV\",\"@id\":\"https:\/\/woolyorganic.com\/shop-product\/baby\/bodysuits\/longsleeve-bodysuit-khaki\/#primaryimage\",\"url\":\"https:\/\/woolyorganic.com\/wp-content\/uploads\/2023\/01\/WO-003-scaled.jpg\",\"contentUrl\":\"https:\/\/woolyorganic.com\/wp-content\/uploads\/2023\/01\/WO-003-scaled.jpg\",\"width\":2560,\"height\":2560},{\"@type\":\"BreadcrumbList\",\"@id\":\"https:\/\/woolyorganic.com\/shop-product\/baby\/bodysuits\/longsleeve-bodysuit-khaki\/#breadcrumb\",\"itemListElement\":[{\"@type\":\"ListItem\",\"position\":1,\"name\":\"Home\",\"item\":\"https:\/\/woolyorganic.com\/\"},{\"@type\":\"ListItem\",\"position\":2,\"name\":\"LONGSLEEVE BODYSUIT &#8211; KHAKI\"}]},{\"@type\":\"WebSite\",\"@id\":\"\/#website\",\"url\":\"\/\",\"name\":\"Wooly Organic\",\"description\":\"Wooly Organic\",\"publisher\":{\"@id\":\"\/#organization\"},\"potentialAction\":[{\"@type\":\"SearchAction\",\"target\":{\"@type\":\"EntryPoint\",\"urlTemplate\":\"\/?s={search_term_string}\"},\"query-input\":{\"@type\":\"PropertyValueSpecification\",\"valueRequired\":true,\"valueName\":\"search_term_string\"}}],\"inLanguage\":\"lv-LV\"},{\"@type\":\"Organization\",\"@id\":\"\/#organization\",\"name\":\"Wooly Organic\",\"url\":\"\/\",\"logo\":{\"@type\":\"ImageObject\",\"inLanguage\":\"lv-LV\",\"@id\":\"\/#\/schema\/logo\/image\/\",\"url\":\"https:\/\/woolyorganic.com\/wp-content\/uploads\/2023\/03\/KnmDNUd2.png\",\"contentUrl\":\"https:\/\/woolyorganic.com\/wp-content\/uploads\/2023\/03\/KnmDNUd2.png\",\"width\":567,\"height\":567,\"caption\":\"Wooly Organic\"},\"image\":{\"@id\":\"\/#\/schema\/logo\/image\/\"},\"sameAs\":[\"https:\/\/www.facebook.com\/woolyorganic\",\"https:\/\/www.instagram.com\/woolyorganic\/\"]}]}<\/script>\n<!-- \/ Yoast SEO plugin. -->","yoast_head_json":{"title":"LONGSLEEVE BODYSUIT - KHAKI - Wooly Organic","robots":{"index":"index","follow":"follow","max-snippet":"max-snippet:-1","max-image-preview":"max-image-preview:large","max-video-preview":"max-video-preview:-1"},"canonical":"https:\/\/woolyorganic.com\/lv\/shop-product\/baby\/bodysuits\/longsleeve-bodysuit-khaki\/","og_locale":"lv_LV","og_type":"article","og_title":"LONGSLEEVE BODYSUIT - KHAKI - Wooly Organic","og_description":"Long sleeved bodysuit, made from wonderfully soft organic cotton. The double press-stud at the bottom allows to change the size of body. For additional comfort this body features special place&hellip;","og_url":"https:\/\/woolyorganic.com\/lv\/shop-product\/baby\/bodysuits\/longsleeve-bodysuit-khaki\/","og_site_name":"Wooly Organic","article_publisher":"https:\/\/www.facebook.com\/woolyorganic","article_modified_time":"2024-10-01T08:27:20+00:00","og_image":[{"width":2560,"height":2560,"url":"https:\/\/woolyorganic.com\/wp-content\/uploads\/2023\/01\/WO-003-scaled.jpg","type":"image\/jpeg"}],"twitter_card":"summary_large_image","twitter_misc":{"Est. reading time":"1 min\u016bte"},"schema":{"@context":"https:\/\/schema.org","@graph":[{"@type":"WebPage","@id":"https:\/\/woolyorganic.com\/shop-product\/baby\/bodysuits\/longsleeve-bodysuit-khaki\/","url":"https:\/\/woolyorganic.com\/shop-product\/baby\/bodysuits\/longsleeve-bodysuit-khaki\/","name":"LONGSLEEVE BODYSUIT - KHAKI - Wooly Organic","isPartOf":{"@id":"\/#website"},"primaryImageOfPage":{"@id":"https:\/\/woolyorganic.com\/shop-product\/baby\/bodysuits\/longsleeve-bodysuit-khaki\/#primaryimage"},"image":{"@id":"https:\/\/woolyorganic.com\/shop-product\/baby\/bodysuits\/longsleeve-bodysuit-khaki\/#primaryimage"},"thumbnailUrl":"https:\/\/woolyorganic.com\/wp-content\/uploads\/2023\/01\/WO-003-scaled.jpg","datePublished":"2023-01-26T07:51:04+00:00","dateModified":"2024-10-01T08:27:20+00:00","breadcrumb":{"@id":"https:\/\/woolyorganic.com\/shop-product\/baby\/bodysuits\/longsleeve-bodysuit-khaki\/#breadcrumb"},"inLanguage":"lv-LV","potentialAction":[{"@type":"ReadAction","target":["https:\/\/woolyorganic.com\/shop-product\/baby\/bodysuits\/longsleeve-bodysuit-khaki\/"]}]},{"@type":"ImageObject","inLanguage":"lv-LV","@id":"https:\/\/woolyorganic.com\/shop-product\/baby\/bodysuits\/longsleeve-bodysuit-khaki\/#primaryimage","url":"https:\/\/woolyorganic.com\/wp-content\/uploads\/2023\/01\/WO-003-scaled.jpg","contentUrl":"https:\/\/woolyorganic.com\/wp-content\/uploads\/2023\/01\/WO-003-scaled.jpg","width":2560,"height":2560},{"@type":"BreadcrumbList","@id":"https:\/\/woolyorganic.com\/shop-product\/baby\/bodysuits\/longsleeve-bodysuit-khaki\/#breadcrumb","itemListElement":[{"@type":"ListItem","position":1,"name":"Home","item":"https:\/\/woolyorganic.com\/"},{"@type":"ListItem","position":2,"name":"LONGSLEEVE BODYSUIT &#8211; KHAKI"}]},{"@type":"WebSite","@id":"\/#website","url":"\/","name":"Wooly Organic","description":"Wooly Organic","publisher":{"@id":"\/#organization"},"potentialAction":[{"@type":"SearchAction","target":{"@type":"EntryPoint","urlTemplate":"\/?s={search_term_string}"},"query-input":{"@type":"PropertyValueSpecification","valueRequired":true,"valueName":"search_term_string"}}],"inLanguage":"lv-LV"},{"@type":"Organization","@id":"\/#organization","name":"Wooly Organic","url":"\/","logo":{"@type":"ImageObject","inLanguage":"lv-LV","@id":"\/#\/schema\/logo\/image\/","url":"https:\/\/woolyorganic.com\/wp-content\/uploads\/2023\/03\/KnmDNUd2.png","contentUrl":"https:\/\/woolyorganic.com\/wp-content\/uploads\/2023\/03\/KnmDNUd2.png","width":567,"height":567,"caption":"Wooly Organic"},"image":{"@id":"\/#\/schema\/logo\/image\/"},"sameAs":["https:\/\/www.facebook.com\/woolyorganic","https:\/\/www.instagram.com\/woolyorganic\/"]}]}},"_links":{"self":[{"href":"https:\/\/woolyorganic.com\/lv\/wp-json\/wp\/v2\/product\/3543382","targetHints":{"allow":["GET"]}}],"collection":[{"href":"https:\/\/woolyorganic.com\/lv\/wp-json\/wp\/v2\/product"}],"about":[{"href":"https:\/\/woolyorganic.com\/lv\/wp-json\/wp\/v2\/types\/product"}],"replies":[{"embeddable":true,"href":"https:\/\/woolyorganic.com\/lv\/wp-json\/wp\/v2\/comments?post=3543382"}],"wp:featuredmedia":[{"embeddable":true,"href":"https:\/\/woolyorganic.com\/lv\/wp-json\/wp\/v2\/media\/3543389"}],"wp:attachment":[{"href":"https:\/\/woolyorganic.com\/lv\/wp-json\/wp\/v2\/media?parent=3543382"}],"wp:term":[{"taxonomy":"product_brand","embeddable":true,"href":"https:\/\/woolyorganic.com\/lv\/wp-json\/wp\/v2\/product_brand?post=3543382"},{"taxonomy":"product_cat","embeddable":true,"href":"https:\/\/woolyorganic.com\/lv\/wp-json\/wp\/v2\/product_cat?post=3543382"},{"taxonomy":"product_tag","embeddable":true,"href":"https:\/\/woolyorganic.com\/lv\/wp-json\/wp\/v2\/product_tag?post=3543382"},{"taxonomy":"giftcard-category","embeddable":true,"href":"https:\/\/woolyorganic.com\/lv\/wp-json\/wp\/v2\/giftcard-category?post=3543382"}],"curies":[{"name":"wp","href":"https:\/\/api.w.org\/{rel}","templated":true}]}}