{"id":3542266,"date":"2023-01-26T07:15:31","date_gmt":"2023-01-26T07:15:31","guid":{"rendered":"http:\/\/updates-test.woolyorganic.com\/?post_type=product&#038;p=3542266"},"modified":"2024-05-27T13:29:12","modified_gmt":"2024-05-27T13:29:12","slug":"hat-with-teddy-ears-renaissance-rose","status":"publish","type":"product","link":"https:\/\/woolyorganic.com\/lv\/shop-product\/baby\/hats\/hat-with-teddy-ears-renaissance-rose\/","title":{"rendered":"CEPURE AR L\u0100\u010cA AUSTI\u0145\u0100M &#8211; RENESANSES ROZ\u0100"},"content":{"rendered":"<p>Jautra un m\u012b\u013ca cepure, kas cie\u0161i piek\u013caujas galvai un ar sait\u012bt\u0113m notur to viet\u0101.\u00a0 Izgatavota no dubult\u0101s k\u0101rtas augst\u0101k\u0101s kvalit\u0101tes biolo\u0123iskas kokvilnas. Materi\u0101ls: 100% biolo\u0123iska kokvilna; GOTS sertific\u0113ta Mazg\u0101t ve\u013cas ma\u0161\u012bn\u0101 40 \u00b0 C temperat\u016br\u0101 Preces kr\u0101sa var nedaudz at\u0161\u0137irties no att\u0113l\u0101 redzam\u0101.<\/p>","protected":false},"excerpt":{"rendered":"<p>Fun and sweet hat, that fits snugly around the head, and is secured in place with ties.\u00a0Made from a double layer of the highest quality, hand-harvested organic cotton. Material: 95%&hellip;<\/p>","protected":false},"featured_media":3542300,"comment_status":"open","ping_status":"closed","template":"","meta":{"_acf_changed":false,"inline_featured_image":false,"iawp_total_views":8},"product_brand":[],"product_cat":[580,574,597,620,15,659],"product_tag":[448,651,451],"giftcard-category":[],"class_list":{"0":"post-3542266","1":"product","2":"type-product","3":"status-publish","4":"has-post-thumbnail","6":"product_cat-baby","7":"product_cat-collections","8":"product_cat-hats","9":"product_cat-previous-collections","10":"product_cat-shop-all","11":"product_cat-special-offers","12":"product_tag-gots","13":"product_tag-renaissance-rose","14":"product_tag-rib","16":"first","17":"outofstock","18":"taxable","19":"shipping-taxable","20":"product-type-variable","21":"layout-style-6","22":"col-md-4 col-sm-4 col-xs-6","23":"col-lg-3","24":"product-style-addtocart"},"bundled_by":[],"bundle_stock_status":"outofstock","bundle_stock_quantity":null,"bundle_virtual":false,"bundle_layout":"","bundle_add_to_cart_form_location":"","bundle_editable_in_cart":false,"bundle_sold_individually_context":"","bundle_item_grouping":"","bundle_min_size":"","bundle_max_size":"","bundle_price":[],"bundled_items":[],"bundle_sell_ids":[],"acf":[],"yoast_head":"<!-- This site is optimized with the Yoast SEO plugin v27.2 - https:\/\/yoast.com\/product\/yoast-seo-wordpress\/ -->\n<title>HAT WITH TEDDY EARS - RENAISSANCE ROSE - Wooly Organic<\/title>\n<meta name=\"robots\" content=\"index, follow, max-snippet:-1, max-image-preview:large, max-video-preview:-1\" \/>\n<link rel=\"canonical\" href=\"https:\/\/woolyorganic.com\/lv\/shop-product\/baby\/hats\/hat-with-teddy-ears-renaissance-rose\/\" \/>\n<meta property=\"og:locale\" content=\"lv_LV\" \/>\n<meta property=\"og:type\" content=\"article\" \/>\n<meta property=\"og:title\" content=\"HAT WITH TEDDY EARS - RENAISSANCE ROSE - Wooly Organic\" \/>\n<meta property=\"og:description\" content=\"Fun and sweet hat, that fits snugly around the head, and is secured in place with ties.\u00a0Made from a double layer of the highest quality, hand-harvested organic cotton. Material: 95%&hellip;\" \/>\n<meta property=\"og:url\" content=\"https:\/\/woolyorganic.com\/lv\/shop-product\/baby\/hats\/hat-with-teddy-ears-renaissance-rose\/\" \/>\n<meta property=\"og:site_name\" content=\"Wooly Organic\" \/>\n<meta property=\"article:publisher\" content=\"https:\/\/www.facebook.com\/woolyorganic\" \/>\n<meta property=\"article:modified_time\" content=\"2024-05-27T13:29:12+00:00\" \/>\n<meta property=\"og:image\" content=\"https:\/\/woolyorganic.com\/wp-content\/uploads\/2023\/01\/R-64-X-40.jpg\" \/>\n\t<meta property=\"og:image:width\" content=\"810\" \/>\n\t<meta property=\"og:image:height\" content=\"1080\" \/>\n\t<meta property=\"og:image:type\" content=\"image\/jpeg\" \/>\n<meta name=\"twitter:card\" content=\"summary_large_image\" \/>\n<meta name=\"twitter:label1\" content=\"Est. reading time\" \/>\n\t<meta name=\"twitter:data1\" content=\"1 min\u016bte\" \/>\n<script type=\"application\/ld+json\" class=\"yoast-schema-graph\">{\"@context\":\"https:\/\/schema.org\",\"@graph\":[{\"@type\":\"WebPage\",\"@id\":\"https:\/\/woolyorganic.com\/shop-product\/baby\/hats\/hat-with-teddy-ears-renaissance-rose\/\",\"url\":\"https:\/\/woolyorganic.com\/shop-product\/baby\/hats\/hat-with-teddy-ears-renaissance-rose\/\",\"name\":\"HAT WITH TEDDY EARS - RENAISSANCE ROSE - Wooly Organic\",\"isPartOf\":{\"@id\":\"\/#website\"},\"primaryImageOfPage\":{\"@id\":\"https:\/\/woolyorganic.com\/shop-product\/baby\/hats\/hat-with-teddy-ears-renaissance-rose\/#primaryimage\"},\"image\":{\"@id\":\"https:\/\/woolyorganic.com\/shop-product\/baby\/hats\/hat-with-teddy-ears-renaissance-rose\/#primaryimage\"},\"thumbnailUrl\":\"https:\/\/woolyorganic.com\/wp-content\/uploads\/2023\/01\/R-64-X-40.jpg\",\"datePublished\":\"2023-01-26T07:15:31+00:00\",\"dateModified\":\"2024-05-27T13:29:12+00:00\",\"breadcrumb\":{\"@id\":\"https:\/\/woolyorganic.com\/shop-product\/baby\/hats\/hat-with-teddy-ears-renaissance-rose\/#breadcrumb\"},\"inLanguage\":\"lv-LV\",\"potentialAction\":[{\"@type\":\"ReadAction\",\"target\":[\"https:\/\/woolyorganic.com\/shop-product\/baby\/hats\/hat-with-teddy-ears-renaissance-rose\/\"]}]},{\"@type\":\"ImageObject\",\"inLanguage\":\"lv-LV\",\"@id\":\"https:\/\/woolyorganic.com\/shop-product\/baby\/hats\/hat-with-teddy-ears-renaissance-rose\/#primaryimage\",\"url\":\"https:\/\/woolyorganic.com\/wp-content\/uploads\/2023\/01\/R-64-X-40.jpg\",\"contentUrl\":\"https:\/\/woolyorganic.com\/wp-content\/uploads\/2023\/01\/R-64-X-40.jpg\",\"width\":810,\"height\":1080},{\"@type\":\"BreadcrumbList\",\"@id\":\"https:\/\/woolyorganic.com\/shop-product\/baby\/hats\/hat-with-teddy-ears-renaissance-rose\/#breadcrumb\",\"itemListElement\":[{\"@type\":\"ListItem\",\"position\":1,\"name\":\"Home\",\"item\":\"https:\/\/woolyorganic.com\/\"},{\"@type\":\"ListItem\",\"position\":2,\"name\":\"HAT WITH TEDDY EARS &#8211; RENAISSANCE ROSE\"}]},{\"@type\":\"WebSite\",\"@id\":\"\/#website\",\"url\":\"\/\",\"name\":\"Wooly Organic\",\"description\":\"Wooly Organic\",\"publisher\":{\"@id\":\"\/#organization\"},\"potentialAction\":[{\"@type\":\"SearchAction\",\"target\":{\"@type\":\"EntryPoint\",\"urlTemplate\":\"\/?s={search_term_string}\"},\"query-input\":{\"@type\":\"PropertyValueSpecification\",\"valueRequired\":true,\"valueName\":\"search_term_string\"}}],\"inLanguage\":\"lv-LV\"},{\"@type\":\"Organization\",\"@id\":\"\/#organization\",\"name\":\"Wooly Organic\",\"url\":\"\/\",\"logo\":{\"@type\":\"ImageObject\",\"inLanguage\":\"lv-LV\",\"@id\":\"\/#\/schema\/logo\/image\/\",\"url\":\"https:\/\/woolyorganic.com\/wp-content\/uploads\/2023\/03\/KnmDNUd2.png\",\"contentUrl\":\"https:\/\/woolyorganic.com\/wp-content\/uploads\/2023\/03\/KnmDNUd2.png\",\"width\":567,\"height\":567,\"caption\":\"Wooly Organic\"},\"image\":{\"@id\":\"\/#\/schema\/logo\/image\/\"},\"sameAs\":[\"https:\/\/www.facebook.com\/woolyorganic\",\"https:\/\/www.instagram.com\/woolyorganic\/\"]}]}<\/script>\n<!-- \/ Yoast SEO plugin. -->","yoast_head_json":{"title":"HAT WITH TEDDY EARS - RENAISSANCE ROSE - Wooly Organic","robots":{"index":"index","follow":"follow","max-snippet":"max-snippet:-1","max-image-preview":"max-image-preview:large","max-video-preview":"max-video-preview:-1"},"canonical":"https:\/\/woolyorganic.com\/lv\/shop-product\/baby\/hats\/hat-with-teddy-ears-renaissance-rose\/","og_locale":"lv_LV","og_type":"article","og_title":"HAT WITH TEDDY EARS - RENAISSANCE ROSE - Wooly Organic","og_description":"Fun and sweet hat, that fits snugly around the head, and is secured in place with ties.\u00a0Made from a double layer of the highest quality, hand-harvested organic cotton. Material: 95%&hellip;","og_url":"https:\/\/woolyorganic.com\/lv\/shop-product\/baby\/hats\/hat-with-teddy-ears-renaissance-rose\/","og_site_name":"Wooly Organic","article_publisher":"https:\/\/www.facebook.com\/woolyorganic","article_modified_time":"2024-05-27T13:29:12+00:00","og_image":[{"width":810,"height":1080,"url":"https:\/\/woolyorganic.com\/wp-content\/uploads\/2023\/01\/R-64-X-40.jpg","type":"image\/jpeg"}],"twitter_card":"summary_large_image","twitter_misc":{"Est. reading time":"1 min\u016bte"},"schema":{"@context":"https:\/\/schema.org","@graph":[{"@type":"WebPage","@id":"https:\/\/woolyorganic.com\/shop-product\/baby\/hats\/hat-with-teddy-ears-renaissance-rose\/","url":"https:\/\/woolyorganic.com\/shop-product\/baby\/hats\/hat-with-teddy-ears-renaissance-rose\/","name":"HAT WITH TEDDY EARS - RENAISSANCE ROSE - Wooly Organic","isPartOf":{"@id":"\/#website"},"primaryImageOfPage":{"@id":"https:\/\/woolyorganic.com\/shop-product\/baby\/hats\/hat-with-teddy-ears-renaissance-rose\/#primaryimage"},"image":{"@id":"https:\/\/woolyorganic.com\/shop-product\/baby\/hats\/hat-with-teddy-ears-renaissance-rose\/#primaryimage"},"thumbnailUrl":"https:\/\/woolyorganic.com\/wp-content\/uploads\/2023\/01\/R-64-X-40.jpg","datePublished":"2023-01-26T07:15:31+00:00","dateModified":"2024-05-27T13:29:12+00:00","breadcrumb":{"@id":"https:\/\/woolyorganic.com\/shop-product\/baby\/hats\/hat-with-teddy-ears-renaissance-rose\/#breadcrumb"},"inLanguage":"lv-LV","potentialAction":[{"@type":"ReadAction","target":["https:\/\/woolyorganic.com\/shop-product\/baby\/hats\/hat-with-teddy-ears-renaissance-rose\/"]}]},{"@type":"ImageObject","inLanguage":"lv-LV","@id":"https:\/\/woolyorganic.com\/shop-product\/baby\/hats\/hat-with-teddy-ears-renaissance-rose\/#primaryimage","url":"https:\/\/woolyorganic.com\/wp-content\/uploads\/2023\/01\/R-64-X-40.jpg","contentUrl":"https:\/\/woolyorganic.com\/wp-content\/uploads\/2023\/01\/R-64-X-40.jpg","width":810,"height":1080},{"@type":"BreadcrumbList","@id":"https:\/\/woolyorganic.com\/shop-product\/baby\/hats\/hat-with-teddy-ears-renaissance-rose\/#breadcrumb","itemListElement":[{"@type":"ListItem","position":1,"name":"Home","item":"https:\/\/woolyorganic.com\/"},{"@type":"ListItem","position":2,"name":"HAT WITH TEDDY EARS &#8211; RENAISSANCE ROSE"}]},{"@type":"WebSite","@id":"\/#website","url":"\/","name":"Wooly Organic","description":"Wooly Organic","publisher":{"@id":"\/#organization"},"potentialAction":[{"@type":"SearchAction","target":{"@type":"EntryPoint","urlTemplate":"\/?s={search_term_string}"},"query-input":{"@type":"PropertyValueSpecification","valueRequired":true,"valueName":"search_term_string"}}],"inLanguage":"lv-LV"},{"@type":"Organization","@id":"\/#organization","name":"Wooly Organic","url":"\/","logo":{"@type":"ImageObject","inLanguage":"lv-LV","@id":"\/#\/schema\/logo\/image\/","url":"https:\/\/woolyorganic.com\/wp-content\/uploads\/2023\/03\/KnmDNUd2.png","contentUrl":"https:\/\/woolyorganic.com\/wp-content\/uploads\/2023\/03\/KnmDNUd2.png","width":567,"height":567,"caption":"Wooly Organic"},"image":{"@id":"\/#\/schema\/logo\/image\/"},"sameAs":["https:\/\/www.facebook.com\/woolyorganic","https:\/\/www.instagram.com\/woolyorganic\/"]}]}},"_links":{"self":[{"href":"https:\/\/woolyorganic.com\/lv\/wp-json\/wp\/v2\/product\/3542266","targetHints":{"allow":["GET"]}}],"collection":[{"href":"https:\/\/woolyorganic.com\/lv\/wp-json\/wp\/v2\/product"}],"about":[{"href":"https:\/\/woolyorganic.com\/lv\/wp-json\/wp\/v2\/types\/product"}],"replies":[{"embeddable":true,"href":"https:\/\/woolyorganic.com\/lv\/wp-json\/wp\/v2\/comments?post=3542266"}],"wp:featuredmedia":[{"embeddable":true,"href":"https:\/\/woolyorganic.com\/lv\/wp-json\/wp\/v2\/media\/3542300"}],"wp:attachment":[{"href":"https:\/\/woolyorganic.com\/lv\/wp-json\/wp\/v2\/media?parent=3542266"}],"wp:term":[{"taxonomy":"product_brand","embeddable":true,"href":"https:\/\/woolyorganic.com\/lv\/wp-json\/wp\/v2\/product_brand?post=3542266"},{"taxonomy":"product_cat","embeddable":true,"href":"https:\/\/woolyorganic.com\/lv\/wp-json\/wp\/v2\/product_cat?post=3542266"},{"taxonomy":"product_tag","embeddable":true,"href":"https:\/\/woolyorganic.com\/lv\/wp-json\/wp\/v2\/product_tag?post=3542266"},{"taxonomy":"giftcard-category","embeddable":true,"href":"https:\/\/woolyorganic.com\/lv\/wp-json\/wp\/v2\/giftcard-category?post=3542266"}],"curies":[{"name":"wp","href":"https:\/\/api.w.org\/{rel}","templated":true}]}}