{"id":3542107,"date":"2023-01-26T07:08:27","date_gmt":"2023-01-26T07:08:27","guid":{"rendered":"http:\/\/updates-test.woolyorganic.com\/shop-product\/uncategorized\/2nd-category-item-pacifier-clip-haki\/"},"modified":"2023-03-30T11:58:59","modified_gmt":"2023-03-30T11:58:59","slug":"2nd-category-item-pacifier-clip-haki","status":"publish","type":"product","link":"https:\/\/woolyorganic.com\/lv\/shop-product\/shop-all\/2nd-category-item-pacifier-clip-haki\/","title":{"rendered":"2.\u0160\u0136IRAS PRECE &#8211; KNUPJA TUR\u0112T\u0100JS \u2013 HAKI"},"content":{"rendered":"<p>Knup\u012b\u0161a siksna aptur\u0113s knup\u012b\u0161a kri\u0161anu uz gr\u012bdas un patur\u0113s to mazulim. Izgatavots no biolo\u0123iskas kokvilnas. Augst\u0101s kvalit\u0101tes koka piespraude ra\u017eota V\u0101cij\u0101. Met\u0101ls uz piespraudes nesatur ni\u0137eli. SVAR\u012aGI:\u00a0\u0160\u012b ir 2. kategorijas prece ar s\u012bkiem auduma fakt\u016bras tr\u016bkumiem, kuri\u00a0neietekm\u0113 ne produkta lieto\u0161anu, ne izskatu.\u00a0Liel\u0101kaj\u0101 da\u013c\u0101 gad\u012bjumu, klientam \u0161os tr\u016bkumus nav iesp\u0113jams vai ir gr\u016bti saskat\u012bt. Ra\u017eo\u0161anas valsts: Latvija (ES). Materi\u0101la sast\u0101vs: 100% kokvilna Garums \u2013 21 cm Preces kr\u0101sa var nedaudz at\u0161\u0137irties no att\u0113l\u0101 redzam\u0101 <\/p>","protected":false},"excerpt":{"rendered":"<p>Pacifier straps will stop dummies falling on the floor and keep pacifiers with babies. Made from organic cotton. Wooden clips made in Germany, highest quality. Metal on clips is nickel&hellip;<\/p>","protected":false},"featured_media":3539906,"comment_status":"open","ping_status":"closed","template":"","meta":{"_acf_changed":false,"inline_featured_image":false,"iawp_total_views":13},"product_brand":[],"product_cat":[15],"product_tag":[],"giftcard-category":[],"class_list":{"0":"post-3542107","1":"product","2":"type-product","3":"status-publish","4":"has-post-thumbnail","6":"product_cat-shop-all","8":"first","9":"outofstock","10":"sale","11":"taxable","12":"shipping-taxable","13":"purchasable","14":"product-type-simple","15":"layout-style-6","16":"col-md-4 col-sm-4 col-xs-6","17":"col-lg-3","18":"product-has-gallery","19":"product-style-addtocart"},"bundled_by":[],"bundle_stock_status":"outofstock","bundle_stock_quantity":0,"bundle_virtual":false,"bundle_layout":"","bundle_add_to_cart_form_location":"","bundle_editable_in_cart":false,"bundle_sold_individually_context":"","bundle_item_grouping":"","bundle_min_size":"","bundle_max_size":"","bundle_price":[],"bundled_items":[],"bundle_sell_ids":[],"acf":[],"yoast_head":"<!-- This site is optimized with the Yoast SEO plugin v27.2 - https:\/\/yoast.com\/product\/yoast-seo-wordpress\/ -->\n<title>2ND CATEGORY ITEM - PACIFIER CLIP - HAKI - Wooly Organic<\/title>\n<meta name=\"robots\" content=\"index, follow, max-snippet:-1, max-image-preview:large, max-video-preview:-1\" \/>\n<link rel=\"canonical\" href=\"https:\/\/woolyorganic.com\/lv\/shop-product\/deals\/2nd-category\/2nd-category-item-pacifier-clip-haki\/\" \/>\n<meta property=\"og:locale\" content=\"lv_LV\" \/>\n<meta property=\"og:type\" content=\"article\" \/>\n<meta property=\"og:title\" content=\"2ND CATEGORY ITEM - PACIFIER CLIP - HAKI - Wooly Organic\" \/>\n<meta property=\"og:description\" content=\"Pacifier straps will stop dummies falling on the floor and keep pacifiers with babies. Made from organic cotton. Wooden clips made in Germany, highest quality. Metal on clips is nickel&hellip;\" \/>\n<meta property=\"og:url\" content=\"https:\/\/woolyorganic.com\/lv\/shop-product\/deals\/2nd-category\/2nd-category-item-pacifier-clip-haki\/\" \/>\n<meta property=\"og:site_name\" content=\"Wooly Organic\" \/>\n<meta property=\"article:publisher\" content=\"https:\/\/www.facebook.com\/woolyorganic\" \/>\n<meta property=\"article:modified_time\" content=\"2023-03-30T11:58:59+00:00\" \/>\n<meta property=\"og:image\" content=\"https:\/\/woolyorganic.com\/wp-content\/uploads\/2023\/01\/T-85-0-24.jpg\" \/>\n\t<meta property=\"og:image:width\" content=\"810\" \/>\n\t<meta property=\"og:image:height\" content=\"1080\" \/>\n\t<meta property=\"og:image:type\" content=\"image\/jpeg\" \/>\n<meta name=\"twitter:card\" content=\"summary_large_image\" \/>\n<script type=\"application\/ld+json\" class=\"yoast-schema-graph\">{\"@context\":\"https:\/\/schema.org\",\"@graph\":[{\"@type\":\"WebPage\",\"@id\":\"https:\/\/woolyorganic.com\/shop-product\/deals\/2nd-category\/2nd-category-item-pacifier-clip-haki\/\",\"url\":\"https:\/\/woolyorganic.com\/shop-product\/deals\/2nd-category\/2nd-category-item-pacifier-clip-haki\/\",\"name\":\"2ND CATEGORY ITEM - PACIFIER CLIP - HAKI - Wooly Organic\",\"isPartOf\":{\"@id\":\"\/#website\"},\"primaryImageOfPage\":{\"@id\":\"https:\/\/woolyorganic.com\/shop-product\/deals\/2nd-category\/2nd-category-item-pacifier-clip-haki\/#primaryimage\"},\"image\":{\"@id\":\"https:\/\/woolyorganic.com\/shop-product\/deals\/2nd-category\/2nd-category-item-pacifier-clip-haki\/#primaryimage\"},\"thumbnailUrl\":\"https:\/\/woolyorganic.com\/wp-content\/uploads\/2023\/01\/T-85-0-24.jpg\",\"datePublished\":\"2023-01-26T07:08:27+00:00\",\"dateModified\":\"2023-03-30T11:58:59+00:00\",\"breadcrumb\":{\"@id\":\"https:\/\/woolyorganic.com\/shop-product\/deals\/2nd-category\/2nd-category-item-pacifier-clip-haki\/#breadcrumb\"},\"inLanguage\":\"lv-LV\",\"potentialAction\":[{\"@type\":\"ReadAction\",\"target\":[\"https:\/\/woolyorganic.com\/shop-product\/deals\/2nd-category\/2nd-category-item-pacifier-clip-haki\/\"]}]},{\"@type\":\"ImageObject\",\"inLanguage\":\"lv-LV\",\"@id\":\"https:\/\/woolyorganic.com\/shop-product\/deals\/2nd-category\/2nd-category-item-pacifier-clip-haki\/#primaryimage\",\"url\":\"https:\/\/woolyorganic.com\/wp-content\/uploads\/2023\/01\/T-85-0-24.jpg\",\"contentUrl\":\"https:\/\/woolyorganic.com\/wp-content\/uploads\/2023\/01\/T-85-0-24.jpg\",\"width\":810,\"height\":1080},{\"@type\":\"BreadcrumbList\",\"@id\":\"https:\/\/woolyorganic.com\/shop-product\/deals\/2nd-category\/2nd-category-item-pacifier-clip-haki\/#breadcrumb\",\"itemListElement\":[{\"@type\":\"ListItem\",\"position\":1,\"name\":\"Home\",\"item\":\"https:\/\/woolyorganic.com\/\"},{\"@type\":\"ListItem\",\"position\":2,\"name\":\"2ND CATEGORY ITEM &#8211; PACIFIER CLIP &#8211; HAKI\"}]},{\"@type\":\"WebSite\",\"@id\":\"\/#website\",\"url\":\"\/\",\"name\":\"Wooly Organic\",\"description\":\"Wooly Organic\",\"publisher\":{\"@id\":\"\/#organization\"},\"potentialAction\":[{\"@type\":\"SearchAction\",\"target\":{\"@type\":\"EntryPoint\",\"urlTemplate\":\"\/?s={search_term_string}\"},\"query-input\":{\"@type\":\"PropertyValueSpecification\",\"valueRequired\":true,\"valueName\":\"search_term_string\"}}],\"inLanguage\":\"lv-LV\"},{\"@type\":\"Organization\",\"@id\":\"\/#organization\",\"name\":\"Wooly Organic\",\"url\":\"\/\",\"logo\":{\"@type\":\"ImageObject\",\"inLanguage\":\"lv-LV\",\"@id\":\"\/#\/schema\/logo\/image\/\",\"url\":\"https:\/\/woolyorganic.com\/wp-content\/uploads\/2023\/03\/KnmDNUd2.png\",\"contentUrl\":\"https:\/\/woolyorganic.com\/wp-content\/uploads\/2023\/03\/KnmDNUd2.png\",\"width\":567,\"height\":567,\"caption\":\"Wooly Organic\"},\"image\":{\"@id\":\"\/#\/schema\/logo\/image\/\"},\"sameAs\":[\"https:\/\/www.facebook.com\/woolyorganic\",\"https:\/\/www.instagram.com\/woolyorganic\/\"]}]}<\/script>\n<!-- \/ Yoast SEO plugin. -->","yoast_head_json":{"title":"2ND CATEGORY ITEM - PACIFIER CLIP - HAKI - Wooly Organic","robots":{"index":"index","follow":"follow","max-snippet":"max-snippet:-1","max-image-preview":"max-image-preview:large","max-video-preview":"max-video-preview:-1"},"canonical":"https:\/\/woolyorganic.com\/lv\/shop-product\/deals\/2nd-category\/2nd-category-item-pacifier-clip-haki\/","og_locale":"lv_LV","og_type":"article","og_title":"2ND CATEGORY ITEM - PACIFIER CLIP - HAKI - Wooly Organic","og_description":"Pacifier straps will stop dummies falling on the floor and keep pacifiers with babies. Made from organic cotton. Wooden clips made in Germany, highest quality. Metal on clips is nickel&hellip;","og_url":"https:\/\/woolyorganic.com\/lv\/shop-product\/deals\/2nd-category\/2nd-category-item-pacifier-clip-haki\/","og_site_name":"Wooly Organic","article_publisher":"https:\/\/www.facebook.com\/woolyorganic","article_modified_time":"2023-03-30T11:58:59+00:00","og_image":[{"width":810,"height":1080,"url":"https:\/\/woolyorganic.com\/wp-content\/uploads\/2023\/01\/T-85-0-24.jpg","type":"image\/jpeg"}],"twitter_card":"summary_large_image","schema":{"@context":"https:\/\/schema.org","@graph":[{"@type":"WebPage","@id":"https:\/\/woolyorganic.com\/shop-product\/deals\/2nd-category\/2nd-category-item-pacifier-clip-haki\/","url":"https:\/\/woolyorganic.com\/shop-product\/deals\/2nd-category\/2nd-category-item-pacifier-clip-haki\/","name":"2ND CATEGORY ITEM - PACIFIER CLIP - HAKI - Wooly Organic","isPartOf":{"@id":"\/#website"},"primaryImageOfPage":{"@id":"https:\/\/woolyorganic.com\/shop-product\/deals\/2nd-category\/2nd-category-item-pacifier-clip-haki\/#primaryimage"},"image":{"@id":"https:\/\/woolyorganic.com\/shop-product\/deals\/2nd-category\/2nd-category-item-pacifier-clip-haki\/#primaryimage"},"thumbnailUrl":"https:\/\/woolyorganic.com\/wp-content\/uploads\/2023\/01\/T-85-0-24.jpg","datePublished":"2023-01-26T07:08:27+00:00","dateModified":"2023-03-30T11:58:59+00:00","breadcrumb":{"@id":"https:\/\/woolyorganic.com\/shop-product\/deals\/2nd-category\/2nd-category-item-pacifier-clip-haki\/#breadcrumb"},"inLanguage":"lv-LV","potentialAction":[{"@type":"ReadAction","target":["https:\/\/woolyorganic.com\/shop-product\/deals\/2nd-category\/2nd-category-item-pacifier-clip-haki\/"]}]},{"@type":"ImageObject","inLanguage":"lv-LV","@id":"https:\/\/woolyorganic.com\/shop-product\/deals\/2nd-category\/2nd-category-item-pacifier-clip-haki\/#primaryimage","url":"https:\/\/woolyorganic.com\/wp-content\/uploads\/2023\/01\/T-85-0-24.jpg","contentUrl":"https:\/\/woolyorganic.com\/wp-content\/uploads\/2023\/01\/T-85-0-24.jpg","width":810,"height":1080},{"@type":"BreadcrumbList","@id":"https:\/\/woolyorganic.com\/shop-product\/deals\/2nd-category\/2nd-category-item-pacifier-clip-haki\/#breadcrumb","itemListElement":[{"@type":"ListItem","position":1,"name":"Home","item":"https:\/\/woolyorganic.com\/"},{"@type":"ListItem","position":2,"name":"2ND CATEGORY ITEM &#8211; PACIFIER CLIP &#8211; HAKI"}]},{"@type":"WebSite","@id":"\/#website","url":"\/","name":"Wooly Organic","description":"Wooly Organic","publisher":{"@id":"\/#organization"},"potentialAction":[{"@type":"SearchAction","target":{"@type":"EntryPoint","urlTemplate":"\/?s={search_term_string}"},"query-input":{"@type":"PropertyValueSpecification","valueRequired":true,"valueName":"search_term_string"}}],"inLanguage":"lv-LV"},{"@type":"Organization","@id":"\/#organization","name":"Wooly Organic","url":"\/","logo":{"@type":"ImageObject","inLanguage":"lv-LV","@id":"\/#\/schema\/logo\/image\/","url":"https:\/\/woolyorganic.com\/wp-content\/uploads\/2023\/03\/KnmDNUd2.png","contentUrl":"https:\/\/woolyorganic.com\/wp-content\/uploads\/2023\/03\/KnmDNUd2.png","width":567,"height":567,"caption":"Wooly Organic"},"image":{"@id":"\/#\/schema\/logo\/image\/"},"sameAs":["https:\/\/www.facebook.com\/woolyorganic","https:\/\/www.instagram.com\/woolyorganic\/"]}]}},"_links":{"self":[{"href":"https:\/\/woolyorganic.com\/lv\/wp-json\/wp\/v2\/product\/3542107","targetHints":{"allow":["GET"]}}],"collection":[{"href":"https:\/\/woolyorganic.com\/lv\/wp-json\/wp\/v2\/product"}],"about":[{"href":"https:\/\/woolyorganic.com\/lv\/wp-json\/wp\/v2\/types\/product"}],"replies":[{"embeddable":true,"href":"https:\/\/woolyorganic.com\/lv\/wp-json\/wp\/v2\/comments?post=3542107"}],"wp:featuredmedia":[{"embeddable":true,"href":"https:\/\/woolyorganic.com\/lv\/wp-json\/wp\/v2\/media\/3539906"}],"wp:attachment":[{"href":"https:\/\/woolyorganic.com\/lv\/wp-json\/wp\/v2\/media?parent=3542107"}],"wp:term":[{"taxonomy":"product_brand","embeddable":true,"href":"https:\/\/woolyorganic.com\/lv\/wp-json\/wp\/v2\/product_brand?post=3542107"},{"taxonomy":"product_cat","embeddable":true,"href":"https:\/\/woolyorganic.com\/lv\/wp-json\/wp\/v2\/product_cat?post=3542107"},{"taxonomy":"product_tag","embeddable":true,"href":"https:\/\/woolyorganic.com\/lv\/wp-json\/wp\/v2\/product_tag?post=3542107"},{"taxonomy":"giftcard-category","embeddable":true,"href":"https:\/\/woolyorganic.com\/lv\/wp-json\/wp\/v2\/giftcard-category?post=3542107"}],"curies":[{"name":"wp","href":"https:\/\/api.w.org\/{rel}","templated":true}]}}