{"id":3541157,"date":"2023-01-26T06:43:33","date_gmt":"2023-01-26T06:43:33","guid":{"rendered":"http:\/\/updates-test.woolyorganic.com\/shop-product\/uncategorized\/baby-headband-sea-pine\/"},"modified":"2023-02-23T11:16:40","modified_gmt":"2023-02-23T11:16:40","slug":"baby-headband-sea-pine","status":"publish","type":"product","link":"https:\/\/woolyorganic.com\/lv\/shop-product\/baby\/accessories\/other-accessories\/baby-headband-sea-pine\/","title":{"rendered":"MAZU\u013bU MATU LENTA &#8211; J\u016aRAS ZA\u013bA"},"content":{"rendered":"<p>Matu lenta j\u016bsu mazajai princesei. Ra\u017eota no augst\u0101k\u0101s kvalit\u0101tes biolo\u0123isk\u0101s kokvilnas. GOTS sertific\u0113ta visos ra\u017eo\u0161anas posmos. Melnas korozo pogas priek\u0161pus\u0113. Materi\u0101ls: 95% kokvilna, 5% elast\u0101ns (biolo\u0123isks, sertific\u0113ts) Poga: 100% korozo \u2013 tropu palmas s\u0113klas. 100% dab\u012bga, nekait\u012bga, dro\u0161a b\u0113rniem, iztur\u012bga pret skr\u0101p\u0113jumiem un augstu temperat\u016bru, mazg\u0101jama \u0137\u012bmiskaj\u0101 t\u012br\u012btav\u0101, triecieniztur\u012bga &#8211; neplais\u0101s un nesadal\u012bsies, unik\u0101ls dab\u012bgais grauds Mazg\u0101t ve\u013cas ma\u0161\u012bn\u0101 40 \u00b0 C temperat\u016br\u0101 <\/p>","protected":false},"excerpt":{"rendered":"<p>Beautiful headband for your baby girl. Made from organic cotton. Keep your little one safe using\u00a0 these highest quality organic cotton gloves. They are GOTS-certified in all production stages. Material:&hellip;<\/p>","protected":false},"featured_media":3541156,"comment_status":"open","ping_status":"closed","template":"","meta":{"_acf_changed":false,"inline_featured_image":false,"iawp_total_views":12},"product_brand":[],"product_cat":[598,580,574,605,620,15],"product_tag":[448,451,650],"giftcard-category":[],"class_list":{"0":"post-3541157","1":"product","2":"type-product","3":"status-publish","4":"has-post-thumbnail","6":"product_cat-accessories","7":"product_cat-baby","8":"product_cat-collections","9":"product_cat-other-accessories","10":"product_cat-previous-collections","11":"product_cat-shop-all","12":"product_tag-gots","13":"product_tag-rib","14":"product_tag-sea-pine","16":"first","17":"outofstock","18":"sale","19":"taxable","20":"shipping-taxable","21":"purchasable","22":"product-type-simple","23":"layout-style-6","24":"col-md-4 col-sm-4 col-xs-6","25":"col-lg-3","26":"product-style-addtocart"},"bundled_by":[],"bundle_stock_status":"outofstock","bundle_stock_quantity":0,"bundle_virtual":false,"bundle_layout":"","bundle_add_to_cart_form_location":"","bundle_editable_in_cart":false,"bundle_sold_individually_context":"","bundle_item_grouping":"","bundle_min_size":"","bundle_max_size":"","bundle_price":[],"bundled_items":[],"bundle_sell_ids":[],"acf":[],"yoast_head":"<!-- This site is optimized with the Yoast SEO plugin v27.2 - https:\/\/yoast.com\/product\/yoast-seo-wordpress\/ -->\n<title>BABY HEADBAND - SEA PINE - Wooly Organic<\/title>\n<meta name=\"robots\" content=\"index, follow, max-snippet:-1, max-image-preview:large, max-video-preview:-1\" \/>\n<link rel=\"canonical\" href=\"https:\/\/woolyorganic.com\/lv\/shop-product\/baby\/accessories\/other-accessories\/baby-headband-sea-pine\/\" \/>\n<meta property=\"og:locale\" content=\"lv_LV\" \/>\n<meta property=\"og:type\" content=\"article\" \/>\n<meta property=\"og:title\" content=\"BABY HEADBAND - SEA PINE - Wooly Organic\" \/>\n<meta property=\"og:description\" content=\"Beautiful headband for your baby girl. Made from organic cotton. Keep your little one safe using\u00a0 these highest quality organic cotton gloves. They are GOTS-certified in all production stages. Material:&hellip;\" \/>\n<meta property=\"og:url\" content=\"https:\/\/woolyorganic.com\/lv\/shop-product\/baby\/accessories\/other-accessories\/baby-headband-sea-pine\/\" \/>\n<meta property=\"og:site_name\" content=\"Wooly Organic\" \/>\n<meta property=\"article:publisher\" content=\"https:\/\/www.facebook.com\/woolyorganic\" \/>\n<meta property=\"article:modified_time\" content=\"2023-02-23T11:16:40+00:00\" \/>\n<meta property=\"og:image\" content=\"https:\/\/woolyorganic.com\/wp-content\/uploads\/2023\/01\/R-46-X-09__48879.1578888155.1280.1280.jpg\" \/>\n\t<meta property=\"og:image:width\" content=\"720\" \/>\n\t<meta property=\"og:image:height\" content=\"1080\" \/>\n\t<meta property=\"og:image:type\" content=\"image\/jpeg\" \/>\n<meta name=\"twitter:card\" content=\"summary_large_image\" \/>\n<script type=\"application\/ld+json\" class=\"yoast-schema-graph\">{\"@context\":\"https:\/\/schema.org\",\"@graph\":[{\"@type\":\"WebPage\",\"@id\":\"https:\/\/woolyorganic.com\/shop-product\/baby\/accessories\/other-accessories\/baby-headband-sea-pine\/\",\"url\":\"https:\/\/woolyorganic.com\/shop-product\/baby\/accessories\/other-accessories\/baby-headband-sea-pine\/\",\"name\":\"BABY HEADBAND - SEA PINE - Wooly Organic\",\"isPartOf\":{\"@id\":\"\/#website\"},\"primaryImageOfPage\":{\"@id\":\"https:\/\/woolyorganic.com\/shop-product\/baby\/accessories\/other-accessories\/baby-headband-sea-pine\/#primaryimage\"},\"image\":{\"@id\":\"https:\/\/woolyorganic.com\/shop-product\/baby\/accessories\/other-accessories\/baby-headband-sea-pine\/#primaryimage\"},\"thumbnailUrl\":\"https:\/\/woolyorganic.com\/wp-content\/uploads\/2023\/01\/R-46-X-09__48879.1578888155.1280.1280.jpg\",\"datePublished\":\"2023-01-26T06:43:33+00:00\",\"dateModified\":\"2023-02-23T11:16:40+00:00\",\"breadcrumb\":{\"@id\":\"https:\/\/woolyorganic.com\/shop-product\/baby\/accessories\/other-accessories\/baby-headband-sea-pine\/#breadcrumb\"},\"inLanguage\":\"lv-LV\",\"potentialAction\":[{\"@type\":\"ReadAction\",\"target\":[\"https:\/\/woolyorganic.com\/shop-product\/baby\/accessories\/other-accessories\/baby-headband-sea-pine\/\"]}]},{\"@type\":\"ImageObject\",\"inLanguage\":\"lv-LV\",\"@id\":\"https:\/\/woolyorganic.com\/shop-product\/baby\/accessories\/other-accessories\/baby-headband-sea-pine\/#primaryimage\",\"url\":\"https:\/\/woolyorganic.com\/wp-content\/uploads\/2023\/01\/R-46-X-09__48879.1578888155.1280.1280.jpg\",\"contentUrl\":\"https:\/\/woolyorganic.com\/wp-content\/uploads\/2023\/01\/R-46-X-09__48879.1578888155.1280.1280.jpg\",\"width\":720,\"height\":1080},{\"@type\":\"BreadcrumbList\",\"@id\":\"https:\/\/woolyorganic.com\/shop-product\/baby\/accessories\/other-accessories\/baby-headband-sea-pine\/#breadcrumb\",\"itemListElement\":[{\"@type\":\"ListItem\",\"position\":1,\"name\":\"Home\",\"item\":\"https:\/\/woolyorganic.com\/\"},{\"@type\":\"ListItem\",\"position\":2,\"name\":\"BABY HEADBAND &#8211; SEA PINE\"}]},{\"@type\":\"WebSite\",\"@id\":\"\/#website\",\"url\":\"\/\",\"name\":\"Wooly Organic\",\"description\":\"Wooly Organic\",\"publisher\":{\"@id\":\"\/#organization\"},\"potentialAction\":[{\"@type\":\"SearchAction\",\"target\":{\"@type\":\"EntryPoint\",\"urlTemplate\":\"\/?s={search_term_string}\"},\"query-input\":{\"@type\":\"PropertyValueSpecification\",\"valueRequired\":true,\"valueName\":\"search_term_string\"}}],\"inLanguage\":\"lv-LV\"},{\"@type\":\"Organization\",\"@id\":\"\/#organization\",\"name\":\"Wooly Organic\",\"url\":\"\/\",\"logo\":{\"@type\":\"ImageObject\",\"inLanguage\":\"lv-LV\",\"@id\":\"\/#\/schema\/logo\/image\/\",\"url\":\"https:\/\/woolyorganic.com\/wp-content\/uploads\/2023\/03\/KnmDNUd2.png\",\"contentUrl\":\"https:\/\/woolyorganic.com\/wp-content\/uploads\/2023\/03\/KnmDNUd2.png\",\"width\":567,\"height\":567,\"caption\":\"Wooly Organic\"},\"image\":{\"@id\":\"\/#\/schema\/logo\/image\/\"},\"sameAs\":[\"https:\/\/www.facebook.com\/woolyorganic\",\"https:\/\/www.instagram.com\/woolyorganic\/\"]}]}<\/script>\n<!-- \/ Yoast SEO plugin. -->","yoast_head_json":{"title":"BABY HEADBAND - SEA PINE - Wooly Organic","robots":{"index":"index","follow":"follow","max-snippet":"max-snippet:-1","max-image-preview":"max-image-preview:large","max-video-preview":"max-video-preview:-1"},"canonical":"https:\/\/woolyorganic.com\/lv\/shop-product\/baby\/accessories\/other-accessories\/baby-headband-sea-pine\/","og_locale":"lv_LV","og_type":"article","og_title":"BABY HEADBAND - SEA PINE - Wooly Organic","og_description":"Beautiful headband for your baby girl. Made from organic cotton. Keep your little one safe using\u00a0 these highest quality organic cotton gloves. They are GOTS-certified in all production stages. Material:&hellip;","og_url":"https:\/\/woolyorganic.com\/lv\/shop-product\/baby\/accessories\/other-accessories\/baby-headband-sea-pine\/","og_site_name":"Wooly Organic","article_publisher":"https:\/\/www.facebook.com\/woolyorganic","article_modified_time":"2023-02-23T11:16:40+00:00","og_image":[{"width":720,"height":1080,"url":"https:\/\/woolyorganic.com\/wp-content\/uploads\/2023\/01\/R-46-X-09__48879.1578888155.1280.1280.jpg","type":"image\/jpeg"}],"twitter_card":"summary_large_image","schema":{"@context":"https:\/\/schema.org","@graph":[{"@type":"WebPage","@id":"https:\/\/woolyorganic.com\/shop-product\/baby\/accessories\/other-accessories\/baby-headband-sea-pine\/","url":"https:\/\/woolyorganic.com\/shop-product\/baby\/accessories\/other-accessories\/baby-headband-sea-pine\/","name":"BABY HEADBAND - SEA PINE - Wooly Organic","isPartOf":{"@id":"\/#website"},"primaryImageOfPage":{"@id":"https:\/\/woolyorganic.com\/shop-product\/baby\/accessories\/other-accessories\/baby-headband-sea-pine\/#primaryimage"},"image":{"@id":"https:\/\/woolyorganic.com\/shop-product\/baby\/accessories\/other-accessories\/baby-headband-sea-pine\/#primaryimage"},"thumbnailUrl":"https:\/\/woolyorganic.com\/wp-content\/uploads\/2023\/01\/R-46-X-09__48879.1578888155.1280.1280.jpg","datePublished":"2023-01-26T06:43:33+00:00","dateModified":"2023-02-23T11:16:40+00:00","breadcrumb":{"@id":"https:\/\/woolyorganic.com\/shop-product\/baby\/accessories\/other-accessories\/baby-headband-sea-pine\/#breadcrumb"},"inLanguage":"lv-LV","potentialAction":[{"@type":"ReadAction","target":["https:\/\/woolyorganic.com\/shop-product\/baby\/accessories\/other-accessories\/baby-headband-sea-pine\/"]}]},{"@type":"ImageObject","inLanguage":"lv-LV","@id":"https:\/\/woolyorganic.com\/shop-product\/baby\/accessories\/other-accessories\/baby-headband-sea-pine\/#primaryimage","url":"https:\/\/woolyorganic.com\/wp-content\/uploads\/2023\/01\/R-46-X-09__48879.1578888155.1280.1280.jpg","contentUrl":"https:\/\/woolyorganic.com\/wp-content\/uploads\/2023\/01\/R-46-X-09__48879.1578888155.1280.1280.jpg","width":720,"height":1080},{"@type":"BreadcrumbList","@id":"https:\/\/woolyorganic.com\/shop-product\/baby\/accessories\/other-accessories\/baby-headband-sea-pine\/#breadcrumb","itemListElement":[{"@type":"ListItem","position":1,"name":"Home","item":"https:\/\/woolyorganic.com\/"},{"@type":"ListItem","position":2,"name":"BABY HEADBAND &#8211; SEA PINE"}]},{"@type":"WebSite","@id":"\/#website","url":"\/","name":"Wooly Organic","description":"Wooly Organic","publisher":{"@id":"\/#organization"},"potentialAction":[{"@type":"SearchAction","target":{"@type":"EntryPoint","urlTemplate":"\/?s={search_term_string}"},"query-input":{"@type":"PropertyValueSpecification","valueRequired":true,"valueName":"search_term_string"}}],"inLanguage":"lv-LV"},{"@type":"Organization","@id":"\/#organization","name":"Wooly Organic","url":"\/","logo":{"@type":"ImageObject","inLanguage":"lv-LV","@id":"\/#\/schema\/logo\/image\/","url":"https:\/\/woolyorganic.com\/wp-content\/uploads\/2023\/03\/KnmDNUd2.png","contentUrl":"https:\/\/woolyorganic.com\/wp-content\/uploads\/2023\/03\/KnmDNUd2.png","width":567,"height":567,"caption":"Wooly Organic"},"image":{"@id":"\/#\/schema\/logo\/image\/"},"sameAs":["https:\/\/www.facebook.com\/woolyorganic","https:\/\/www.instagram.com\/woolyorganic\/"]}]}},"_links":{"self":[{"href":"https:\/\/woolyorganic.com\/lv\/wp-json\/wp\/v2\/product\/3541157","targetHints":{"allow":["GET"]}}],"collection":[{"href":"https:\/\/woolyorganic.com\/lv\/wp-json\/wp\/v2\/product"}],"about":[{"href":"https:\/\/woolyorganic.com\/lv\/wp-json\/wp\/v2\/types\/product"}],"replies":[{"embeddable":true,"href":"https:\/\/woolyorganic.com\/lv\/wp-json\/wp\/v2\/comments?post=3541157"}],"wp:featuredmedia":[{"embeddable":true,"href":"https:\/\/woolyorganic.com\/lv\/wp-json\/wp\/v2\/media\/3541156"}],"wp:attachment":[{"href":"https:\/\/woolyorganic.com\/lv\/wp-json\/wp\/v2\/media?parent=3541157"}],"wp:term":[{"taxonomy":"product_brand","embeddable":true,"href":"https:\/\/woolyorganic.com\/lv\/wp-json\/wp\/v2\/product_brand?post=3541157"},{"taxonomy":"product_cat","embeddable":true,"href":"https:\/\/woolyorganic.com\/lv\/wp-json\/wp\/v2\/product_cat?post=3541157"},{"taxonomy":"product_tag","embeddable":true,"href":"https:\/\/woolyorganic.com\/lv\/wp-json\/wp\/v2\/product_tag?post=3541157"},{"taxonomy":"giftcard-category","embeddable":true,"href":"https:\/\/woolyorganic.com\/lv\/wp-json\/wp\/v2\/giftcard-category?post=3541157"}],"curies":[{"name":"wp","href":"https:\/\/api.w.org\/{rel}","templated":true}]}}