{"id":3541127,"date":"2023-01-26T06:43:02","date_gmt":"2023-01-26T06:43:02","guid":{"rendered":"http:\/\/updates-test.woolyorganic.com\/shop-product\/uncategorized\/baby-blanket-dusty-pink\/"},"modified":"2023-03-03T14:47:51","modified_gmt":"2023-03-03T14:47:51","slug":"baby-blanket-dusty-pink","status":"publish","type":"product","link":"https:\/\/woolyorganic.com\/lv\/shop-product\/baby\/blankets\/baby-blanket-dusty-pink\/","title":{"rendered":"SEGA MAZU\u013bIEM &#8211; ROZ\u0100"},"content":{"rendered":"<p>Divpus\u0113ja sega mazu\u013ciem, ra\u017eota no augst\u0101k\u0101s kvalit\u0101tes, rok\u0101m nov\u0101ktas biolo\u0123iskas kokvilnas. Sega b\u016bs \u012bpa\u0161i m\u012bksta un maiga j\u016bsu mazu\u013ca j\u016bt\u012bgajai \u0101dai. Liks mazulim justies dro\u0161i un ir piem\u0113rot\u0101 izm\u0113r\u0101, lai pa\u0146emtu l\u012bdzi visur. Mazulis taj\u0101 jut\u012bsies izcili! Vien\u0101 pus\u0113\u00a0 ko\u0161i dzeltena, bet otr\u0101 rota\u013c\u012bgi melnbalta. \u00a0\u00a0\u00a0 Materi\u0101ls: 100% kokvilna (biolo\u0123iska, sertific\u0113ta) \u00a0 \u00a0 Izm\u0113rs: 88&#215;70 cm \u00a0 \u00a0 Mazg\u0101t ve\u013cas ma\u0161\u012bn\u0101 40\u00b0C temperat\u016br\u0101 <\/p>","protected":false},"excerpt":{"rendered":"<p>Double sided baby blanket, made from the highest quality organic cotton. The blanket is exceptionally soft and gentle for your baby\u2019s sensitive skin. It will bring security to your little&hellip;<\/p>","protected":false},"featured_media":3541126,"comment_status":"open","ping_status":"closed","template":"","meta":{"_acf_changed":false,"inline_featured_image":false,"iawp_total_views":58},"product_brand":[],"product_cat":[580,599,574,620,15],"product_tag":[645,448,447],"giftcard-category":[],"class_list":{"0":"post-3541127","1":"product","2":"type-product","3":"status-publish","4":"has-post-thumbnail","6":"product_cat-baby","7":"product_cat-blankets","8":"product_cat-collections","9":"product_cat-previous-collections","10":"product_cat-shop-all","11":"product_tag-dusty-pink","12":"product_tag-gots","13":"product_tag-interlock","15":"first","16":"outofstock","17":"sale","18":"taxable","19":"shipping-taxable","20":"purchasable","21":"product-type-simple","22":"layout-style-6","23":"col-md-4 col-sm-4 col-xs-6","24":"col-lg-3","25":"product-style-addtocart"},"bundled_by":[],"bundle_stock_status":"outofstock","bundle_stock_quantity":0,"bundle_virtual":false,"bundle_layout":"","bundle_add_to_cart_form_location":"","bundle_editable_in_cart":false,"bundle_sold_individually_context":"","bundle_item_grouping":"","bundle_min_size":"","bundle_max_size":"","bundle_price":[],"bundled_items":[],"bundle_sell_ids":[],"acf":[],"yoast_head":"<!-- This site is optimized with the Yoast SEO plugin v27.2 - https:\/\/yoast.com\/product\/yoast-seo-wordpress\/ -->\n<title>BABY BLANKET - DUSTY PINK - Wooly Organic<\/title>\n<meta name=\"robots\" content=\"index, follow, max-snippet:-1, max-image-preview:large, max-video-preview:-1\" \/>\n<link rel=\"canonical\" href=\"https:\/\/woolyorganic.com\/lv\/shop-product\/baby\/blankets\/baby-blanket-dusty-pink\/\" \/>\n<meta property=\"og:locale\" content=\"lv_LV\" \/>\n<meta property=\"og:type\" content=\"article\" \/>\n<meta property=\"og:title\" content=\"BABY BLANKET - DUSTY PINK - Wooly Organic\" \/>\n<meta property=\"og:description\" content=\"Double sided baby blanket, made from the highest quality organic cotton. The blanket is exceptionally soft and gentle for your baby\u2019s sensitive skin. It will bring security to your little&hellip;\" \/>\n<meta property=\"og:url\" content=\"https:\/\/woolyorganic.com\/lv\/shop-product\/baby\/blankets\/baby-blanket-dusty-pink\/\" \/>\n<meta property=\"og:site_name\" content=\"Wooly Organic\" \/>\n<meta property=\"article:publisher\" content=\"https:\/\/www.facebook.com\/woolyorganic\" \/>\n<meta property=\"article:modified_time\" content=\"2023-03-03T14:47:51+00:00\" \/>\n<meta property=\"og:image\" content=\"https:\/\/woolyorganic.com\/wp-content\/uploads\/2023\/01\/I-62-0-01__19495.1578897466.1280.1280.jpg\" \/>\n\t<meta property=\"og:image:width\" content=\"720\" \/>\n\t<meta property=\"og:image:height\" content=\"1080\" \/>\n\t<meta property=\"og:image:type\" content=\"image\/jpeg\" \/>\n<meta name=\"twitter:card\" content=\"summary_large_image\" \/>\n<script type=\"application\/ld+json\" class=\"yoast-schema-graph\">{\"@context\":\"https:\/\/schema.org\",\"@graph\":[{\"@type\":\"WebPage\",\"@id\":\"https:\/\/woolyorganic.com\/shop-product\/baby\/blankets\/baby-blanket-dusty-pink\/\",\"url\":\"https:\/\/woolyorganic.com\/shop-product\/baby\/blankets\/baby-blanket-dusty-pink\/\",\"name\":\"BABY BLANKET - DUSTY PINK - Wooly Organic\",\"isPartOf\":{\"@id\":\"\/#website\"},\"primaryImageOfPage\":{\"@id\":\"https:\/\/woolyorganic.com\/shop-product\/baby\/blankets\/baby-blanket-dusty-pink\/#primaryimage\"},\"image\":{\"@id\":\"https:\/\/woolyorganic.com\/shop-product\/baby\/blankets\/baby-blanket-dusty-pink\/#primaryimage\"},\"thumbnailUrl\":\"https:\/\/woolyorganic.com\/wp-content\/uploads\/2023\/01\/I-62-0-01__19495.1578897466.1280.1280.jpg\",\"datePublished\":\"2023-01-26T06:43:02+00:00\",\"dateModified\":\"2023-03-03T14:47:51+00:00\",\"breadcrumb\":{\"@id\":\"https:\/\/woolyorganic.com\/shop-product\/baby\/blankets\/baby-blanket-dusty-pink\/#breadcrumb\"},\"inLanguage\":\"lv-LV\",\"potentialAction\":[{\"@type\":\"ReadAction\",\"target\":[\"https:\/\/woolyorganic.com\/shop-product\/baby\/blankets\/baby-blanket-dusty-pink\/\"]}]},{\"@type\":\"ImageObject\",\"inLanguage\":\"lv-LV\",\"@id\":\"https:\/\/woolyorganic.com\/shop-product\/baby\/blankets\/baby-blanket-dusty-pink\/#primaryimage\",\"url\":\"https:\/\/woolyorganic.com\/wp-content\/uploads\/2023\/01\/I-62-0-01__19495.1578897466.1280.1280.jpg\",\"contentUrl\":\"https:\/\/woolyorganic.com\/wp-content\/uploads\/2023\/01\/I-62-0-01__19495.1578897466.1280.1280.jpg\",\"width\":720,\"height\":1080},{\"@type\":\"BreadcrumbList\",\"@id\":\"https:\/\/woolyorganic.com\/shop-product\/baby\/blankets\/baby-blanket-dusty-pink\/#breadcrumb\",\"itemListElement\":[{\"@type\":\"ListItem\",\"position\":1,\"name\":\"Home\",\"item\":\"https:\/\/woolyorganic.com\/\"},{\"@type\":\"ListItem\",\"position\":2,\"name\":\"BABY BLANKET &#8211; DUSTY PINK\"}]},{\"@type\":\"WebSite\",\"@id\":\"\/#website\",\"url\":\"\/\",\"name\":\"Wooly Organic\",\"description\":\"Wooly Organic\",\"publisher\":{\"@id\":\"\/#organization\"},\"potentialAction\":[{\"@type\":\"SearchAction\",\"target\":{\"@type\":\"EntryPoint\",\"urlTemplate\":\"\/?s={search_term_string}\"},\"query-input\":{\"@type\":\"PropertyValueSpecification\",\"valueRequired\":true,\"valueName\":\"search_term_string\"}}],\"inLanguage\":\"lv-LV\"},{\"@type\":\"Organization\",\"@id\":\"\/#organization\",\"name\":\"Wooly Organic\",\"url\":\"\/\",\"logo\":{\"@type\":\"ImageObject\",\"inLanguage\":\"lv-LV\",\"@id\":\"\/#\/schema\/logo\/image\/\",\"url\":\"https:\/\/woolyorganic.com\/wp-content\/uploads\/2023\/03\/KnmDNUd2.png\",\"contentUrl\":\"https:\/\/woolyorganic.com\/wp-content\/uploads\/2023\/03\/KnmDNUd2.png\",\"width\":567,\"height\":567,\"caption\":\"Wooly Organic\"},\"image\":{\"@id\":\"\/#\/schema\/logo\/image\/\"},\"sameAs\":[\"https:\/\/www.facebook.com\/woolyorganic\",\"https:\/\/www.instagram.com\/woolyorganic\/\"]}]}<\/script>\n<!-- \/ Yoast SEO plugin. -->","yoast_head_json":{"title":"BABY BLANKET - DUSTY PINK - Wooly Organic","robots":{"index":"index","follow":"follow","max-snippet":"max-snippet:-1","max-image-preview":"max-image-preview:large","max-video-preview":"max-video-preview:-1"},"canonical":"https:\/\/woolyorganic.com\/lv\/shop-product\/baby\/blankets\/baby-blanket-dusty-pink\/","og_locale":"lv_LV","og_type":"article","og_title":"BABY BLANKET - DUSTY PINK - Wooly Organic","og_description":"Double sided baby blanket, made from the highest quality organic cotton. The blanket is exceptionally soft and gentle for your baby\u2019s sensitive skin. It will bring security to your little&hellip;","og_url":"https:\/\/woolyorganic.com\/lv\/shop-product\/baby\/blankets\/baby-blanket-dusty-pink\/","og_site_name":"Wooly Organic","article_publisher":"https:\/\/www.facebook.com\/woolyorganic","article_modified_time":"2023-03-03T14:47:51+00:00","og_image":[{"width":720,"height":1080,"url":"https:\/\/woolyorganic.com\/wp-content\/uploads\/2023\/01\/I-62-0-01__19495.1578897466.1280.1280.jpg","type":"image\/jpeg"}],"twitter_card":"summary_large_image","schema":{"@context":"https:\/\/schema.org","@graph":[{"@type":"WebPage","@id":"https:\/\/woolyorganic.com\/shop-product\/baby\/blankets\/baby-blanket-dusty-pink\/","url":"https:\/\/woolyorganic.com\/shop-product\/baby\/blankets\/baby-blanket-dusty-pink\/","name":"BABY BLANKET - DUSTY PINK - Wooly Organic","isPartOf":{"@id":"\/#website"},"primaryImageOfPage":{"@id":"https:\/\/woolyorganic.com\/shop-product\/baby\/blankets\/baby-blanket-dusty-pink\/#primaryimage"},"image":{"@id":"https:\/\/woolyorganic.com\/shop-product\/baby\/blankets\/baby-blanket-dusty-pink\/#primaryimage"},"thumbnailUrl":"https:\/\/woolyorganic.com\/wp-content\/uploads\/2023\/01\/I-62-0-01__19495.1578897466.1280.1280.jpg","datePublished":"2023-01-26T06:43:02+00:00","dateModified":"2023-03-03T14:47:51+00:00","breadcrumb":{"@id":"https:\/\/woolyorganic.com\/shop-product\/baby\/blankets\/baby-blanket-dusty-pink\/#breadcrumb"},"inLanguage":"lv-LV","potentialAction":[{"@type":"ReadAction","target":["https:\/\/woolyorganic.com\/shop-product\/baby\/blankets\/baby-blanket-dusty-pink\/"]}]},{"@type":"ImageObject","inLanguage":"lv-LV","@id":"https:\/\/woolyorganic.com\/shop-product\/baby\/blankets\/baby-blanket-dusty-pink\/#primaryimage","url":"https:\/\/woolyorganic.com\/wp-content\/uploads\/2023\/01\/I-62-0-01__19495.1578897466.1280.1280.jpg","contentUrl":"https:\/\/woolyorganic.com\/wp-content\/uploads\/2023\/01\/I-62-0-01__19495.1578897466.1280.1280.jpg","width":720,"height":1080},{"@type":"BreadcrumbList","@id":"https:\/\/woolyorganic.com\/shop-product\/baby\/blankets\/baby-blanket-dusty-pink\/#breadcrumb","itemListElement":[{"@type":"ListItem","position":1,"name":"Home","item":"https:\/\/woolyorganic.com\/"},{"@type":"ListItem","position":2,"name":"BABY BLANKET &#8211; DUSTY PINK"}]},{"@type":"WebSite","@id":"\/#website","url":"\/","name":"Wooly Organic","description":"Wooly Organic","publisher":{"@id":"\/#organization"},"potentialAction":[{"@type":"SearchAction","target":{"@type":"EntryPoint","urlTemplate":"\/?s={search_term_string}"},"query-input":{"@type":"PropertyValueSpecification","valueRequired":true,"valueName":"search_term_string"}}],"inLanguage":"lv-LV"},{"@type":"Organization","@id":"\/#organization","name":"Wooly Organic","url":"\/","logo":{"@type":"ImageObject","inLanguage":"lv-LV","@id":"\/#\/schema\/logo\/image\/","url":"https:\/\/woolyorganic.com\/wp-content\/uploads\/2023\/03\/KnmDNUd2.png","contentUrl":"https:\/\/woolyorganic.com\/wp-content\/uploads\/2023\/03\/KnmDNUd2.png","width":567,"height":567,"caption":"Wooly Organic"},"image":{"@id":"\/#\/schema\/logo\/image\/"},"sameAs":["https:\/\/www.facebook.com\/woolyorganic","https:\/\/www.instagram.com\/woolyorganic\/"]}]}},"_links":{"self":[{"href":"https:\/\/woolyorganic.com\/lv\/wp-json\/wp\/v2\/product\/3541127","targetHints":{"allow":["GET"]}}],"collection":[{"href":"https:\/\/woolyorganic.com\/lv\/wp-json\/wp\/v2\/product"}],"about":[{"href":"https:\/\/woolyorganic.com\/lv\/wp-json\/wp\/v2\/types\/product"}],"replies":[{"embeddable":true,"href":"https:\/\/woolyorganic.com\/lv\/wp-json\/wp\/v2\/comments?post=3541127"}],"wp:featuredmedia":[{"embeddable":true,"href":"https:\/\/woolyorganic.com\/lv\/wp-json\/wp\/v2\/media\/3541126"}],"wp:attachment":[{"href":"https:\/\/woolyorganic.com\/lv\/wp-json\/wp\/v2\/media?parent=3541127"}],"wp:term":[{"taxonomy":"product_brand","embeddable":true,"href":"https:\/\/woolyorganic.com\/lv\/wp-json\/wp\/v2\/product_brand?post=3541127"},{"taxonomy":"product_cat","embeddable":true,"href":"https:\/\/woolyorganic.com\/lv\/wp-json\/wp\/v2\/product_cat?post=3541127"},{"taxonomy":"product_tag","embeddable":true,"href":"https:\/\/woolyorganic.com\/lv\/wp-json\/wp\/v2\/product_tag?post=3541127"},{"taxonomy":"giftcard-category","embeddable":true,"href":"https:\/\/woolyorganic.com\/lv\/wp-json\/wp\/v2\/giftcard-category?post=3541127"}],"curies":[{"name":"wp","href":"https:\/\/api.w.org\/{rel}","templated":true}]}}