{"id":3540650,"date":"2023-01-26T06:35:05","date_gmt":"2023-01-26T06:35:05","guid":{"rendered":"http:\/\/updates-test.woolyorganic.com\/?post_type=product&#038;p=3540650"},"modified":"2023-03-03T20:21:44","modified_gmt":"2023-03-03T20:21:44","slug":"muslin-romper-rose-dawn","status":"publish","type":"product","link":"https:\/\/woolyorganic.com\/lv\/shop-product\/baby\/rompers\/muslin-romper-rose-dawn\/","title":{"rendered":"MUSL\u012aNA ROMPERIS &#8211; R\u012aTAUSMAS ROZ\u0100"},"content":{"rendered":"<p>Musl\u012bna romperis jeb kombinezons jaundzimu\u0161ajam vai mazulim vasaras sezonai. Vienk\u0101r\u0161a un stil\u012bga garderobes sast\u0101vda\u013ca. Spiedpogas k\u0101jstarp\u0113 vieglai auti\u0146a nomain\u012b\u0161anai. Materi\u0101la sast\u0101vs: 100% organiska kokvilna &#8211; musl\u012bna audums. Izm\u0113ri: 56\/62 (0-2 m\u0113ne\u0161i), 62\/68 (2-4 m\u0113ne\u0161i), 68\/74 (4-6 m\u0113ne\u0161i), 74\/80 (7-9 m\u0113ne\u0161i). Preces kr\u0101sa var nedaudz at\u0161\u0137irties no att\u0113l\u0101 redzam\u0101 <\/p>","protected":false},"excerpt":{"rendered":"<p>Timeless muslin fabric romper (jumpsuit) for a newborn or baby. The simple and stylish element of the wardrobe. Press-stud fastening between the legs for easy nappy changing. Material composition: 100%&hellip;<\/p>","protected":false},"featured_media":3540680,"comment_status":"open","ping_status":"closed","template":"","meta":{"_acf_changed":false,"inline_featured_image":false,"iawp_total_views":4},"product_brand":[],"product_cat":[580,574,620,591,15],"product_tag":[448,174,546],"giftcard-category":[],"class_list":{"0":"post-3540650","1":"product","2":"type-product","3":"status-publish","4":"has-post-thumbnail","6":"product_cat-baby","7":"product_cat-collections","8":"product_cat-previous-collections","9":"product_cat-rompers","10":"product_cat-shop-all","11":"product_tag-gots","12":"product_tag-muslin","13":"product_tag-rose-dawn","15":"first","16":"outofstock","17":"taxable","18":"shipping-taxable","19":"product-type-variable","20":"layout-style-6","21":"col-md-4 col-sm-4 col-xs-6","22":"col-lg-3","23":"product-has-gallery","24":"product-style-addtocart"},"bundled_by":[],"bundle_stock_status":"outofstock","bundle_stock_quantity":null,"bundle_virtual":false,"bundle_layout":"","bundle_add_to_cart_form_location":"","bundle_editable_in_cart":false,"bundle_sold_individually_context":"","bundle_item_grouping":"","bundle_min_size":"","bundle_max_size":"","bundle_price":[],"bundled_items":[],"bundle_sell_ids":[],"acf":[],"yoast_head":"<!-- This site is optimized with the Yoast SEO plugin v27.2 - https:\/\/yoast.com\/product\/yoast-seo-wordpress\/ -->\n<title>MUSLIN ROMPER - ROSE DAWN - Wooly Organic<\/title>\n<meta name=\"robots\" content=\"index, follow, max-snippet:-1, max-image-preview:large, max-video-preview:-1\" \/>\n<link rel=\"canonical\" href=\"https:\/\/woolyorganic.com\/lv\/shop-product\/baby\/rompers\/muslin-romper-rose-dawn\/\" \/>\n<meta property=\"og:locale\" content=\"lv_LV\" \/>\n<meta property=\"og:type\" content=\"article\" \/>\n<meta property=\"og:title\" content=\"MUSLIN ROMPER - ROSE DAWN - Wooly Organic\" \/>\n<meta property=\"og:description\" content=\"Timeless muslin fabric romper (jumpsuit) for a newborn or baby. The simple and stylish element of the wardrobe. Press-stud fastening between the legs for easy nappy changing. Material composition: 100%&hellip;\" \/>\n<meta property=\"og:url\" content=\"https:\/\/woolyorganic.com\/lv\/shop-product\/baby\/rompers\/muslin-romper-rose-dawn\/\" \/>\n<meta property=\"og:site_name\" content=\"Wooly Organic\" \/>\n<meta property=\"article:publisher\" content=\"https:\/\/www.facebook.com\/woolyorganic\" \/>\n<meta property=\"article:modified_time\" content=\"2023-03-03T20:21:44+00:00\" \/>\n<meta property=\"og:image\" content=\"https:\/\/woolyorganic.com\/wp-content\/uploads\/2023\/01\/M-87-56-29.jpg\" \/>\n\t<meta property=\"og:image:width\" content=\"810\" \/>\n\t<meta property=\"og:image:height\" content=\"1080\" \/>\n\t<meta property=\"og:image:type\" content=\"image\/jpeg\" \/>\n<meta name=\"twitter:card\" content=\"summary_large_image\" \/>\n<script type=\"application\/ld+json\" class=\"yoast-schema-graph\">{\"@context\":\"https:\/\/schema.org\",\"@graph\":[{\"@type\":\"WebPage\",\"@id\":\"https:\/\/woolyorganic.com\/shop-product\/baby\/rompers\/muslin-romper-rose-dawn\/\",\"url\":\"https:\/\/woolyorganic.com\/shop-product\/baby\/rompers\/muslin-romper-rose-dawn\/\",\"name\":\"MUSLIN ROMPER - ROSE DAWN - Wooly Organic\",\"isPartOf\":{\"@id\":\"\/#website\"},\"primaryImageOfPage\":{\"@id\":\"https:\/\/woolyorganic.com\/shop-product\/baby\/rompers\/muslin-romper-rose-dawn\/#primaryimage\"},\"image\":{\"@id\":\"https:\/\/woolyorganic.com\/shop-product\/baby\/rompers\/muslin-romper-rose-dawn\/#primaryimage\"},\"thumbnailUrl\":\"https:\/\/woolyorganic.com\/wp-content\/uploads\/2023\/01\/M-87-56-29.jpg\",\"datePublished\":\"2023-01-26T06:35:05+00:00\",\"dateModified\":\"2023-03-03T20:21:44+00:00\",\"breadcrumb\":{\"@id\":\"https:\/\/woolyorganic.com\/shop-product\/baby\/rompers\/muslin-romper-rose-dawn\/#breadcrumb\"},\"inLanguage\":\"lv-LV\",\"potentialAction\":[{\"@type\":\"ReadAction\",\"target\":[\"https:\/\/woolyorganic.com\/shop-product\/baby\/rompers\/muslin-romper-rose-dawn\/\"]}]},{\"@type\":\"ImageObject\",\"inLanguage\":\"lv-LV\",\"@id\":\"https:\/\/woolyorganic.com\/shop-product\/baby\/rompers\/muslin-romper-rose-dawn\/#primaryimage\",\"url\":\"https:\/\/woolyorganic.com\/wp-content\/uploads\/2023\/01\/M-87-56-29.jpg\",\"contentUrl\":\"https:\/\/woolyorganic.com\/wp-content\/uploads\/2023\/01\/M-87-56-29.jpg\",\"width\":810,\"height\":1080},{\"@type\":\"BreadcrumbList\",\"@id\":\"https:\/\/woolyorganic.com\/shop-product\/baby\/rompers\/muslin-romper-rose-dawn\/#breadcrumb\",\"itemListElement\":[{\"@type\":\"ListItem\",\"position\":1,\"name\":\"Home\",\"item\":\"https:\/\/woolyorganic.com\/\"},{\"@type\":\"ListItem\",\"position\":2,\"name\":\"MUSLIN ROMPER &#8211; ROSE DAWN\"}]},{\"@type\":\"WebSite\",\"@id\":\"\/#website\",\"url\":\"\/\",\"name\":\"Wooly Organic\",\"description\":\"Wooly Organic\",\"publisher\":{\"@id\":\"\/#organization\"},\"potentialAction\":[{\"@type\":\"SearchAction\",\"target\":{\"@type\":\"EntryPoint\",\"urlTemplate\":\"\/?s={search_term_string}\"},\"query-input\":{\"@type\":\"PropertyValueSpecification\",\"valueRequired\":true,\"valueName\":\"search_term_string\"}}],\"inLanguage\":\"lv-LV\"},{\"@type\":\"Organization\",\"@id\":\"\/#organization\",\"name\":\"Wooly Organic\",\"url\":\"\/\",\"logo\":{\"@type\":\"ImageObject\",\"inLanguage\":\"lv-LV\",\"@id\":\"\/#\/schema\/logo\/image\/\",\"url\":\"https:\/\/woolyorganic.com\/wp-content\/uploads\/2023\/03\/KnmDNUd2.png\",\"contentUrl\":\"https:\/\/woolyorganic.com\/wp-content\/uploads\/2023\/03\/KnmDNUd2.png\",\"width\":567,\"height\":567,\"caption\":\"Wooly Organic\"},\"image\":{\"@id\":\"\/#\/schema\/logo\/image\/\"},\"sameAs\":[\"https:\/\/www.facebook.com\/woolyorganic\",\"https:\/\/www.instagram.com\/woolyorganic\/\"]}]}<\/script>\n<!-- \/ Yoast SEO plugin. -->","yoast_head_json":{"title":"MUSLIN ROMPER - ROSE DAWN - Wooly Organic","robots":{"index":"index","follow":"follow","max-snippet":"max-snippet:-1","max-image-preview":"max-image-preview:large","max-video-preview":"max-video-preview:-1"},"canonical":"https:\/\/woolyorganic.com\/lv\/shop-product\/baby\/rompers\/muslin-romper-rose-dawn\/","og_locale":"lv_LV","og_type":"article","og_title":"MUSLIN ROMPER - ROSE DAWN - Wooly Organic","og_description":"Timeless muslin fabric romper (jumpsuit) for a newborn or baby. The simple and stylish element of the wardrobe. Press-stud fastening between the legs for easy nappy changing. Material composition: 100%&hellip;","og_url":"https:\/\/woolyorganic.com\/lv\/shop-product\/baby\/rompers\/muslin-romper-rose-dawn\/","og_site_name":"Wooly Organic","article_publisher":"https:\/\/www.facebook.com\/woolyorganic","article_modified_time":"2023-03-03T20:21:44+00:00","og_image":[{"width":810,"height":1080,"url":"https:\/\/woolyorganic.com\/wp-content\/uploads\/2023\/01\/M-87-56-29.jpg","type":"image\/jpeg"}],"twitter_card":"summary_large_image","schema":{"@context":"https:\/\/schema.org","@graph":[{"@type":"WebPage","@id":"https:\/\/woolyorganic.com\/shop-product\/baby\/rompers\/muslin-romper-rose-dawn\/","url":"https:\/\/woolyorganic.com\/shop-product\/baby\/rompers\/muslin-romper-rose-dawn\/","name":"MUSLIN ROMPER - ROSE DAWN - Wooly Organic","isPartOf":{"@id":"\/#website"},"primaryImageOfPage":{"@id":"https:\/\/woolyorganic.com\/shop-product\/baby\/rompers\/muslin-romper-rose-dawn\/#primaryimage"},"image":{"@id":"https:\/\/woolyorganic.com\/shop-product\/baby\/rompers\/muslin-romper-rose-dawn\/#primaryimage"},"thumbnailUrl":"https:\/\/woolyorganic.com\/wp-content\/uploads\/2023\/01\/M-87-56-29.jpg","datePublished":"2023-01-26T06:35:05+00:00","dateModified":"2023-03-03T20:21:44+00:00","breadcrumb":{"@id":"https:\/\/woolyorganic.com\/shop-product\/baby\/rompers\/muslin-romper-rose-dawn\/#breadcrumb"},"inLanguage":"lv-LV","potentialAction":[{"@type":"ReadAction","target":["https:\/\/woolyorganic.com\/shop-product\/baby\/rompers\/muslin-romper-rose-dawn\/"]}]},{"@type":"ImageObject","inLanguage":"lv-LV","@id":"https:\/\/woolyorganic.com\/shop-product\/baby\/rompers\/muslin-romper-rose-dawn\/#primaryimage","url":"https:\/\/woolyorganic.com\/wp-content\/uploads\/2023\/01\/M-87-56-29.jpg","contentUrl":"https:\/\/woolyorganic.com\/wp-content\/uploads\/2023\/01\/M-87-56-29.jpg","width":810,"height":1080},{"@type":"BreadcrumbList","@id":"https:\/\/woolyorganic.com\/shop-product\/baby\/rompers\/muslin-romper-rose-dawn\/#breadcrumb","itemListElement":[{"@type":"ListItem","position":1,"name":"Home","item":"https:\/\/woolyorganic.com\/"},{"@type":"ListItem","position":2,"name":"MUSLIN ROMPER &#8211; ROSE DAWN"}]},{"@type":"WebSite","@id":"\/#website","url":"\/","name":"Wooly Organic","description":"Wooly Organic","publisher":{"@id":"\/#organization"},"potentialAction":[{"@type":"SearchAction","target":{"@type":"EntryPoint","urlTemplate":"\/?s={search_term_string}"},"query-input":{"@type":"PropertyValueSpecification","valueRequired":true,"valueName":"search_term_string"}}],"inLanguage":"lv-LV"},{"@type":"Organization","@id":"\/#organization","name":"Wooly Organic","url":"\/","logo":{"@type":"ImageObject","inLanguage":"lv-LV","@id":"\/#\/schema\/logo\/image\/","url":"https:\/\/woolyorganic.com\/wp-content\/uploads\/2023\/03\/KnmDNUd2.png","contentUrl":"https:\/\/woolyorganic.com\/wp-content\/uploads\/2023\/03\/KnmDNUd2.png","width":567,"height":567,"caption":"Wooly Organic"},"image":{"@id":"\/#\/schema\/logo\/image\/"},"sameAs":["https:\/\/www.facebook.com\/woolyorganic","https:\/\/www.instagram.com\/woolyorganic\/"]}]}},"_links":{"self":[{"href":"https:\/\/woolyorganic.com\/lv\/wp-json\/wp\/v2\/product\/3540650","targetHints":{"allow":["GET"]}}],"collection":[{"href":"https:\/\/woolyorganic.com\/lv\/wp-json\/wp\/v2\/product"}],"about":[{"href":"https:\/\/woolyorganic.com\/lv\/wp-json\/wp\/v2\/types\/product"}],"replies":[{"embeddable":true,"href":"https:\/\/woolyorganic.com\/lv\/wp-json\/wp\/v2\/comments?post=3540650"}],"wp:featuredmedia":[{"embeddable":true,"href":"https:\/\/woolyorganic.com\/lv\/wp-json\/wp\/v2\/media\/3540680"}],"wp:attachment":[{"href":"https:\/\/woolyorganic.com\/lv\/wp-json\/wp\/v2\/media?parent=3540650"}],"wp:term":[{"taxonomy":"product_brand","embeddable":true,"href":"https:\/\/woolyorganic.com\/lv\/wp-json\/wp\/v2\/product_brand?post=3540650"},{"taxonomy":"product_cat","embeddable":true,"href":"https:\/\/woolyorganic.com\/lv\/wp-json\/wp\/v2\/product_cat?post=3540650"},{"taxonomy":"product_tag","embeddable":true,"href":"https:\/\/woolyorganic.com\/lv\/wp-json\/wp\/v2\/product_tag?post=3540650"},{"taxonomy":"giftcard-category","embeddable":true,"href":"https:\/\/woolyorganic.com\/lv\/wp-json\/wp\/v2\/giftcard-category?post=3540650"}],"curies":[{"name":"wp","href":"https:\/\/api.w.org\/{rel}","templated":true}]}}