{"id":3538212,"date":"2023-01-25T13:34:19","date_gmt":"2023-01-25T13:34:19","guid":{"rendered":"http:\/\/updates-test.woolyorganic.com\/shop-product\/uncategorized\/crinkle-bunny-ears-with-teething-ring\/"},"modified":"2026-05-13T15:28:21","modified_gmt":"2026-05-13T15:28:21","slug":"crinkle-bunny-ears-with-teething-ring","status":"publish","type":"product","link":"https:\/\/woolyorganic.com\/lv\/shop-product\/toys\/comforters\/crinkle-bunny-ears-with-teething-ring\/","title":{"rendered":"CLASSIC \u010cAUKSTO\u0160\u0100S ZA\u0136A AUSIS"},"content":{"rendered":"<p>Dro\u0161s un dab\u012bgs zobgrauzis ar ko\u0161\u013c\u0101jam\u0101m da\u013c\u0101m, kas nodro\u0161ina komfortu un atvieglo zobu n\u0101k\u0161anas laik\u0101. \u010cauksto\u0161\u0101s ausis izdves\u012bs ska\u0146as, kad mazulis tam pieskarsies. Izcils stimulants ma\u0146u m\u0101c\u012b\u0161anai. Piem\u0113rots tur\u0113\u0161anai maz\u0101s plaukst\u0101s. Materi\u0101ls: 100% kokvilna \u010cauksto\u0161ais materi\u0101ls: folija Augstums: 19cm Ko\u0137a ri\u0146\u0137is: k\u013cavas koksne apstr\u0101d\u0101ta ar dabisko bi\u0161u vasku, diametrs 6 cm Mazg\u0101t ve\u013cas ma\u0161\u012bn\u0101 30\u00b0C temperat\u016br\u0101 Piem\u0113rots no dzim\u0161anas Preces kr\u0101sa var nedaudz at\u0161\u0137irties no att\u0113l\u0101 redzam\u0101<\/p>","protected":false},"excerpt":{"rendered":"<p>Safe and natural teether with chewable parts that provides comfort and relief during teething. Crinkle bunny ears make fun sounds as baby touches. It is a perfect stimulant for sensory&hellip;<\/p>","protected":false},"featured_media":3538211,"comment_status":"open","ping_status":"closed","template":"","meta":{"_acf_changed":false,"inline_featured_image":false,"iawp_total_views":118},"product_brand":[],"product_cat":[816,574,587,620,15,579],"product_tag":[1215,638],"giftcard-category":[],"class_list":{"0":"post-3538212","1":"product","2":"type-product","3":"status-publish","4":"has-post-thumbnail","6":"product_cat-classic-collection","7":"product_cat-collections","8":"product_cat-comforters","9":"product_cat-previous-collections","10":"product_cat-shop-all","11":"product_cat-toys","12":"product_tag-onezero","13":"product_tag-toy","15":"first","16":"instock","17":"taxable","18":"shipping-taxable","19":"purchasable","20":"product-type-simple","21":"layout-style-6","22":"col-md-4 col-sm-4 col-xs-6","23":"col-lg-3","24":"product-style-addtocart"},"bundled_by":[],"bundle_stock_status":"instock","bundle_stock_quantity":189,"bundle_virtual":false,"bundle_layout":"","bundle_add_to_cart_form_location":"","bundle_editable_in_cart":false,"bundle_sold_individually_context":"","bundle_item_grouping":"","bundle_min_size":"","bundle_max_size":"","bundle_price":[],"bundled_items":[],"bundle_sell_ids":[],"acf":[],"yoast_head":"<!-- This site is optimized with the Yoast SEO plugin v27.2 - https:\/\/yoast.com\/product\/yoast-seo-wordpress\/ -->\n<title>CRINKLE BUNNY EARS WITH TEETHING RING - Wooly Organic<\/title>\n<meta name=\"robots\" content=\"index, follow, max-snippet:-1, max-image-preview:large, max-video-preview:-1\" \/>\n<link rel=\"canonical\" href=\"https:\/\/woolyorganic.com\/lv\/shop-product\/toys\/comforters\/crinkle-bunny-ears-with-teething-ring\/\" \/>\n<meta property=\"og:locale\" content=\"lv_LV\" \/>\n<meta property=\"og:type\" content=\"article\" \/>\n<meta property=\"og:title\" content=\"CRINKLE BUNNY EARS WITH TEETHING RING - Wooly Organic\" \/>\n<meta property=\"og:description\" content=\"Safe and natural teether with chewable parts that provides comfort and relief during teething. Crinkle bunny ears make fun sounds as baby touches. It is a perfect stimulant for sensory&hellip;\" \/>\n<meta property=\"og:url\" content=\"https:\/\/woolyorganic.com\/lv\/shop-product\/toys\/comforters\/crinkle-bunny-ears-with-teething-ring\/\" \/>\n<meta property=\"og:site_name\" content=\"Wooly Organic\" \/>\n<meta property=\"article:publisher\" content=\"https:\/\/www.facebook.com\/woolyorganic\" \/>\n<meta property=\"article:modified_time\" content=\"2026-05-13T15:28:21+00:00\" \/>\n<meta property=\"og:image\" content=\"https:\/\/woolyorganic.com\/wp-content\/uploads\/2023\/01\/301__99487.1532426916.1280.1280.jpg\" \/>\n\t<meta property=\"og:image:width\" content=\"1080\" \/>\n\t<meta property=\"og:image:height\" content=\"1080\" \/>\n\t<meta property=\"og:image:type\" content=\"image\/jpeg\" \/>\n<meta name=\"twitter:card\" content=\"summary_large_image\" \/>\n<meta name=\"twitter:label1\" content=\"Est. reading time\" \/>\n\t<meta name=\"twitter:data1\" content=\"1 min\u016bte\" \/>\n<script type=\"application\/ld+json\" class=\"yoast-schema-graph\">{\"@context\":\"https:\/\/schema.org\",\"@graph\":[{\"@type\":\"WebPage\",\"@id\":\"https:\/\/woolyorganic.com\/shop-product\/toys\/comforters\/crinkle-bunny-ears-with-teething-ring\/\",\"url\":\"https:\/\/woolyorganic.com\/shop-product\/toys\/comforters\/crinkle-bunny-ears-with-teething-ring\/\",\"name\":\"CRINKLE BUNNY EARS WITH TEETHING RING - Wooly Organic\",\"isPartOf\":{\"@id\":\"\/#website\"},\"primaryImageOfPage\":{\"@id\":\"https:\/\/woolyorganic.com\/shop-product\/toys\/comforters\/crinkle-bunny-ears-with-teething-ring\/#primaryimage\"},\"image\":{\"@id\":\"https:\/\/woolyorganic.com\/shop-product\/toys\/comforters\/crinkle-bunny-ears-with-teething-ring\/#primaryimage\"},\"thumbnailUrl\":\"https:\/\/woolyorganic.com\/wp-content\/uploads\/2023\/01\/301__99487.1532426916.1280.1280.jpg\",\"datePublished\":\"2023-01-25T13:34:19+00:00\",\"dateModified\":\"2026-05-13T15:28:21+00:00\",\"breadcrumb\":{\"@id\":\"https:\/\/woolyorganic.com\/shop-product\/toys\/comforters\/crinkle-bunny-ears-with-teething-ring\/#breadcrumb\"},\"inLanguage\":\"lv-LV\",\"potentialAction\":[{\"@type\":\"ReadAction\",\"target\":[\"https:\/\/woolyorganic.com\/shop-product\/toys\/comforters\/crinkle-bunny-ears-with-teething-ring\/\"]}]},{\"@type\":\"ImageObject\",\"inLanguage\":\"lv-LV\",\"@id\":\"https:\/\/woolyorganic.com\/shop-product\/toys\/comforters\/crinkle-bunny-ears-with-teething-ring\/#primaryimage\",\"url\":\"https:\/\/woolyorganic.com\/wp-content\/uploads\/2023\/01\/301__99487.1532426916.1280.1280.jpg\",\"contentUrl\":\"https:\/\/woolyorganic.com\/wp-content\/uploads\/2023\/01\/301__99487.1532426916.1280.1280.jpg\",\"width\":1080,\"height\":1080},{\"@type\":\"BreadcrumbList\",\"@id\":\"https:\/\/woolyorganic.com\/shop-product\/toys\/comforters\/crinkle-bunny-ears-with-teething-ring\/#breadcrumb\",\"itemListElement\":[{\"@type\":\"ListItem\",\"position\":1,\"name\":\"Home\",\"item\":\"https:\/\/woolyorganic.com\/\"},{\"@type\":\"ListItem\",\"position\":2,\"name\":\"CRINKLE BUNNY EARS WITH TEETHING RING\"}]},{\"@type\":\"WebSite\",\"@id\":\"\/#website\",\"url\":\"\/\",\"name\":\"Wooly Organic\",\"description\":\"Wooly Organic\",\"publisher\":{\"@id\":\"\/#organization\"},\"potentialAction\":[{\"@type\":\"SearchAction\",\"target\":{\"@type\":\"EntryPoint\",\"urlTemplate\":\"\/?s={search_term_string}\"},\"query-input\":{\"@type\":\"PropertyValueSpecification\",\"valueRequired\":true,\"valueName\":\"search_term_string\"}}],\"inLanguage\":\"lv-LV\"},{\"@type\":\"Organization\",\"@id\":\"\/#organization\",\"name\":\"Wooly Organic\",\"url\":\"\/\",\"logo\":{\"@type\":\"ImageObject\",\"inLanguage\":\"lv-LV\",\"@id\":\"\/#\/schema\/logo\/image\/\",\"url\":\"https:\/\/woolyorganic.com\/wp-content\/uploads\/2023\/03\/KnmDNUd2.png\",\"contentUrl\":\"https:\/\/woolyorganic.com\/wp-content\/uploads\/2023\/03\/KnmDNUd2.png\",\"width\":567,\"height\":567,\"caption\":\"Wooly Organic\"},\"image\":{\"@id\":\"\/#\/schema\/logo\/image\/\"},\"sameAs\":[\"https:\/\/www.facebook.com\/woolyorganic\",\"https:\/\/www.instagram.com\/woolyorganic\/\"]}]}<\/script>\n<!-- \/ Yoast SEO plugin. -->","yoast_head_json":{"title":"CRINKLE BUNNY EARS WITH TEETHING RING - Wooly Organic","robots":{"index":"index","follow":"follow","max-snippet":"max-snippet:-1","max-image-preview":"max-image-preview:large","max-video-preview":"max-video-preview:-1"},"canonical":"https:\/\/woolyorganic.com\/lv\/shop-product\/toys\/comforters\/crinkle-bunny-ears-with-teething-ring\/","og_locale":"lv_LV","og_type":"article","og_title":"CRINKLE BUNNY EARS WITH TEETHING RING - Wooly Organic","og_description":"Safe and natural teether with chewable parts that provides comfort and relief during teething. Crinkle bunny ears make fun sounds as baby touches. It is a perfect stimulant for sensory&hellip;","og_url":"https:\/\/woolyorganic.com\/lv\/shop-product\/toys\/comforters\/crinkle-bunny-ears-with-teething-ring\/","og_site_name":"Wooly Organic","article_publisher":"https:\/\/www.facebook.com\/woolyorganic","article_modified_time":"2026-05-13T15:28:21+00:00","og_image":[{"width":1080,"height":1080,"url":"https:\/\/woolyorganic.com\/wp-content\/uploads\/2023\/01\/301__99487.1532426916.1280.1280.jpg","type":"image\/jpeg"}],"twitter_card":"summary_large_image","twitter_misc":{"Est. reading time":"1 min\u016bte"},"schema":{"@context":"https:\/\/schema.org","@graph":[{"@type":"WebPage","@id":"https:\/\/woolyorganic.com\/shop-product\/toys\/comforters\/crinkle-bunny-ears-with-teething-ring\/","url":"https:\/\/woolyorganic.com\/shop-product\/toys\/comforters\/crinkle-bunny-ears-with-teething-ring\/","name":"CRINKLE BUNNY EARS WITH TEETHING RING - Wooly Organic","isPartOf":{"@id":"\/#website"},"primaryImageOfPage":{"@id":"https:\/\/woolyorganic.com\/shop-product\/toys\/comforters\/crinkle-bunny-ears-with-teething-ring\/#primaryimage"},"image":{"@id":"https:\/\/woolyorganic.com\/shop-product\/toys\/comforters\/crinkle-bunny-ears-with-teething-ring\/#primaryimage"},"thumbnailUrl":"https:\/\/woolyorganic.com\/wp-content\/uploads\/2023\/01\/301__99487.1532426916.1280.1280.jpg","datePublished":"2023-01-25T13:34:19+00:00","dateModified":"2026-05-13T15:28:21+00:00","breadcrumb":{"@id":"https:\/\/woolyorganic.com\/shop-product\/toys\/comforters\/crinkle-bunny-ears-with-teething-ring\/#breadcrumb"},"inLanguage":"lv-LV","potentialAction":[{"@type":"ReadAction","target":["https:\/\/woolyorganic.com\/shop-product\/toys\/comforters\/crinkle-bunny-ears-with-teething-ring\/"]}]},{"@type":"ImageObject","inLanguage":"lv-LV","@id":"https:\/\/woolyorganic.com\/shop-product\/toys\/comforters\/crinkle-bunny-ears-with-teething-ring\/#primaryimage","url":"https:\/\/woolyorganic.com\/wp-content\/uploads\/2023\/01\/301__99487.1532426916.1280.1280.jpg","contentUrl":"https:\/\/woolyorganic.com\/wp-content\/uploads\/2023\/01\/301__99487.1532426916.1280.1280.jpg","width":1080,"height":1080},{"@type":"BreadcrumbList","@id":"https:\/\/woolyorganic.com\/shop-product\/toys\/comforters\/crinkle-bunny-ears-with-teething-ring\/#breadcrumb","itemListElement":[{"@type":"ListItem","position":1,"name":"Home","item":"https:\/\/woolyorganic.com\/"},{"@type":"ListItem","position":2,"name":"CRINKLE BUNNY EARS WITH TEETHING RING"}]},{"@type":"WebSite","@id":"\/#website","url":"\/","name":"Wooly Organic","description":"Wooly Organic","publisher":{"@id":"\/#organization"},"potentialAction":[{"@type":"SearchAction","target":{"@type":"EntryPoint","urlTemplate":"\/?s={search_term_string}"},"query-input":{"@type":"PropertyValueSpecification","valueRequired":true,"valueName":"search_term_string"}}],"inLanguage":"lv-LV"},{"@type":"Organization","@id":"\/#organization","name":"Wooly Organic","url":"\/","logo":{"@type":"ImageObject","inLanguage":"lv-LV","@id":"\/#\/schema\/logo\/image\/","url":"https:\/\/woolyorganic.com\/wp-content\/uploads\/2023\/03\/KnmDNUd2.png","contentUrl":"https:\/\/woolyorganic.com\/wp-content\/uploads\/2023\/03\/KnmDNUd2.png","width":567,"height":567,"caption":"Wooly Organic"},"image":{"@id":"\/#\/schema\/logo\/image\/"},"sameAs":["https:\/\/www.facebook.com\/woolyorganic","https:\/\/www.instagram.com\/woolyorganic\/"]}]}},"_links":{"self":[{"href":"https:\/\/woolyorganic.com\/lv\/wp-json\/wp\/v2\/product\/3538212","targetHints":{"allow":["GET"]}}],"collection":[{"href":"https:\/\/woolyorganic.com\/lv\/wp-json\/wp\/v2\/product"}],"about":[{"href":"https:\/\/woolyorganic.com\/lv\/wp-json\/wp\/v2\/types\/product"}],"replies":[{"embeddable":true,"href":"https:\/\/woolyorganic.com\/lv\/wp-json\/wp\/v2\/comments?post=3538212"}],"wp:featuredmedia":[{"embeddable":true,"href":"https:\/\/woolyorganic.com\/lv\/wp-json\/wp\/v2\/media\/3538211"}],"wp:attachment":[{"href":"https:\/\/woolyorganic.com\/lv\/wp-json\/wp\/v2\/media?parent=3538212"}],"wp:term":[{"taxonomy":"product_brand","embeddable":true,"href":"https:\/\/woolyorganic.com\/lv\/wp-json\/wp\/v2\/product_brand?post=3538212"},{"taxonomy":"product_cat","embeddable":true,"href":"https:\/\/woolyorganic.com\/lv\/wp-json\/wp\/v2\/product_cat?post=3538212"},{"taxonomy":"product_tag","embeddable":true,"href":"https:\/\/woolyorganic.com\/lv\/wp-json\/wp\/v2\/product_tag?post=3538212"},{"taxonomy":"giftcard-category","embeddable":true,"href":"https:\/\/woolyorganic.com\/lv\/wp-json\/wp\/v2\/giftcard-category?post=3538212"}],"curies":[{"name":"wp","href":"https:\/\/api.w.org\/{rel}","templated":true}]}}