{"id":642,"date":"2020-03-06T14:29:22","date_gmt":"2020-03-06T14:29:22","guid":{"rendered":"http:\/\/woolyorganic.com\/?page_id=642"},"modified":"2023-02-24T15:00:58","modified_gmt":"2023-02-24T15:00:58","slug":"support","status":"publish","type":"page","link":"https:\/\/woolyorganic.com\/lv\/support\/","title":{"rendered":"Atbalsta"},"content":{"rendered":"<div class=\"wpb-content-wrapper\"><div class=\"vc_row wpb_row vc_row-fluid vc_custom_1583740813302 vc_row-o-equal-height vc_row-o-content-middle vc_row-flex\"><div class=\"wpb_column vc_column_container vc_col-sm-12 vc_col-md-offset-0 vc_col-sm-offset-0\"><div class=\"vc_column-inner\"><div class=\"wpb_wrapper\"><div class=\"vc_row wpb_row vc_inner vc_row-fluid s-row vc_row-o-equal-height vc_row-o-content-middle vc_row-flex\"><div class=\"wpb_column vc_column_container vc_col-sm-8\"><div class=\"vc_column-inner\"><div class=\"wpb_wrapper\">\n\t<div  class=\"wpb_single_image wpb_content_element vc_align_center wpb_content_element\">\n\t\t\n\t\t<figure class=\"wpb_wrapper vc_figure\">\n\t\t\t<div class=\"vc_single_image-wrapper   vc_box_border_grey\"><img loading=\"lazy\" decoding=\"async\" width=\"706\" height=\"158\" src=\"https:\/\/woolyorganic.com\/wp-content\/uploads\/2023\/02\/wologo3.jpg\" class=\"vc_single_image-img attachment-full\" alt=\"\" title=\"wologo3\" srcset=\"https:\/\/woolyorganic.com\/wp-content\/uploads\/2023\/02\/wologo3.jpg 706w, https:\/\/woolyorganic.com\/wp-content\/uploads\/2023\/02\/wologo3-300x67.jpg 300w, https:\/\/woolyorganic.com\/wp-content\/uploads\/2023\/02\/wologo3-18x4.jpg 18w\" sizes=\"auto, (max-width: 706px) 100vw, 706px\" \/><\/div><figcaption class=\"vc_figure-caption\">SIA WOOLY WORLD ir nosl\u0113dzis 2016.gada 6.maij\u0101 l\u012bgumu Nr.SKV-L-2016\/222 ar Latvijas Invest\u012bciju un att\u012bst\u012bbas a\u0123ent\u016bru par atbalsta sa\u0146em\u0161anu pas\u0101kuma \u201cStarptautisk\u0101s konkur\u0113tsp\u0113jas veicin\u0101\u0161ana\u201d ietvaros, ko l\u012bdzfinans\u0113 Eiropas Re\u0123ion\u0101l\u0101s att\u012bst\u012bbas fonds.<\/figcaption>\n\t\t<\/figure>\n\t<\/div>\n<\/div><\/div><\/div><div class=\"wpb_column vc_column_container vc_col-sm-4\"><div class=\"vc_column-inner\"><div class=\"wpb_wrapper\">\n\t<div  class=\"wpb_single_image wpb_content_element vc_align_center wpb_content_element\">\n\t\t\n\t\t<figure class=\"wpb_wrapper vc_figure\">\n\t\t\t<div class=\"vc_single_image-wrapper   vc_box_border_grey\"><img loading=\"lazy\" decoding=\"async\" width=\"200\" height=\"23\" src=\"https:\/\/woolyorganic.com\/wp-content\/uploads\/2023\/02\/wologo4.jpg\" class=\"vc_single_image-img attachment-full\" alt=\"\" title=\"wologo4\" srcset=\"https:\/\/woolyorganic.com\/wp-content\/uploads\/2023\/02\/wologo4.jpg 200w, https:\/\/woolyorganic.com\/wp-content\/uploads\/2023\/02\/wologo4-18x2.jpg 18w\" sizes=\"auto, (max-width: 200px) 100vw, 200px\" \/><\/div><figcaption class=\"vc_figure-caption\">FLORENCE - PITTI BIMBO - 17.-19.01.19, STAND N\/2<\/figcaption>\n\t\t<\/figure>\n\t<\/div>\n<\/div><\/div><\/div><\/div><div class=\"vc_row wpb_row vc_inner vc_row-fluid s-row vc_row-o-equal-height vc_row-o-content-middle vc_row-flex\"><div class=\"wpb_column vc_column_container vc_col-sm-4\"><div class=\"vc_column-inner\"><div class=\"wpb_wrapper\">\n\t<div  class=\"wpb_single_image wpb_content_element vc_align_center wpb_content_element\">\n\t\t\n\t\t<figure class=\"wpb_wrapper vc_figure\">\n\t\t\t<div class=\"vc_single_image-wrapper   vc_box_border_grey\"><img loading=\"lazy\" decoding=\"async\" width=\"200\" height=\"102\" src=\"https:\/\/woolyorganic.com\/wp-content\/uploads\/2023\/02\/wologo3-1.jpg\" class=\"vc_single_image-img attachment-full\" alt=\"\" title=\"wologo3\" srcset=\"https:\/\/woolyorganic.com\/wp-content\/uploads\/2023\/02\/wologo3-1.jpg 200w, https:\/\/woolyorganic.com\/wp-content\/uploads\/2023\/02\/wologo3-1-18x9.jpg 18w\" sizes=\"auto, (max-width: 200px) 100vw, 200px\" \/><\/div><figcaption class=\"vc_figure-caption\">PARIS - MAISON & OBJECT - 18.-22.01.19, HALL 3, STAND F120<\/figcaption>\n\t\t<\/figure>\n\t<\/div>\n<\/div><\/div><\/div><div class=\"wpb_column vc_column_container vc_col-sm-4\"><div class=\"vc_column-inner\"><div class=\"wpb_wrapper\">\n\t<div  class=\"wpb_single_image wpb_content_element vc_align_center wpb_content_element\">\n\t\t\n\t\t<figure class=\"wpb_wrapper vc_figure\">\n\t\t\t<div class=\"vc_single_image-wrapper   vc_box_border_grey\"><img loading=\"lazy\" decoding=\"async\" width=\"198\" height=\"32\" src=\"https:\/\/woolyorganic.com\/wp-content\/uploads\/2023\/02\/wologo2.jpg\" class=\"vc_single_image-img attachment-full\" alt=\"\" title=\"wologo2\" srcset=\"https:\/\/woolyorganic.com\/wp-content\/uploads\/2023\/02\/wologo2.jpg 198w, https:\/\/woolyorganic.com\/wp-content\/uploads\/2023\/02\/wologo2-18x3.jpg 18w\" sizes=\"auto, (max-width: 198px) 100vw, 198px\" \/><\/div><figcaption class=\"vc_figure-caption\">COPENHAGEN - CIFF YOUTH - 30.01.-1.02.19, STAND H-010<\/figcaption>\n\t\t<\/figure>\n\t<\/div>\n<\/div><\/div><\/div><div class=\"wpb_column vc_column_container vc_col-sm-4\"><div class=\"vc_column-inner\"><div class=\"wpb_wrapper\">\n\t<div  class=\"wpb_single_image wpb_content_element vc_align_center wpb_content_element\">\n\t\t\n\t\t<figure class=\"wpb_wrapper vc_figure\">\n\t\t\t<div class=\"vc_single_image-wrapper   vc_box_border_grey\"><img loading=\"lazy\" decoding=\"async\" width=\"183\" height=\"89\" src=\"https:\/\/woolyorganic.com\/wp-content\/uploads\/2023\/02\/wologo5.jpg\" class=\"vc_single_image-img attachment-full\" alt=\"\" title=\"wologo5\" srcset=\"https:\/\/woolyorganic.com\/wp-content\/uploads\/2023\/02\/wologo5.jpg 183w, https:\/\/woolyorganic.com\/wp-content\/uploads\/2023\/02\/wologo5-18x9.jpg 18w\" sizes=\"auto, (max-width: 183px) 100vw, 183px\" \/><\/div><figcaption class=\"vc_figure-caption\">NUREMBERG - SPIELWARENMESSE - 30.01.-3.02.19, HALL 1, STAND B37<\/figcaption>\n\t\t<\/figure>\n\t<\/div>\n<\/div><\/div><\/div><\/div><\/div><\/div><\/div><\/div>\n<\/div>","protected":false},"excerpt":{"rendered":"WOOLY WORLD LTD has signed an agreement No SKV-L-2016\/222 of 6 May 2016 with the Investment and Development Agency of Latvia on receiving support under the measure \"Promoting International Competitiveness\",&hellip;","protected":false},"author":1,"featured_media":0,"parent":0,"menu_order":0,"comment_status":"closed","ping_status":"closed","template":"","meta":{"_acf_changed":false,"inline_featured_image":false,"iawp_total_views":65,"footnotes":""},"class_list":["post-642","page","type-page","status-publish","hentry"],"acf":[],"yoast_head":"<!-- This site is optimized with the Yoast SEO plugin v27.2 - https:\/\/yoast.com\/product\/yoast-seo-wordpress\/ -->\n<title>Supported By - Wooly Organic<\/title>\n<meta name=\"robots\" content=\"index, follow, max-snippet:-1, max-image-preview:large, max-video-preview:-1\" \/>\n<link rel=\"canonical\" href=\"https:\/\/woolyorganic.com\/lv\/support\/\" \/>\n<meta property=\"og:locale\" content=\"lv_LV\" \/>\n<meta property=\"og:type\" content=\"article\" \/>\n<meta property=\"og:title\" content=\"Supported By - Wooly Organic\" \/>\n<meta property=\"og:url\" content=\"https:\/\/woolyorganic.com\/lv\/support\/\" \/>\n<meta property=\"og:site_name\" content=\"Wooly Organic\" \/>\n<meta property=\"article:publisher\" content=\"https:\/\/www.facebook.com\/woolyorganic\" \/>\n<meta property=\"article:modified_time\" content=\"2023-02-24T15:00:58+00:00\" \/>\n<meta property=\"og:image\" content=\"https:\/\/woolyorganic.com\/wp-content\/uploads\/2023\/03\/KnmDNUd2.png\" \/>\n\t<meta property=\"og:image:width\" content=\"567\" \/>\n\t<meta property=\"og:image:height\" content=\"567\" \/>\n\t<meta property=\"og:image:type\" content=\"image\/png\" \/>\n<meta name=\"twitter:card\" content=\"summary_large_image\" \/>\n<meta name=\"twitter:label1\" content=\"Est. reading time\" \/>\n\t<meta name=\"twitter:data1\" content=\"1 min\u016bte\" \/>\n<script type=\"application\/ld+json\" class=\"yoast-schema-graph\">{\"@context\":\"https:\/\/schema.org\",\"@graph\":[{\"@type\":\"WebPage\",\"@id\":\"https:\/\/woolyorganic.com\/en\/support\/\",\"url\":\"https:\/\/woolyorganic.com\/en\/support\/\",\"name\":\"Supported By - Wooly Organic\",\"isPartOf\":{\"@id\":\"\/#website\"},\"datePublished\":\"2020-03-06T14:29:22+00:00\",\"dateModified\":\"2023-02-24T15:00:58+00:00\",\"breadcrumb\":{\"@id\":\"https:\/\/woolyorganic.com\/en\/support\/#breadcrumb\"},\"inLanguage\":\"lv-LV\",\"potentialAction\":[{\"@type\":\"ReadAction\",\"target\":[\"https:\/\/woolyorganic.com\/en\/support\/\"]}]},{\"@type\":\"BreadcrumbList\",\"@id\":\"https:\/\/woolyorganic.com\/en\/support\/#breadcrumb\",\"itemListElement\":[{\"@type\":\"ListItem\",\"position\":1,\"name\":\"Home\",\"item\":\"https:\/\/woolyorganic.com\/\"},{\"@type\":\"ListItem\",\"position\":2,\"name\":\"Supported By\"}]},{\"@type\":\"WebSite\",\"@id\":\"\/#website\",\"url\":\"\/\",\"name\":\"Wooly Organic\",\"description\":\"Wooly Organic\",\"publisher\":{\"@id\":\"\/#organization\"},\"potentialAction\":[{\"@type\":\"SearchAction\",\"target\":{\"@type\":\"EntryPoint\",\"urlTemplate\":\"\/?s={search_term_string}\"},\"query-input\":{\"@type\":\"PropertyValueSpecification\",\"valueRequired\":true,\"valueName\":\"search_term_string\"}}],\"inLanguage\":\"lv-LV\"},{\"@type\":\"Organization\",\"@id\":\"\/#organization\",\"name\":\"Wooly Organic\",\"url\":\"\/\",\"logo\":{\"@type\":\"ImageObject\",\"inLanguage\":\"lv-LV\",\"@id\":\"\/#\/schema\/logo\/image\/\",\"url\":\"https:\/\/woolyorganic.com\/wp-content\/uploads\/2023\/03\/KnmDNUd2.png\",\"contentUrl\":\"https:\/\/woolyorganic.com\/wp-content\/uploads\/2023\/03\/KnmDNUd2.png\",\"width\":567,\"height\":567,\"caption\":\"Wooly Organic\"},\"image\":{\"@id\":\"\/#\/schema\/logo\/image\/\"},\"sameAs\":[\"https:\/\/www.facebook.com\/woolyorganic\",\"https:\/\/www.instagram.com\/woolyorganic\/\"]}]}<\/script>\n<!-- \/ Yoast SEO plugin. -->","yoast_head_json":{"title":"Supported By - Wooly Organic","robots":{"index":"index","follow":"follow","max-snippet":"max-snippet:-1","max-image-preview":"max-image-preview:large","max-video-preview":"max-video-preview:-1"},"canonical":"https:\/\/woolyorganic.com\/lv\/support\/","og_locale":"lv_LV","og_type":"article","og_title":"Supported By - Wooly Organic","og_url":"https:\/\/woolyorganic.com\/lv\/support\/","og_site_name":"Wooly Organic","article_publisher":"https:\/\/www.facebook.com\/woolyorganic","article_modified_time":"2023-02-24T15:00:58+00:00","og_image":[{"width":567,"height":567,"url":"https:\/\/woolyorganic.com\/wp-content\/uploads\/2023\/03\/KnmDNUd2.png","type":"image\/png"}],"twitter_card":"summary_large_image","twitter_misc":{"Est. reading time":"1 min\u016bte"},"schema":{"@context":"https:\/\/schema.org","@graph":[{"@type":"WebPage","@id":"https:\/\/woolyorganic.com\/en\/support\/","url":"https:\/\/woolyorganic.com\/en\/support\/","name":"Supported By - Wooly Organic","isPartOf":{"@id":"\/#website"},"datePublished":"2020-03-06T14:29:22+00:00","dateModified":"2023-02-24T15:00:58+00:00","breadcrumb":{"@id":"https:\/\/woolyorganic.com\/en\/support\/#breadcrumb"},"inLanguage":"lv-LV","potentialAction":[{"@type":"ReadAction","target":["https:\/\/woolyorganic.com\/en\/support\/"]}]},{"@type":"BreadcrumbList","@id":"https:\/\/woolyorganic.com\/en\/support\/#breadcrumb","itemListElement":[{"@type":"ListItem","position":1,"name":"Home","item":"https:\/\/woolyorganic.com\/"},{"@type":"ListItem","position":2,"name":"Supported By"}]},{"@type":"WebSite","@id":"\/#website","url":"\/","name":"Wooly Organic","description":"Wooly Organic","publisher":{"@id":"\/#organization"},"potentialAction":[{"@type":"SearchAction","target":{"@type":"EntryPoint","urlTemplate":"\/?s={search_term_string}"},"query-input":{"@type":"PropertyValueSpecification","valueRequired":true,"valueName":"search_term_string"}}],"inLanguage":"lv-LV"},{"@type":"Organization","@id":"\/#organization","name":"Wooly Organic","url":"\/","logo":{"@type":"ImageObject","inLanguage":"lv-LV","@id":"\/#\/schema\/logo\/image\/","url":"https:\/\/woolyorganic.com\/wp-content\/uploads\/2023\/03\/KnmDNUd2.png","contentUrl":"https:\/\/woolyorganic.com\/wp-content\/uploads\/2023\/03\/KnmDNUd2.png","width":567,"height":567,"caption":"Wooly Organic"},"image":{"@id":"\/#\/schema\/logo\/image\/"},"sameAs":["https:\/\/www.facebook.com\/woolyorganic","https:\/\/www.instagram.com\/woolyorganic\/"]}]}},"_links":{"self":[{"href":"https:\/\/woolyorganic.com\/lv\/wp-json\/wp\/v2\/pages\/642","targetHints":{"allow":["GET"]}}],"collection":[{"href":"https:\/\/woolyorganic.com\/lv\/wp-json\/wp\/v2\/pages"}],"about":[{"href":"https:\/\/woolyorganic.com\/lv\/wp-json\/wp\/v2\/types\/page"}],"author":[{"embeddable":true,"href":"https:\/\/woolyorganic.com\/lv\/wp-json\/wp\/v2\/users\/1"}],"replies":[{"embeddable":true,"href":"https:\/\/woolyorganic.com\/lv\/wp-json\/wp\/v2\/comments?post=642"}],"version-history":[{"count":3,"href":"https:\/\/woolyorganic.com\/lv\/wp-json\/wp\/v2\/pages\/642\/revisions"}],"predecessor-version":[{"id":3546467,"href":"https:\/\/woolyorganic.com\/lv\/wp-json\/wp\/v2\/pages\/642\/revisions\/3546467"}],"wp:attachment":[{"href":"https:\/\/woolyorganic.com\/lv\/wp-json\/wp\/v2\/media?parent=642"}],"curies":[{"name":"wp","href":"https:\/\/api.w.org\/{rel}","templated":true}]}}