{"id":3546482,"date":"2023-02-23T10:08:02","date_gmt":"2023-02-23T10:08:02","guid":{"rendered":"https:\/\/updates-test.woolyorganic.com\/?page_id=3546482"},"modified":"2023-02-27T15:09:00","modified_gmt":"2023-02-27T15:09:00","slug":"privacy-policy","status":"publish","type":"page","link":"https:\/\/woolyorganic.com\/lv\/privacy-policy\/","title":{"rendered":"Priv\u0101tuma politika"},"content":{"rendered":"<div class=\"wpb-content-wrapper\"><div class=\"vc_row wpb_row vc_row-fluid vc_custom_1583744299366 vc_row-o-equal-height vc_row-o-content-middle vc_row-flex\"><div class=\"wpb_column vc_column_container vc_col-sm-12 vc_col-md-offset-0 vc_col-sm-offset-0\"><div class=\"vc_column-inner\"><div class=\"wpb_wrapper\">\n\t<div class=\"wpb_text_column wpb_content_element\" >\n\t\t<div class=\"wpb_wrapper\">\n\t\t\t<p>\u0160ajos noteikumos j\u0113dzieni \u201ctu\u201d, \u201ctavs\u201d vai l\u012bdz\u012bgi tiek attiecin\u0101ti uz jebkuru vietnes\u00a0<a href=\"https:\/\/woolyorganic.com\/lv\/\">www.woolyorganic.com<\/a>\u00a0(turpm\u0101k \u2013 vietne) apmekl\u0113t\u0101ju. T\u0101di j\u0113dzieni k\u0101 \u201cm\u0113s\u201d, \u201cm\u016bsu\u201d vai l\u012bdz\u012bgi attiecas uz  Wooly World, SIA.<\/p>\n\n\t\t<\/div>\n\t<\/div>\n<\/div><\/div><\/div><\/div><div class=\"vc_row wpb_row vc_row-fluid vc_custom_1583744306244 vc_row-o-equal-height vc_row-o-content-middle vc_row-flex\"><div class=\"wpb_column vc_column_container vc_col-sm-12 vc_col-md-offset-0 vc_col-sm-offset-0\"><div class=\"vc_column-inner\"><div class=\"wpb_wrapper\"><h2 style=\"font-size: 30px;color: #aaaaaa;text-align: left\" class=\"vc_custom_heading vc_custom_1677510357888 text-left\" >KAS IR S\u012aKFAILI<\/h2>\n\t<div class=\"wpb_text_column wpb_content_element\" >\n\t\t<div class=\"wpb_wrapper\">\n\t\t\t<p>S\u012bkfaili ir mazi teksta faili, kas caur j\u016bsu p\u0101rl\u016bkprogrammu tiek \u012bslaic\u012bgi iestr\u0101d\u0101ti datora cietaj\u0101 disk\u0101. Tos bie\u017ei izmanto k\u0101 viet\u0146u meh\u0101nismu, lai iegaum\u0113tu noder\u012bgu inform\u0101ciju, piem\u0113ram, j\u016bsu pieteik\u0161an\u0101s inform\u0101ciju, un lai atvieglotu s\u0113rfo\u0161anu t\u012bmek\u013ca vietn\u0113. M\u016bsu s\u012bkfaili nevar identific\u0113t J\u016bs person\u012bgi.<\/p>\n\n\t\t<\/div>\n\t<\/div>\n<\/div><\/div><\/div><\/div><div class=\"vc_row wpb_row vc_row-fluid vc_custom_1583744312802 vc_row-o-equal-height vc_row-o-content-middle vc_row-flex\"><div class=\"wpb_column vc_column_container vc_col-sm-12 vc_col-md-offset-0 vc_col-sm-offset-0\"><div class=\"vc_column-inner\"><div class=\"wpb_wrapper\"><h2 style=\"font-size: 30px;color: #aaaaaa;text-align: left\" class=\"vc_custom_heading vc_custom_1677510396454 text-left\" >K\u0100 M\u0112S LIETOJAM S\u012aKFAILUS<\/h2>\n\t<div class=\"wpb_text_column wpb_content_element\" >\n\t\t<div class=\"wpb_wrapper\">\n\t\t\t<div style=\"text-align: justify;\">\n<p>Da\u017e\u0101diem m\u0113r\u0137iem m\u0113s izmantojam vair\u0101ku veidu s\u012bkfailus:<\/p>\n<ul>\n<li>Galvenie s\u012bkfaili: s\u012bkfaili tiek izmantoti, lai nodro\u0161in\u0101tu vietnes darb\u012bbu, t.i., lai \u013cautu jums izmantot m\u016bsu pakalpojumus un izveidotu savienojumu ar J\u016bsu kontu. \u0160ie s\u012bkfaili tiek izmantoti, pamatojoties uz m\u016bsu likum\u012bgaj\u0101m interes\u0113m, lai nodro\u0161in\u0101tu vietnes darb\u012bbu un sniegtu Jums pakalpojumus. Galvenie s\u012bkfaili tiek glab\u0101ti l\u012bdz br\u012bdim, kad aizverat p\u0101rl\u016bku, t.i., l\u012bdz sesijas beig\u0101m.<\/li>\n<li>Anal\u012btiskie s\u012bkfaili: \u013cauj atpaz\u012bt un uzskait\u012bt M\u0101jaslapas apmekl\u0113t\u0101ju skaitu un redz\u0113t, k\u0101 \u0161ie apmekl\u0113t\u0101ji p\u0101rvietojas M\u0101jaslap\u0101. \u0160o s\u012bkfailu izmanto\u0161anas pamat\u0101 ir m\u016bsu interese uzlabot m\u016bsu M\u0101jaslapas veiktsp\u0113ju, piem\u0113ram, nodro\u0161inot mekl\u0113\u0161anas iesp\u0113ju. Anal\u012btiskie s\u012bkfaili tiek saglab\u0101ti j\u016bsu ier\u012bc\u0113 past\u0101v\u012bgi.<\/li>\n<li>Funkcion\u0101lie s\u012bkfaili: \u013cauj M\u0101jaslapai atcer\u0113ties j\u016bsu izv\u0113l\u0113tos iestat\u012bjumus un j\u016bsu izv\u0113les, kas atvieglo M\u0101jaslapas izmanto\u0161anu, piem\u0113ram, ja v\u0113laties palikt M\u0101jaslap\u0101 ar savu profilu. \u0160ie s\u012bkfaili tiek izmantoti, pamatojoties uz m\u016bsu likum\u012bgaj\u0101m interes\u0113m, lai nodro\u0161in\u0101tu, uzlabotu un padar\u012btu m\u0101jas lapas lieto\u0161anu \u0113rt\u0101ku. Funkcion\u0101lie s\u012bkfaili tiek saglab\u0101ti j\u016bsu ier\u012bc\u0113 past\u0101v\u012bgi.<\/li>\n<li>M\u0113r\u0137auditorijas atlase \/ rekl\u0101mas s\u012bkfaili: tiek izmantoti, lai re\u0123istr\u0113tu j\u016bsu apmekl\u0113jumu, un n\u0101kotn\u0113 jums pied\u0101v\u0101tu m\u016bsu vai m\u016bsu biznesa partneru produktus un pakalpojumus atbilsto\u0161i j\u016bsu interes\u0113m. \u0160ie s\u012bkfaili tiek izmantoti, pamatojoties uz j\u016bsu piekri\u0161anu. Apmekl\u0113jot M\u0101jaslapu un izmantojot m\u016bsu sniegtos pakalpojumus, j\u016bs piekr\u012btat, ka tiek izmantoti m\u0113r\u0137auditorijas atlases \/ rekl\u0101mas s\u012bkfaili. M\u0113r\u0137auditorijas atlases \/ rekl\u0101mas s\u012bkfaili tiks saglab\u0101ti, l\u012bdz izdz\u0113s\u012bsiet s\u012bkfailus no p\u0101rl\u016bkprogrammas.<\/li>\n<\/ul>\n<p>S\u012bkfailus apstr\u0101d\u0101jam un sa\u0146emam m\u0113s un m\u016bsu biznesa partneri, kas nodro\u0161ina M\u0101jaslapas darb\u012bbu, apkopo un analiz\u0113 j\u016bsu darb\u012bbas M\u0101jaslap\u0101. S\u012bkfailu inform\u0101cija netiek p\u0101rs\u016bt\u012bta \u0101rpus Eiropas Savien\u012bbas un EEZ.<\/p>\n<\/div>\n\n\t\t<\/div>\n\t<\/div>\n<\/div><\/div><\/div><\/div><div class=\"vc_row wpb_row vc_row-fluid vc_custom_1583744318663 vc_row-o-equal-height vc_row-o-content-middle vc_row-flex\"><div class=\"wpb_column vc_column_container vc_col-sm-12 vc_col-md-offset-0 vc_col-sm-offset-0\"><div class=\"vc_column-inner\"><div class=\"wpb_wrapper\"><h2 style=\"font-size: 30px;color: #aaaaaa;text-align: left\" class=\"vc_custom_heading vc_custom_1677510443338 text-left\" >K\u0100 IEROBE\u017dOT UN DZ\u0112ST S\u012aKFAILUS<\/h2>\n\t<div class=\"wpb_text_column wpb_content_element\" >\n\t\t<div class=\"wpb_wrapper\">\n\t\t\t<div style=\"text-align: justify;\">\n<p>Ja v\u0113laties ierobe\u017eot, blo\u0137\u0113t vai izdz\u0113st s\u012bkfailus, j\u016bs to varat izdar\u012bt mainot izmantot\u0101s p\u0101rl\u016bkprogrammas iestat\u012bjumus. J\u016bs nevarat atteikties no galveno un funkcion\u0101lo s\u012bkfailu izmanto\u0161anas, jo bez tiem nav iesp\u0113jams nodro\u0161in\u0101t M\u0101jaslapas funkcionalit\u0101ti. J\u016bs nevarat ar\u012b atteikties no anal\u012btisko s\u012bkfailu izmanto\u0161anas, jo tie ir nepiecie\u0161ami, lai uzlabotu M\u0101jaslapas darb\u012bbu.<\/p>\n<p>M\u0113s izmantojam Google Analytics pakalpojumus. Varat atteikties no t\u0101 izmanto\u0161anas, lejupiel\u0101d\u0113jot un instal\u0113jot Google Analytics atteik\u0161an\u0101s p\u0101rl\u016bka papildinstrumentu.<\/p>\n<p>Lai ieg\u016btu papildus inform\u0101ciju par s\u012bkfailiem un to p\u0101rvald\u012bbu, l\u016bdzu, izlasiet inform\u0101ciju \u0161eit:\u00a0<a href=\"https:\/\/www.aboutcookies.org\/\" target=\"_blank\" rel=\"noopener noreferrer\">www.aboutcookies.org<\/a>.<\/p>\n<\/div>\n\n\t\t<\/div>\n\t<\/div>\n<\/div><\/div><\/div><\/div><div class=\"vc_row wpb_row vc_row-fluid vc_custom_1583744326940 vc_row-o-equal-height vc_row-o-content-middle vc_row-flex\"><div class=\"wpb_column vc_column_container vc_col-sm-12 vc_col-md-offset-0 vc_col-sm-offset-0\"><div class=\"vc_column-inner\"><div class=\"wpb_wrapper\"><h2 style=\"font-size: 30px;color: #aaaaaa;text-align: left\" class=\"vc_custom_heading vc_custom_1677510476384 text-left\" >IZMAI\u0145AS PRIV\u0100TUMA POLITIK\u0100<\/h2>\n\t<div class=\"wpb_text_column wpb_content_element\" >\n\t\t<div class=\"wpb_wrapper\">\n\t\t\t<div>\n<p>Mums ir ties\u012bbas jebkur\u0101 laik\u0101 veikt izmai\u0146as priv\u0101tuma politik\u0101, ievietojot t\u0101s M\u0101jaslap\u0101. Jebkura M\u0101jaslap\u0101 ievietot\u0101 priv\u0101tuma politikas versija aizvieto visas iepriek\u0161\u0113j\u0101s priv\u0101tuma politikas versijas, un t\u0101 st\u0101jas sp\u0113k\u0101 t\u016bl\u012bt p\u0113c public\u0113\u0161anas.<\/p>\n<\/div>\n\n\t\t<\/div>\n\t<\/div>\n<\/div><\/div><\/div><\/div><div class=\"vc_row wpb_row vc_row-fluid vc_custom_1583744336321 vc_row-o-equal-height vc_row-o-content-middle vc_row-flex\"><div class=\"wpb_column vc_column_container vc_col-sm-12 vc_col-md-offset-0 vc_col-sm-offset-0\"><div class=\"vc_column-inner\"><div class=\"wpb_wrapper\"><h2 style=\"font-size: 30px;color: #aaaaaa;text-align: left\" class=\"vc_custom_heading vc_custom_1677510507386 text-left\" >KONTAKTINFORM\u0100CIJA<\/h2>\n\t<div class=\"wpb_text_column wpb_content_element\" >\n\t\t<div class=\"wpb_wrapper\">\n\t\t\t<div style=\"text-align: justify;\">\n<p style=\"text-align: justify;\">Ja jums ir k\u0101di jaut\u0101jumi vai koment\u0101ri saist\u012bb\u0101 ar priv\u0101tuma politiku, l\u016bdzu, sazinieties ar mums, rakstot uz\u00a0<a href=\"mailto:hello@woolyorganic.com\">hello@woolyorganic.com<\/a> vai uz: WOOLY WORLD SIA, Strautu iela 1\/5, Liep\u0101ja, LV-3401, Latvija.<\/p>\n<\/div>\n\n\t\t<\/div>\n\t<\/div>\n<\/div><\/div><\/div><\/div>\n<\/div>","protected":false},"excerpt":{"rendered":"In this Privacy Policy any use of the word \u201cyou\u201d, \u201cyour\u201d or similar refers to any visitor of website\u00a0www.woolyorganic.com\u00a0(hereafter \u2013 Website). Such concepts as \u201cwe\u201d, \u201cour\u201d or similar refers to&hellip;","protected":false},"author":1,"featured_media":0,"parent":0,"menu_order":0,"comment_status":"closed","ping_status":"closed","template":"","meta":{"_acf_changed":false,"inline_featured_image":false,"iawp_total_views":72,"footnotes":""},"class_list":["post-3546482","page","type-page","status-publish","hentry"],"acf":[],"yoast_head":"<!-- This site is optimized with the Yoast SEO plugin v27.2 - https:\/\/yoast.com\/product\/yoast-seo-wordpress\/ -->\n<title>Privacy policy - Wooly Organic<\/title>\n<meta name=\"robots\" content=\"index, follow, max-snippet:-1, max-image-preview:large, max-video-preview:-1\" \/>\n<link rel=\"canonical\" href=\"https:\/\/woolyorganic.com\/lv\/privacy-policy\/\" \/>\n<meta property=\"og:locale\" content=\"lv_LV\" \/>\n<meta property=\"og:type\" content=\"article\" \/>\n<meta property=\"og:title\" content=\"Privacy policy - Wooly Organic\" \/>\n<meta property=\"og:url\" content=\"https:\/\/woolyorganic.com\/lv\/privacy-policy\/\" \/>\n<meta property=\"og:site_name\" content=\"Wooly Organic\" \/>\n<meta property=\"article:publisher\" content=\"https:\/\/www.facebook.com\/woolyorganic\" \/>\n<meta property=\"article:modified_time\" content=\"2023-02-27T15:09:00+00:00\" \/>\n<meta property=\"og:image\" content=\"https:\/\/woolyorganic.com\/wp-content\/uploads\/2023\/03\/KnmDNUd2.png\" \/>\n\t<meta property=\"og:image:width\" content=\"567\" \/>\n\t<meta property=\"og:image:height\" content=\"567\" \/>\n\t<meta property=\"og:image:type\" content=\"image\/png\" \/>\n<meta name=\"twitter:card\" content=\"summary_large_image\" \/>\n<meta name=\"twitter:label1\" content=\"Est. reading time\" \/>\n\t<meta name=\"twitter:data1\" content=\"5 min\u016btes\" \/>\n<script type=\"application\/ld+json\" class=\"yoast-schema-graph\">{\"@context\":\"https:\/\/schema.org\",\"@graph\":[{\"@type\":\"WebPage\",\"@id\":\"https:\/\/woolyorganic.com\/en\/privacy-policy\/\",\"url\":\"https:\/\/woolyorganic.com\/en\/privacy-policy\/\",\"name\":\"Privacy policy - Wooly Organic\",\"isPartOf\":{\"@id\":\"\/#website\"},\"datePublished\":\"2023-02-23T10:08:02+00:00\",\"dateModified\":\"2023-02-27T15:09:00+00:00\",\"breadcrumb\":{\"@id\":\"https:\/\/woolyorganic.com\/en\/privacy-policy\/#breadcrumb\"},\"inLanguage\":\"lv-LV\",\"potentialAction\":[{\"@type\":\"ReadAction\",\"target\":[\"https:\/\/woolyorganic.com\/en\/privacy-policy\/\"]}]},{\"@type\":\"BreadcrumbList\",\"@id\":\"https:\/\/woolyorganic.com\/en\/privacy-policy\/#breadcrumb\",\"itemListElement\":[{\"@type\":\"ListItem\",\"position\":1,\"name\":\"Home\",\"item\":\"https:\/\/woolyorganic.com\/\"},{\"@type\":\"ListItem\",\"position\":2,\"name\":\"Privacy policy\"}]},{\"@type\":\"WebSite\",\"@id\":\"\/#website\",\"url\":\"\/\",\"name\":\"Wooly Organic\",\"description\":\"Wooly Organic\",\"publisher\":{\"@id\":\"\/#organization\"},\"potentialAction\":[{\"@type\":\"SearchAction\",\"target\":{\"@type\":\"EntryPoint\",\"urlTemplate\":\"\/?s={search_term_string}\"},\"query-input\":{\"@type\":\"PropertyValueSpecification\",\"valueRequired\":true,\"valueName\":\"search_term_string\"}}],\"inLanguage\":\"lv-LV\"},{\"@type\":\"Organization\",\"@id\":\"\/#organization\",\"name\":\"Wooly Organic\",\"url\":\"\/\",\"logo\":{\"@type\":\"ImageObject\",\"inLanguage\":\"lv-LV\",\"@id\":\"\/#\/schema\/logo\/image\/\",\"url\":\"https:\/\/woolyorganic.com\/wp-content\/uploads\/2023\/03\/KnmDNUd2.png\",\"contentUrl\":\"https:\/\/woolyorganic.com\/wp-content\/uploads\/2023\/03\/KnmDNUd2.png\",\"width\":567,\"height\":567,\"caption\":\"Wooly Organic\"},\"image\":{\"@id\":\"\/#\/schema\/logo\/image\/\"},\"sameAs\":[\"https:\/\/www.facebook.com\/woolyorganic\",\"https:\/\/www.instagram.com\/woolyorganic\/\"]}]}<\/script>\n<!-- \/ Yoast SEO plugin. -->","yoast_head_json":{"title":"Privacy policy - Wooly Organic","robots":{"index":"index","follow":"follow","max-snippet":"max-snippet:-1","max-image-preview":"max-image-preview:large","max-video-preview":"max-video-preview:-1"},"canonical":"https:\/\/woolyorganic.com\/lv\/privacy-policy\/","og_locale":"lv_LV","og_type":"article","og_title":"Privacy policy - Wooly Organic","og_url":"https:\/\/woolyorganic.com\/lv\/privacy-policy\/","og_site_name":"Wooly Organic","article_publisher":"https:\/\/www.facebook.com\/woolyorganic","article_modified_time":"2023-02-27T15:09:00+00:00","og_image":[{"width":567,"height":567,"url":"https:\/\/woolyorganic.com\/wp-content\/uploads\/2023\/03\/KnmDNUd2.png","type":"image\/png"}],"twitter_card":"summary_large_image","twitter_misc":{"Est. reading time":"5 min\u016btes"},"schema":{"@context":"https:\/\/schema.org","@graph":[{"@type":"WebPage","@id":"https:\/\/woolyorganic.com\/en\/privacy-policy\/","url":"https:\/\/woolyorganic.com\/en\/privacy-policy\/","name":"Privacy policy - Wooly Organic","isPartOf":{"@id":"\/#website"},"datePublished":"2023-02-23T10:08:02+00:00","dateModified":"2023-02-27T15:09:00+00:00","breadcrumb":{"@id":"https:\/\/woolyorganic.com\/en\/privacy-policy\/#breadcrumb"},"inLanguage":"lv-LV","potentialAction":[{"@type":"ReadAction","target":["https:\/\/woolyorganic.com\/en\/privacy-policy\/"]}]},{"@type":"BreadcrumbList","@id":"https:\/\/woolyorganic.com\/en\/privacy-policy\/#breadcrumb","itemListElement":[{"@type":"ListItem","position":1,"name":"Home","item":"https:\/\/woolyorganic.com\/"},{"@type":"ListItem","position":2,"name":"Privacy policy"}]},{"@type":"WebSite","@id":"\/#website","url":"\/","name":"Wooly Organic","description":"Wooly Organic","publisher":{"@id":"\/#organization"},"potentialAction":[{"@type":"SearchAction","target":{"@type":"EntryPoint","urlTemplate":"\/?s={search_term_string}"},"query-input":{"@type":"PropertyValueSpecification","valueRequired":true,"valueName":"search_term_string"}}],"inLanguage":"lv-LV"},{"@type":"Organization","@id":"\/#organization","name":"Wooly Organic","url":"\/","logo":{"@type":"ImageObject","inLanguage":"lv-LV","@id":"\/#\/schema\/logo\/image\/","url":"https:\/\/woolyorganic.com\/wp-content\/uploads\/2023\/03\/KnmDNUd2.png","contentUrl":"https:\/\/woolyorganic.com\/wp-content\/uploads\/2023\/03\/KnmDNUd2.png","width":567,"height":567,"caption":"Wooly Organic"},"image":{"@id":"\/#\/schema\/logo\/image\/"},"sameAs":["https:\/\/www.facebook.com\/woolyorganic","https:\/\/www.instagram.com\/woolyorganic\/"]}]}},"_links":{"self":[{"href":"https:\/\/woolyorganic.com\/lv\/wp-json\/wp\/v2\/pages\/3546482","targetHints":{"allow":["GET"]}}],"collection":[{"href":"https:\/\/woolyorganic.com\/lv\/wp-json\/wp\/v2\/pages"}],"about":[{"href":"https:\/\/woolyorganic.com\/lv\/wp-json\/wp\/v2\/types\/page"}],"author":[{"embeddable":true,"href":"https:\/\/woolyorganic.com\/lv\/wp-json\/wp\/v2\/users\/1"}],"replies":[{"embeddable":true,"href":"https:\/\/woolyorganic.com\/lv\/wp-json\/wp\/v2\/comments?post=3546482"}],"version-history":[{"count":3,"href":"https:\/\/woolyorganic.com\/lv\/wp-json\/wp\/v2\/pages\/3546482\/revisions"}],"predecessor-version":[{"id":3546769,"href":"https:\/\/woolyorganic.com\/lv\/wp-json\/wp\/v2\/pages\/3546482\/revisions\/3546769"}],"wp:attachment":[{"href":"https:\/\/woolyorganic.com\/lv\/wp-json\/wp\/v2\/media?parent=3546482"}],"curies":[{"name":"wp","href":"https:\/\/api.w.org\/{rel}","templated":true}]}}