{"id":3512569,"date":"2021-03-16T11:04:41","date_gmt":"2021-03-16T11:04:41","guid":{"rendered":"https:\/\/woolyorganic.com\/?page_id=3512569"},"modified":"2023-02-28T19:30:05","modified_gmt":"2023-02-28T19:30:05","slug":"sizing-chart","status":"publish","type":"page","link":"https:\/\/woolyorganic.com\/lv\/sizing-chart\/","title":{"rendered":"Izm\u0113ru tabula"},"content":{"rendered":"<div class=\"wpb-content-wrapper\"><div class=\"vc_row wpb_row vc_row-fluid over-auto\"><div class=\"wpb_column vc_column_container vc_col-sm-12\"><div class=\"vc_column-inner\"><div class=\"wpb_wrapper\">\n\t<div class=\"wpb_text_column wpb_content_element\" >\n\t\t<div class=\"wpb_wrapper\">\n\t\t\t\n<table id=\"tablepress-1\" class=\"tablepress tablepress-id-1\">\n<thead>\n<tr class=\"row-1\">\n\t<th class=\"column-1\">Vecums<\/th><th class=\"column-2\">Ap\u0123\u0113rba izm\u0113rs<\/th><th class=\"column-3\">Cepures izm\u0113rs<\/th><th class=\"column-4\">Z\u0101baku izm\u0113rs<\/th><th class=\"column-5\">Aksesu\u0101ri<\/th>\n<\/tr>\n<\/thead>\n<tbody class=\"row-striping row-hover\">\n<tr class=\"row-2\">\n\t<td class=\"column-1\">Jaundzimu\u0161ais<\/td><td class=\"column-2\">50\/56<\/td><td class=\"column-3\">36\/38<\/td><td class=\"column-4\">-<\/td><td class=\"column-5\"><\/td>\n<\/tr>\n<tr class=\"row-3\">\n\t<td class=\"column-1\">0-2 m\u0113ne\u0161i<\/td><td class=\"column-2\">56\/62<\/td><td class=\"column-3\">38\/40<\/td><td class=\"column-4\">8<\/td><td class=\"column-5\">-<\/td>\n<\/tr>\n<tr class=\"row-4\">\n\t<td class=\"column-1\">2-4 m\u0113ne\u0161i<\/td><td class=\"column-2\">62\/68<\/td><td class=\"column-3\">40\/42<\/td><td class=\"column-4\">10<\/td><td class=\"column-5\"><\/td>\n<\/tr>\n<tr class=\"row-5\">\n\t<td class=\"column-1\">4-6 m\u0113ne\u0161i<\/td><td class=\"column-2\">68\/74<\/td><td class=\"column-3\">42\/44<\/td><td class=\"column-4\">12<\/td><td class=\"column-5\"><\/td>\n<\/tr>\n<tr class=\"row-6\">\n\t<td class=\"column-1\">7-9 m\u0113ne\u0161i<\/td><td class=\"column-2\">74\/80<\/td><td class=\"column-3\">44\/48<\/td><td class=\"column-4\">-<\/td><td class=\"column-5\">Z\u012aDAINIS (-B-)<\/td>\n<\/tr>\n<tr class=\"row-7\">\n\t<td class=\"column-1\">10-12 m\u0113ne\u0161i<\/td><td class=\"column-2\">80\/86<\/td><td class=\"column-3\">48\/50<\/td><td class=\"column-4\">-<\/td><td class=\"column-5\"><\/td>\n<\/tr>\n<tr class=\"row-8\">\n\t<td class=\"column-1\">12-18 m\u0113ne\u0161i<\/td><td class=\"column-2\">86\/92<\/td><td class=\"column-3\">48\/50<\/td><td class=\"column-4\">-<\/td><td class=\"column-5\"><\/td>\n<\/tr>\n<tr class=\"row-9\">\n\t<td class=\"column-1\">18-24 m\u0113ne\u0161i<\/td><td class=\"column-2\">92\/98<\/td><td class=\"column-3\">50\/52<\/td><td class=\"column-4\">-<\/td><td class=\"column-5\">MAZULIS (-T-)<\/td>\n<\/tr>\n<tr class=\"row-10\">\n\t<td class=\"column-1\">2-3 gadi<\/td><td class=\"column-2\">98\/104<\/td><td class=\"column-3\">50\/52<\/td><td class=\"column-4\">-<\/td><td class=\"column-5\"><\/td>\n<\/tr>\n<tr class=\"row-11\">\n\t<td class=\"column-1\">3-4 gadi<\/td><td class=\"column-2\">104\/110<\/td><td class=\"column-3\">52\/54<\/td><td class=\"column-4\">-<\/td><td class=\"column-5\"><\/td>\n<\/tr>\n<tr class=\"row-12\">\n\t<td class=\"column-1\">4-5 years<\/td><td class=\"column-2\">110\/116<\/td><td class=\"column-3\">52\/54<\/td><td class=\"column-4\">-<\/td><td class=\"column-5\">B\u0112RNS (-K-)<\/td>\n<\/tr>\n<tr class=\"row-13\">\n\t<td class=\"column-1\">5-6 years<\/td><td class=\"column-2\">116\/122<\/td><td class=\"column-3\">52\/54<\/td><td class=\"column-4\">-<\/td><td class=\"column-5\"><\/td>\n<\/tr>\n<\/tbody>\n<\/table>\n<!-- #tablepress-1 from cache -->\n\n\t\t<\/div>\n\t<\/div>\n<\/div><\/div><\/div><\/div>\n<\/div>","protected":false},"excerpt":{"rendered":"AgeClothes sizeHat sizeBoots sizeAccessories New born50\/5636\/38- 0-2 months56\/6238\/408- 2-4 months62\/6840\/4210 4-6 months68\/7442\/4412 7-9 months74\/8044\/48-BABY (-B-) 10-12 months80\/8648\/50- 12-18 months86\/9248\/50- 18-24 months92\/9850\/52-TODDLER (-T-) 2-3 years98\/10450\/52- 3-4 years104\/11052\/54- 4-5 years110\/11652\/54-KIDS (-K-) 5-6&hellip;","protected":false},"author":1,"featured_media":0,"parent":0,"menu_order":0,"comment_status":"closed","ping_status":"closed","template":"","meta":{"_acf_changed":false,"inline_featured_image":false,"iawp_total_views":681,"footnotes":""},"class_list":["post-3512569","page","type-page","status-publish","hentry"],"acf":[],"yoast_head":"<!-- This site is optimized with the Yoast SEO plugin v27.2 - https:\/\/yoast.com\/product\/yoast-seo-wordpress\/ -->\n<title>Size chart - Wooly Organic<\/title>\n<meta name=\"robots\" content=\"index, follow, max-snippet:-1, max-image-preview:large, max-video-preview:-1\" \/>\n<link rel=\"canonical\" href=\"https:\/\/woolyorganic.com\/lv\/sizing-chart\/\" \/>\n<meta property=\"og:locale\" content=\"lv_LV\" \/>\n<meta property=\"og:type\" content=\"article\" \/>\n<meta property=\"og:title\" content=\"Size chart - Wooly Organic\" \/>\n<meta property=\"og:url\" content=\"https:\/\/woolyorganic.com\/lv\/sizing-chart\/\" \/>\n<meta property=\"og:site_name\" content=\"Wooly Organic\" \/>\n<meta property=\"article:publisher\" content=\"https:\/\/www.facebook.com\/woolyorganic\" \/>\n<meta property=\"article:modified_time\" content=\"2023-02-28T19:30:05+00:00\" \/>\n<meta property=\"og:image\" content=\"https:\/\/woolyorganic.com\/wp-content\/uploads\/2023\/03\/KnmDNUd2.png\" \/>\n\t<meta property=\"og:image:width\" content=\"567\" \/>\n\t<meta property=\"og:image:height\" content=\"567\" \/>\n\t<meta property=\"og:image:type\" content=\"image\/png\" \/>\n<meta name=\"twitter:card\" content=\"summary_large_image\" \/>\n<script type=\"application\/ld+json\" class=\"yoast-schema-graph\">{\"@context\":\"https:\/\/schema.org\",\"@graph\":[{\"@type\":\"WebPage\",\"@id\":\"https:\/\/woolyorganic.com\/en\/sizing-chart\/\",\"url\":\"https:\/\/woolyorganic.com\/en\/sizing-chart\/\",\"name\":\"Size chart - Wooly Organic\",\"isPartOf\":{\"@id\":\"\/#website\"},\"datePublished\":\"2021-03-16T11:04:41+00:00\",\"dateModified\":\"2023-02-28T19:30:05+00:00\",\"breadcrumb\":{\"@id\":\"https:\/\/woolyorganic.com\/en\/sizing-chart\/#breadcrumb\"},\"inLanguage\":\"lv-LV\",\"potentialAction\":[{\"@type\":\"ReadAction\",\"target\":[\"https:\/\/woolyorganic.com\/en\/sizing-chart\/\"]}]},{\"@type\":\"BreadcrumbList\",\"@id\":\"https:\/\/woolyorganic.com\/en\/sizing-chart\/#breadcrumb\",\"itemListElement\":[{\"@type\":\"ListItem\",\"position\":1,\"name\":\"Home\",\"item\":\"https:\/\/woolyorganic.com\/\"},{\"@type\":\"ListItem\",\"position\":2,\"name\":\"Size chart\"}]},{\"@type\":\"WebSite\",\"@id\":\"\/#website\",\"url\":\"\/\",\"name\":\"Wooly Organic\",\"description\":\"Wooly Organic\",\"publisher\":{\"@id\":\"\/#organization\"},\"potentialAction\":[{\"@type\":\"SearchAction\",\"target\":{\"@type\":\"EntryPoint\",\"urlTemplate\":\"\/?s={search_term_string}\"},\"query-input\":{\"@type\":\"PropertyValueSpecification\",\"valueRequired\":true,\"valueName\":\"search_term_string\"}}],\"inLanguage\":\"lv-LV\"},{\"@type\":\"Organization\",\"@id\":\"\/#organization\",\"name\":\"Wooly Organic\",\"url\":\"\/\",\"logo\":{\"@type\":\"ImageObject\",\"inLanguage\":\"lv-LV\",\"@id\":\"\/#\/schema\/logo\/image\/\",\"url\":\"https:\/\/woolyorganic.com\/wp-content\/uploads\/2023\/03\/KnmDNUd2.png\",\"contentUrl\":\"https:\/\/woolyorganic.com\/wp-content\/uploads\/2023\/03\/KnmDNUd2.png\",\"width\":567,\"height\":567,\"caption\":\"Wooly Organic\"},\"image\":{\"@id\":\"\/#\/schema\/logo\/image\/\"},\"sameAs\":[\"https:\/\/www.facebook.com\/woolyorganic\",\"https:\/\/www.instagram.com\/woolyorganic\/\"]}]}<\/script>\n<!-- \/ Yoast SEO plugin. -->","yoast_head_json":{"title":"Size chart - Wooly Organic","robots":{"index":"index","follow":"follow","max-snippet":"max-snippet:-1","max-image-preview":"max-image-preview:large","max-video-preview":"max-video-preview:-1"},"canonical":"https:\/\/woolyorganic.com\/lv\/sizing-chart\/","og_locale":"lv_LV","og_type":"article","og_title":"Size chart - Wooly Organic","og_url":"https:\/\/woolyorganic.com\/lv\/sizing-chart\/","og_site_name":"Wooly Organic","article_publisher":"https:\/\/www.facebook.com\/woolyorganic","article_modified_time":"2023-02-28T19:30:05+00:00","og_image":[{"width":567,"height":567,"url":"https:\/\/woolyorganic.com\/wp-content\/uploads\/2023\/03\/KnmDNUd2.png","type":"image\/png"}],"twitter_card":"summary_large_image","schema":{"@context":"https:\/\/schema.org","@graph":[{"@type":"WebPage","@id":"https:\/\/woolyorganic.com\/en\/sizing-chart\/","url":"https:\/\/woolyorganic.com\/en\/sizing-chart\/","name":"Size chart - Wooly Organic","isPartOf":{"@id":"\/#website"},"datePublished":"2021-03-16T11:04:41+00:00","dateModified":"2023-02-28T19:30:05+00:00","breadcrumb":{"@id":"https:\/\/woolyorganic.com\/en\/sizing-chart\/#breadcrumb"},"inLanguage":"lv-LV","potentialAction":[{"@type":"ReadAction","target":["https:\/\/woolyorganic.com\/en\/sizing-chart\/"]}]},{"@type":"BreadcrumbList","@id":"https:\/\/woolyorganic.com\/en\/sizing-chart\/#breadcrumb","itemListElement":[{"@type":"ListItem","position":1,"name":"Home","item":"https:\/\/woolyorganic.com\/"},{"@type":"ListItem","position":2,"name":"Size chart"}]},{"@type":"WebSite","@id":"\/#website","url":"\/","name":"Wooly Organic","description":"Wooly Organic","publisher":{"@id":"\/#organization"},"potentialAction":[{"@type":"SearchAction","target":{"@type":"EntryPoint","urlTemplate":"\/?s={search_term_string}"},"query-input":{"@type":"PropertyValueSpecification","valueRequired":true,"valueName":"search_term_string"}}],"inLanguage":"lv-LV"},{"@type":"Organization","@id":"\/#organization","name":"Wooly Organic","url":"\/","logo":{"@type":"ImageObject","inLanguage":"lv-LV","@id":"\/#\/schema\/logo\/image\/","url":"https:\/\/woolyorganic.com\/wp-content\/uploads\/2023\/03\/KnmDNUd2.png","contentUrl":"https:\/\/woolyorganic.com\/wp-content\/uploads\/2023\/03\/KnmDNUd2.png","width":567,"height":567,"caption":"Wooly Organic"},"image":{"@id":"\/#\/schema\/logo\/image\/"},"sameAs":["https:\/\/www.facebook.com\/woolyorganic","https:\/\/www.instagram.com\/woolyorganic\/"]}]}},"_links":{"self":[{"href":"https:\/\/woolyorganic.com\/lv\/wp-json\/wp\/v2\/pages\/3512569","targetHints":{"allow":["GET"]}}],"collection":[{"href":"https:\/\/woolyorganic.com\/lv\/wp-json\/wp\/v2\/pages"}],"about":[{"href":"https:\/\/woolyorganic.com\/lv\/wp-json\/wp\/v2\/types\/page"}],"author":[{"embeddable":true,"href":"https:\/\/woolyorganic.com\/lv\/wp-json\/wp\/v2\/users\/1"}],"replies":[{"embeddable":true,"href":"https:\/\/woolyorganic.com\/lv\/wp-json\/wp\/v2\/comments?post=3512569"}],"version-history":[{"count":1,"href":"https:\/\/woolyorganic.com\/lv\/wp-json\/wp\/v2\/pages\/3512569\/revisions"}],"predecessor-version":[{"id":3546903,"href":"https:\/\/woolyorganic.com\/lv\/wp-json\/wp\/v2\/pages\/3512569\/revisions\/3546903"}],"wp:attachment":[{"href":"https:\/\/woolyorganic.com\/lv\/wp-json\/wp\/v2\/media?parent=3512569"}],"curies":[{"name":"wp","href":"https:\/\/api.w.org\/{rel}","templated":true}]}}