{"id":3554054,"date":"2023-09-28T09:54:21","date_gmt":"2023-09-28T09:54:21","guid":{"rendered":"https:\/\/woolyorganic.com\/?post_type=product&#038;p=3554054"},"modified":"2024-12-02T09:00:08","modified_gmt":"2024-12-02T09:00:08","slug":"book-ricijs-ru-un-draugi","status":"publish","type":"product","link":"https:\/\/woolyorganic.com\/en\/shop-product\/shop-all\/book-ricijs-ru-un-draugi\/","title":{"rendered":"BOOK &#8220;RI\u010cIJS R\u016a UN DRAUGI&#8221;"},"content":{"rendered":"<p>12 heartwarming and enlightening stories will lead you into the world of new adventures of the bear Ri\u010dijs R\u016b and his friends. Idea by R\u016bta Reinika Preisa. Fairy tale authors L\u012bga Rozent\u0101le (2nd &#8211; 12th) and Krist\u012bne Spure (1st). Illustrations by Guna Mi\u0137elsone, Graphic designer Monta Arnolde.\u00a0Language: Latvian<\/p>\n","protected":false},"excerpt":{"rendered":"<p>12 heartwarming and enlightening stories will lead you into the world of new adventures of the bear Ri\u010dijs R\u016b and his friends. Idea by R\u016bta Reinika Preisa. Fairy tale authors&hellip;<\/p>\n","protected":false},"featured_media":3554056,"comment_status":"closed","ping_status":"closed","template":"","meta":{"_acf_changed":false,"inline_featured_image":false,"iawp_total_views":22},"product_brand":[],"product_cat":[769,15],"product_tag":[762],"giftcard-category":[],"class_list":{"0":"post-3554054","1":"product","2":"type-product","3":"status-publish","4":"has-post-thumbnail","6":"product_cat-ricijs-ru","7":"product_cat-shop-all","8":"product_tag-ricijs-ru","10":"first","11":"outofstock","12":"taxable","13":"shipping-taxable","14":"purchasable","15":"product-type-simple","16":"layout-style-6","17":"col-md-4 col-sm-4 col-xs-6","18":"col-lg-3","19":"product-has-gallery","20":"product-style-addtocart"},"bundled_by":[],"bundle_stock_status":"outofstock","bundle_stock_quantity":0,"bundle_virtual":false,"bundle_layout":"","bundle_add_to_cart_form_location":"","bundle_editable_in_cart":false,"bundle_sold_individually_context":"","bundle_item_grouping":"","bundle_min_size":"","bundle_max_size":"","bundle_price":[],"bundled_items":[],"bundle_sell_ids":[],"acf":[],"yoast_head":"<!-- This site is optimized with the Yoast SEO plugin v27.2 - https:\/\/yoast.com\/product\/yoast-seo-wordpress\/ -->\n<title>BOOK &quot;RI\u010cIJS R\u016a UN DRAUGI&quot; - Wooly Organic<\/title>\n<meta name=\"robots\" content=\"index, follow, max-snippet:-1, max-image-preview:large, max-video-preview:-1\" \/>\n<link rel=\"canonical\" href=\"https:\/\/woolyorganic.com\/en\/shop-product\/shop-all\/book-ricijs-ru-un-draugi\/\" \/>\n<meta property=\"og:locale\" content=\"en_US\" \/>\n<meta property=\"og:type\" content=\"article\" \/>\n<meta property=\"og:title\" content=\"BOOK &quot;RI\u010cIJS R\u016a UN DRAUGI&quot; - Wooly Organic\" \/>\n<meta property=\"og:description\" content=\"12 heartwarming and enlightening stories will lead you into the world of new adventures of the bear Ri\u010dijs R\u016b and his friends. Idea by R\u016bta Reinika Preisa. Fairy tale authors&hellip;\" \/>\n<meta property=\"og:url\" content=\"https:\/\/woolyorganic.com\/en\/shop-product\/shop-all\/book-ricijs-ru-un-draugi\/\" \/>\n<meta property=\"og:site_name\" content=\"Wooly Organic\" \/>\n<meta property=\"article:publisher\" content=\"https:\/\/www.facebook.com\/woolyorganic\" \/>\n<meta property=\"article:modified_time\" content=\"2024-12-02T09:00:08+00:00\" \/>\n<meta property=\"og:image\" content=\"https:\/\/woolyorganic.com\/wp-content\/uploads\/2023\/09\/kvadrats4.jpg\" \/>\n\t<meta property=\"og:image:width\" content=\"1500\" \/>\n\t<meta property=\"og:image:height\" content=\"1500\" \/>\n\t<meta property=\"og:image:type\" content=\"image\/jpeg\" \/>\n<meta name=\"twitter:card\" content=\"summary_large_image\" \/>\n<meta name=\"twitter:label1\" content=\"Est. reading time\" \/>\n\t<meta name=\"twitter:data1\" content=\"1 minute\" \/>\n<script type=\"application\/ld+json\" class=\"yoast-schema-graph\">{\"@context\":\"https:\/\/schema.org\",\"@graph\":[{\"@type\":\"WebPage\",\"@id\":\"https:\/\/woolyorganic.com\/en\/shop-product\/shop-all\/book-ricijs-ru-un-draugi\/\",\"url\":\"https:\/\/woolyorganic.com\/en\/shop-product\/shop-all\/book-ricijs-ru-un-draugi\/\",\"name\":\"BOOK \\\"RI\u010cIJS R\u016a UN DRAUGI\\\" - Wooly Organic\",\"isPartOf\":{\"@id\":\"\/#website\"},\"primaryImageOfPage\":{\"@id\":\"https:\/\/woolyorganic.com\/en\/shop-product\/shop-all\/book-ricijs-ru-un-draugi\/#primaryimage\"},\"image\":{\"@id\":\"https:\/\/woolyorganic.com\/en\/shop-product\/shop-all\/book-ricijs-ru-un-draugi\/#primaryimage\"},\"thumbnailUrl\":\"https:\/\/woolyorganic.com\/wp-content\/uploads\/2023\/09\/kvadrats4.jpg\",\"datePublished\":\"2023-09-28T09:54:21+00:00\",\"dateModified\":\"2024-12-02T09:00:08+00:00\",\"breadcrumb\":{\"@id\":\"https:\/\/woolyorganic.com\/en\/shop-product\/shop-all\/book-ricijs-ru-un-draugi\/#breadcrumb\"},\"inLanguage\":\"en-US\",\"potentialAction\":[{\"@type\":\"ReadAction\",\"target\":[\"https:\/\/woolyorganic.com\/en\/shop-product\/shop-all\/book-ricijs-ru-un-draugi\/\"]}]},{\"@type\":\"ImageObject\",\"inLanguage\":\"en-US\",\"@id\":\"https:\/\/woolyorganic.com\/en\/shop-product\/shop-all\/book-ricijs-ru-un-draugi\/#primaryimage\",\"url\":\"https:\/\/woolyorganic.com\/wp-content\/uploads\/2023\/09\/kvadrats4.jpg\",\"contentUrl\":\"https:\/\/woolyorganic.com\/wp-content\/uploads\/2023\/09\/kvadrats4.jpg\",\"width\":1500,\"height\":1500},{\"@type\":\"BreadcrumbList\",\"@id\":\"https:\/\/woolyorganic.com\/en\/shop-product\/shop-all\/book-ricijs-ru-un-draugi\/#breadcrumb\",\"itemListElement\":[{\"@type\":\"ListItem\",\"position\":1,\"name\":\"Home\",\"item\":\"https:\/\/woolyorganic.com\/\"},{\"@type\":\"ListItem\",\"position\":2,\"name\":\"BOOK &#8220;RI\u010cIJS R\u016a UN DRAUGI&#8221;\"}]},{\"@type\":\"WebSite\",\"@id\":\"\/#website\",\"url\":\"\/\",\"name\":\"Wooly Organic\",\"description\":\"Wooly Organic\",\"publisher\":{\"@id\":\"\/#organization\"},\"potentialAction\":[{\"@type\":\"SearchAction\",\"target\":{\"@type\":\"EntryPoint\",\"urlTemplate\":\"\/?s={search_term_string}\"},\"query-input\":{\"@type\":\"PropertyValueSpecification\",\"valueRequired\":true,\"valueName\":\"search_term_string\"}}],\"inLanguage\":\"en-US\"},{\"@type\":\"Organization\",\"@id\":\"\/#organization\",\"name\":\"Wooly Organic\",\"url\":\"\/\",\"logo\":{\"@type\":\"ImageObject\",\"inLanguage\":\"en-US\",\"@id\":\"\/#\/schema\/logo\/image\/\",\"url\":\"https:\/\/woolyorganic.com\/wp-content\/uploads\/2023\/03\/KnmDNUd2.png\",\"contentUrl\":\"https:\/\/woolyorganic.com\/wp-content\/uploads\/2023\/03\/KnmDNUd2.png\",\"width\":567,\"height\":567,\"caption\":\"Wooly Organic\"},\"image\":{\"@id\":\"\/#\/schema\/logo\/image\/\"},\"sameAs\":[\"https:\/\/www.facebook.com\/woolyorganic\",\"https:\/\/www.instagram.com\/woolyorganic\/\"]}]}<\/script>\n<!-- \/ Yoast SEO plugin. -->","yoast_head_json":{"title":"BOOK \"RI\u010cIJS R\u016a UN DRAUGI\" - Wooly Organic","robots":{"index":"index","follow":"follow","max-snippet":"max-snippet:-1","max-image-preview":"max-image-preview:large","max-video-preview":"max-video-preview:-1"},"canonical":"https:\/\/woolyorganic.com\/en\/shop-product\/shop-all\/book-ricijs-ru-un-draugi\/","og_locale":"en_US","og_type":"article","og_title":"BOOK \"RI\u010cIJS R\u016a UN DRAUGI\" - Wooly Organic","og_description":"12 heartwarming and enlightening stories will lead you into the world of new adventures of the bear Ri\u010dijs R\u016b and his friends. Idea by R\u016bta Reinika Preisa. Fairy tale authors&hellip;","og_url":"https:\/\/woolyorganic.com\/en\/shop-product\/shop-all\/book-ricijs-ru-un-draugi\/","og_site_name":"Wooly Organic","article_publisher":"https:\/\/www.facebook.com\/woolyorganic","article_modified_time":"2024-12-02T09:00:08+00:00","og_image":[{"width":1500,"height":1500,"url":"https:\/\/woolyorganic.com\/wp-content\/uploads\/2023\/09\/kvadrats4.jpg","type":"image\/jpeg"}],"twitter_card":"summary_large_image","twitter_misc":{"Est. reading time":"1 minute"},"schema":{"@context":"https:\/\/schema.org","@graph":[{"@type":"WebPage","@id":"https:\/\/woolyorganic.com\/en\/shop-product\/shop-all\/book-ricijs-ru-un-draugi\/","url":"https:\/\/woolyorganic.com\/en\/shop-product\/shop-all\/book-ricijs-ru-un-draugi\/","name":"BOOK \"RI\u010cIJS R\u016a UN DRAUGI\" - Wooly Organic","isPartOf":{"@id":"\/#website"},"primaryImageOfPage":{"@id":"https:\/\/woolyorganic.com\/en\/shop-product\/shop-all\/book-ricijs-ru-un-draugi\/#primaryimage"},"image":{"@id":"https:\/\/woolyorganic.com\/en\/shop-product\/shop-all\/book-ricijs-ru-un-draugi\/#primaryimage"},"thumbnailUrl":"https:\/\/woolyorganic.com\/wp-content\/uploads\/2023\/09\/kvadrats4.jpg","datePublished":"2023-09-28T09:54:21+00:00","dateModified":"2024-12-02T09:00:08+00:00","breadcrumb":{"@id":"https:\/\/woolyorganic.com\/en\/shop-product\/shop-all\/book-ricijs-ru-un-draugi\/#breadcrumb"},"inLanguage":"en-US","potentialAction":[{"@type":"ReadAction","target":["https:\/\/woolyorganic.com\/en\/shop-product\/shop-all\/book-ricijs-ru-un-draugi\/"]}]},{"@type":"ImageObject","inLanguage":"en-US","@id":"https:\/\/woolyorganic.com\/en\/shop-product\/shop-all\/book-ricijs-ru-un-draugi\/#primaryimage","url":"https:\/\/woolyorganic.com\/wp-content\/uploads\/2023\/09\/kvadrats4.jpg","contentUrl":"https:\/\/woolyorganic.com\/wp-content\/uploads\/2023\/09\/kvadrats4.jpg","width":1500,"height":1500},{"@type":"BreadcrumbList","@id":"https:\/\/woolyorganic.com\/en\/shop-product\/shop-all\/book-ricijs-ru-un-draugi\/#breadcrumb","itemListElement":[{"@type":"ListItem","position":1,"name":"Home","item":"https:\/\/woolyorganic.com\/"},{"@type":"ListItem","position":2,"name":"BOOK &#8220;RI\u010cIJS R\u016a UN DRAUGI&#8221;"}]},{"@type":"WebSite","@id":"\/#website","url":"\/","name":"Wooly Organic","description":"Wooly Organic","publisher":{"@id":"\/#organization"},"potentialAction":[{"@type":"SearchAction","target":{"@type":"EntryPoint","urlTemplate":"\/?s={search_term_string}"},"query-input":{"@type":"PropertyValueSpecification","valueRequired":true,"valueName":"search_term_string"}}],"inLanguage":"en-US"},{"@type":"Organization","@id":"\/#organization","name":"Wooly Organic","url":"\/","logo":{"@type":"ImageObject","inLanguage":"en-US","@id":"\/#\/schema\/logo\/image\/","url":"https:\/\/woolyorganic.com\/wp-content\/uploads\/2023\/03\/KnmDNUd2.png","contentUrl":"https:\/\/woolyorganic.com\/wp-content\/uploads\/2023\/03\/KnmDNUd2.png","width":567,"height":567,"caption":"Wooly Organic"},"image":{"@id":"\/#\/schema\/logo\/image\/"},"sameAs":["https:\/\/www.facebook.com\/woolyorganic","https:\/\/www.instagram.com\/woolyorganic\/"]}]}},"_links":{"self":[{"href":"https:\/\/woolyorganic.com\/en\/wp-json\/wp\/v2\/product\/3554054","targetHints":{"allow":["GET"]}}],"collection":[{"href":"https:\/\/woolyorganic.com\/en\/wp-json\/wp\/v2\/product"}],"about":[{"href":"https:\/\/woolyorganic.com\/en\/wp-json\/wp\/v2\/types\/product"}],"replies":[{"embeddable":true,"href":"https:\/\/woolyorganic.com\/en\/wp-json\/wp\/v2\/comments?post=3554054"}],"wp:featuredmedia":[{"embeddable":true,"href":"https:\/\/woolyorganic.com\/en\/wp-json\/wp\/v2\/media\/3554056"}],"wp:attachment":[{"href":"https:\/\/woolyorganic.com\/en\/wp-json\/wp\/v2\/media?parent=3554054"}],"wp:term":[{"taxonomy":"product_brand","embeddable":true,"href":"https:\/\/woolyorganic.com\/en\/wp-json\/wp\/v2\/product_brand?post=3554054"},{"taxonomy":"product_cat","embeddable":true,"href":"https:\/\/woolyorganic.com\/en\/wp-json\/wp\/v2\/product_cat?post=3554054"},{"taxonomy":"product_tag","embeddable":true,"href":"https:\/\/woolyorganic.com\/en\/wp-json\/wp\/v2\/product_tag?post=3554054"},{"taxonomy":"giftcard-category","embeddable":true,"href":"https:\/\/woolyorganic.com\/en\/wp-json\/wp\/v2\/giftcard-category?post=3554054"}],"curies":[{"name":"wp","href":"https:\/\/api.w.org\/{rel}","templated":true}]}}